{"id":16731,"date":"2022-11-08T08:30:21","date_gmt":"2022-11-08T08:30:21","guid":{"rendered":"https:\/\/www.temaitaly.com\/empresa\/"},"modified":"2025-08-25T08:54:31","modified_gmt":"2025-08-25T08:54:31","slug":"empresa","status":"publish","type":"page","link":"https:\/\/www.temaitaly.com\/es\/empresa\/","title":{"rendered":"Empresa"},"content":{"rendered":"<p>[vc_row css=\u00bb.vc_custom_1756112063063{margin-top: 50px !important;}\u00bb][vc_column width=\u00bb2\/3&#8243;][vc_custom_heading text=\u00bbUNA HISTORIA QUE NOS DISTINGUE\u00bb font_container=\u00bbtag:h2|font_size:30|text_align:left|color:%232c3e50&#8243; google_fonts=\u00bbfont_family:Lato%3A100%2C100italic%2C300%2C300italic%2Cregular%2Citalic%2C700%2C700italic%2C900%2C900italic|font_style:900%20bold%20regular%3A900%3Anormal\u00bb css=\u00bb.vc_custom_1659607827390{margin-top: 0px !important;margin-bottom: 19px !important;padding-top: 0px !important;}\u00bb el_class=\u00bbletterspacing-2-5&#8243;][vc_custom_heading text=\u00bbIl gruppo TE.M.A. \u00e8 attivo dal 1985 nel campo della progettazione, realizzazione e commercializzazione di macchinari, strumenti e prodotti destinati alla tesatura di cavi.<br \/>\nTE.M.A. opera con un approccio innovativo per fornire tecnologie moderne e soluzioni integrate nelle fasi di progettazione, costruzione e manutenzione di attrezzatura e macchinari destinati al settore della tesatura e posa cavi.\u00bb font_container=\u00bbtag:h3|text_align:left|line_height:36px\u00bb google_fonts=\u00bbfont_family:Roboto%3A100%2C100italic%2C300%2C300italic%2Cregular%2Citalic%2C500%2C500italic%2C700%2C700italic%2C900%2C900italic|font_style:400%20regular%3A400%3Anormal\u00bb css=\u00bb.vc_custom_1659607817355{margin-bottom: 15px !important;}\u00bb][\/vc_column][vc_column width=\u00bb1\/3&#8243;][vc_column_text font_size=\u00bb18&#8243; line_height=\u00bb30&#8243; css=\u00bb.vc_custom_1659607837942{margin-bottom: 0px !important;}\u00bb]El camino que ha llevado a TE.M.A. a ser una de las realidades m\u00e1s importantes en estas \u00e1reas de producci\u00f3n es el resultado de una visi\u00f3n clara y de una serie de decisiones empresariales con visi\u00f3n de futuro. En todos estos a\u00f1os de actividad, TE.M.A. ha sabido interpretar con prontitud las necesidades del sector en el que opera y ha realizado importantes aportaciones t\u00e9cnicas a su evoluci\u00f3n.[\/vc_column_text][\/vc_column][\/vc_row][vc_row type=\u00bbfull-width-section\u00bb css=\u00bb.vc_custom_1659608411943{margin-bottom: 0px !important;padding-top: 60px !important;padding-bottom: 60px !important;background-color: #f2f2f2 !important;}\u00bb][vc_column width=\u00bb1\/2&#8243;][vc_single_image image=\u00bb18692&#8243; img_size=\u00bbfull\u00bb][\/vc_column][vc_column width=\u00bb1\/2&#8243;][vc_custom_heading text=\u00bbNuestra empresa\u00bb font_container=\u00bbtag:h2|font_size:26|text_align:left\u00bb google_fonts=\u00bbfont_family:Roboto%3A100%2C100italic%2C300%2C300italic%2Cregular%2Citalic%2C500%2C500italic%2C700%2C700italic%2C900%2C900italic|font_style:500%20bold%20regular%3A500%3Anormal\u00bb css=\u00bb.vc_custom_1659608125569{margin-bottom: 17px !important;}\u00bb][vc_column_text css=\u00bb.vc_custom_1659608164412{margin-bottom: 25px !important;}\u00bb]<strong>TE.M.A. \u00e8 un\u2019azienda che si caratterizza per l\u2019elevato grado di preparazione del personale e per la sua versatilit\u00e0 nel compimento di ogni lavoro.<\/strong> Le procedure direttive ed esecutive sono razionalmente organizzate per rispondere alle esigenze di un mercato in continua fase d\u2019innovazione.<\/p>\n<p>TE.M.A. opera in uno stabilimento che occupa una superficie di 23.000 m\u00b2, all\u2019interno del quale si trovano occupati 180 addetti.[\/vc_column_text][\/vc_column][\/vc_row][vc_row css=\u00bb.vc_custom_1422768878603{margin-bottom: 0px !important;padding-top: 47px !important;padding-bottom: 0px !important;}\u00bb parallax_background=\u00bb\u00bb][vc_column width=\u00bb1\/2&#8243; css=\u00bb.vc_custom_1422768980499{padding-top: 45px !important;padding-bottom: 30px !important;}\u00bb][vc_custom_heading text=\u00bbDise\u00f1ar\u00bb font_container=\u00bbtag:h2|font_size:26|text_align:left\u00bb google_fonts=\u00bbfont_family:Roboto%3A100%2C100italic%2C300%2C300italic%2Cregular%2Citalic%2C500%2C500italic%2C700%2C700italic%2C900%2C900italic|font_style:500%20bold%20regular%3A500%3Anormal\u00bb css=\u00bb.vc_custom_1653906610796{margin-bottom: 17px !important;}\u00bb][vc_column_text css=\u00bb.vc_custom_1659608441066{margin-bottom: 25px !important;}\u00bb]<strong>Un reparto composto da ingegneri e tecnici esperti \u00e8 costantemente impegnato a trovare soluzioni innovative ed efficaci<\/strong>, in grado di soddisfare le pi\u00f9 diverse e complesse richieste del mercato.<\/p>\n<p>Con il supporto del reparto interno di Ricerca e Sviluppo, TE.M.A. realizza un\u2019ampia gamma di prodotti all\u2019avanguardia che riscuotono regolarmente gli apprezzamenti del mercato internazionale.<br \/>\n[\/vc_column_text][\/vc_column][vc_column width=\u00bb1\/2&#8243; animation=\u00bbrda_fadeInUp\u00bb][vc_single_image image=\u00bb18523&#8243; img_size=\u00bbfull\u00bb css=\u00bb.vc_custom_1667381293379{padding-top: 24px !important;}\u00bb][\/vc_column][\/vc_row][vc_row css=\u00bb.vc_custom_1658932373093{margin-bottom: 0px !important;padding-top: 47px !important;padding-bottom: 0px !important;}\u00bb parallax_background=\u00bb\u00bb][vc_column width=\u00bb1\/2&#8243; animation=\u00bbrda_fadeInUp\u00bb][vc_single_image image=\u00bb18696&#8243; img_size=\u00bbfull\u00bb css=\u00bb.vc_custom_1668071237764{padding-top: 24px !important;}\u00bb][\/vc_column][vc_column width=\u00bb1\/2&#8243; css=\u00bb.vc_custom_1422768980499{padding-top: 45px !important;padding-bottom: 30px !important;}\u00bb][vc_custom_heading text=\u00bbProducci\u00f3n\u00bb font_container=\u00bbtag:h2|font_size:26|text_align:left\u00bb google_fonts=\u00bbfont_family:Roboto%3A100%2C100italic%2C300%2C300italic%2Cregular%2Citalic%2C500%2C500italic%2C700%2C700italic%2C900%2C900italic|font_style:500%20bold%20regular%3A500%3Anormal\u00bb css=\u00bb.vc_custom_1653906683867{margin-bottom: 17px !important;}\u00bb][vc_column_text css=\u00bb.vc_custom_1659608466588{margin-bottom: 5px !important;}\u00bb]<strong>In un&#8217;area di lavoro pari a 23.000 m\u00b2<\/strong> si svolge la produzione interna della quasi totalit\u00e0 degli articoli proposti da TE.M.A.<br \/>\nQuest\u2019area \u00e8 suddivisa nei seguenti reparti:[\/vc_column_text]\n<!-- lists --><div class=\"rd_list_1_alt rd_list_left\"><style type='text\/css'> @font-face{font-family: 'ion'; src:url('https:\/\/www.temaitaly.com\/wp-content\/themes\/thefox\/includes\/4k-icons\/icons\/4k-icons-pack03\/icons\/fonts\/ion.eot'); src:url('https:\/\/www.temaitaly.com\/wp-content\/themes\/thefox\/includes\/4k-icons\/icons\/4k-icons-pack03\/icons\/fonts\/ion.eot?#iefix') format('embedded-opentype'), url('https:\/\/www.temaitaly.com\/wp-content\/themes\/thefox\/includes\/4k-icons\/icons\/4k-icons-pack03\/icons\/fonts\/ion.woff') format('woff'), url('https:\/\/www.temaitaly.com\/wp-content\/themes\/thefox\/includes\/4k-icons\/icons\/4k-icons-pack03\/icons\/fonts\/ion.ttf') format('truetype'), url('https:\/\/www.temaitaly.com\/wp-content\/themes\/thefox\/includes\/4k-icons\/icons\/4k-icons-pack03\/icons\/fonts\/ion.svg#oi') format('svg'); font-weight: normal; font-style: normal;}#rand_hvij4vbkw88bx04ifh9h .ion-chevron-right:before{font-family: 'ion'; font-weight: normal; font-style: normal;}#rand_hvij4vbkw88bx04ifh9h .ion-chevron-right:before{content: \"\\e876\";}<\/style>\n<style type=\"text\/css\" >.rd_list_1 .list_item_ctn { border-color:#ecf0f1}.rd_list_1 #rand_hvij4vbkw88bx04ifh9h .list_icn i,.rd_list_1_alt #rand_hvij4vbkw88bx04ifh9h .list_icn i{color:#FF4539;}.rd_list_2 #rand_hvij4vbkw88bx04ifh9h:after{background:#575757;}.rd_list_2 #rand_hvij4vbkw88bx04ifh9h .list_icn i{color:#FF4539;}.rd_list_3 #rand_hvij4vbkw88bx04ifh9h .list_icn,.rd_list_5 #rand_hvij4vbkw88bx04ifh9h .list_icn,.rd_list_6 #rand_hvij4vbkw88bx04ifh9h .list_icn{background:#FF4539;}.rd_list_4 #rand_hvij4vbkw88bx04ifh9h{background:#FF4539;}#rand_hvij4vbkw88bx04ifh9h h3{color:#575757;}#rand_hvij4vbkw88bx04ifh9h p{color:#575757;}.rd_list_7 #rand_hvij4vbkw88bx04ifh9h .list_icn{color:#FF4539;}<\/style><div class=\"list_item_ctn\" id=\"rand_hvij4vbkw88bx04ifh9h\"><div class=\"list_icn\"><i class=\"ion-chevron-right\"><\/i><\/div><div class=\"list_desc\"><h3>carpinter\u00eda y metalister\u00eda<\/h3><\/div><\/div><style type='text\/css'> @font-face{font-family: 'ion'; src:url('https:\/\/www.temaitaly.com\/wp-content\/themes\/thefox\/includes\/4k-icons\/icons\/4k-icons-pack03\/icons\/fonts\/ion.eot'); src:url('https:\/\/www.temaitaly.com\/wp-content\/themes\/thefox\/includes\/4k-icons\/icons\/4k-icons-pack03\/icons\/fonts\/ion.eot?#iefix') format('embedded-opentype'), url('https:\/\/www.temaitaly.com\/wp-content\/themes\/thefox\/includes\/4k-icons\/icons\/4k-icons-pack03\/icons\/fonts\/ion.woff') format('woff'), url('https:\/\/www.temaitaly.com\/wp-content\/themes\/thefox\/includes\/4k-icons\/icons\/4k-icons-pack03\/icons\/fonts\/ion.ttf') format('truetype'), url('https:\/\/www.temaitaly.com\/wp-content\/themes\/thefox\/includes\/4k-icons\/icons\/4k-icons-pack03\/icons\/fonts\/ion.svg#oi') format('svg'); font-weight: normal; font-style: normal;}#rand_8dut3jvrfruogy8o2hb2 .ion-chevron-right:before{font-family: 'ion'; font-weight: normal; font-style: normal;}#rand_8dut3jvrfruogy8o2hb2 .ion-chevron-right:before{content: \"\\e876\";}<\/style>\n<style type=\"text\/css\" >.rd_list_1 .list_item_ctn { border-color:#ecf0f1}.rd_list_1 #rand_8dut3jvrfruogy8o2hb2 .list_icn i,.rd_list_1_alt #rand_8dut3jvrfruogy8o2hb2 .list_icn i{color:#FF4539;}.rd_list_2 #rand_8dut3jvrfruogy8o2hb2:after{background:#575757;}.rd_list_2 #rand_8dut3jvrfruogy8o2hb2 .list_icn i{color:#FF4539;}.rd_list_3 #rand_8dut3jvrfruogy8o2hb2 .list_icn,.rd_list_5 #rand_8dut3jvrfruogy8o2hb2 .list_icn,.rd_list_6 #rand_8dut3jvrfruogy8o2hb2 .list_icn{background:#FF4539;}.rd_list_4 #rand_8dut3jvrfruogy8o2hb2{background:#FF4539;}#rand_8dut3jvrfruogy8o2hb2 h3{color:#575757;}#rand_8dut3jvrfruogy8o2hb2 p{color:#575757;}.rd_list_7 #rand_8dut3jvrfruogy8o2hb2 .list_icn{color:#FF4539;}<\/style><div class=\"list_item_ctn\" id=\"rand_8dut3jvrfruogy8o2hb2\"><div class=\"list_icn\"><i class=\"ion-chevron-right\"><\/i><\/div><div class=\"list_desc\"><h3>montaje de m\u00e1quinas y accesorios para el encordado y la colocaci\u00f3n<\/h3><\/div><\/div><style type='text\/css'> @font-face{font-family: 'ion'; src:url('https:\/\/www.temaitaly.com\/wp-content\/themes\/thefox\/includes\/4k-icons\/icons\/4k-icons-pack03\/icons\/fonts\/ion.eot'); src:url('https:\/\/www.temaitaly.com\/wp-content\/themes\/thefox\/includes\/4k-icons\/icons\/4k-icons-pack03\/icons\/fonts\/ion.eot?#iefix') format('embedded-opentype'), url('https:\/\/www.temaitaly.com\/wp-content\/themes\/thefox\/includes\/4k-icons\/icons\/4k-icons-pack03\/icons\/fonts\/ion.woff') format('woff'), url('https:\/\/www.temaitaly.com\/wp-content\/themes\/thefox\/includes\/4k-icons\/icons\/4k-icons-pack03\/icons\/fonts\/ion.ttf') format('truetype'), url('https:\/\/www.temaitaly.com\/wp-content\/themes\/thefox\/includes\/4k-icons\/icons\/4k-icons-pack03\/icons\/fonts\/ion.svg#oi') format('svg'); font-weight: normal; font-style: normal;}#rand_myt1r9xnvwjwm72tmgdr .ion-chevron-right:before{font-family: 'ion'; font-weight: normal; font-style: normal;}#rand_myt1r9xnvwjwm72tmgdr .ion-chevron-right:before{content: \"\\e876\";}<\/style>\n<style type=\"text\/css\" >.rd_list_1 .list_item_ctn { border-color:#ecf0f1}.rd_list_1 #rand_myt1r9xnvwjwm72tmgdr .list_icn i,.rd_list_1_alt #rand_myt1r9xnvwjwm72tmgdr .list_icn i{color:#FF4539;}.rd_list_2 #rand_myt1r9xnvwjwm72tmgdr:after{background:#575757;}.rd_list_2 #rand_myt1r9xnvwjwm72tmgdr .list_icn i{color:#FF4539;}.rd_list_3 #rand_myt1r9xnvwjwm72tmgdr .list_icn,.rd_list_5 #rand_myt1r9xnvwjwm72tmgdr .list_icn,.rd_list_6 #rand_myt1r9xnvwjwm72tmgdr .list_icn{background:#FF4539;}.rd_list_4 #rand_myt1r9xnvwjwm72tmgdr{background:#FF4539;}#rand_myt1r9xnvwjwm72tmgdr h3{color:#575757;}#rand_myt1r9xnvwjwm72tmgdr p{color:#575757;}.rd_list_7 #rand_myt1r9xnvwjwm72tmgdr .list_icn{color:#FF4539;}<\/style><div class=\"list_item_ctn\" id=\"rand_myt1r9xnvwjwm72tmgdr\"><div class=\"list_icn\"><i class=\"ion-chevron-right\"><\/i><\/div><div class=\"list_desc\"><h3>realizaci\u00f3n de equipos de aluminio<\/h3><\/div><\/div><style type='text\/css'> @font-face{font-family: 'ion'; src:url('https:\/\/www.temaitaly.com\/wp-content\/themes\/thefox\/includes\/4k-icons\/icons\/4k-icons-pack03\/icons\/fonts\/ion.eot'); src:url('https:\/\/www.temaitaly.com\/wp-content\/themes\/thefox\/includes\/4k-icons\/icons\/4k-icons-pack03\/icons\/fonts\/ion.eot?#iefix') format('embedded-opentype'), url('https:\/\/www.temaitaly.com\/wp-content\/themes\/thefox\/includes\/4k-icons\/icons\/4k-icons-pack03\/icons\/fonts\/ion.woff') format('woff'), url('https:\/\/www.temaitaly.com\/wp-content\/themes\/thefox\/includes\/4k-icons\/icons\/4k-icons-pack03\/icons\/fonts\/ion.ttf') format('truetype'), url('https:\/\/www.temaitaly.com\/wp-content\/themes\/thefox\/includes\/4k-icons\/icons\/4k-icons-pack03\/icons\/fonts\/ion.svg#oi') format('svg'); font-weight: normal; font-style: normal;}#rand_3hlao5z35c5k7q7mtiay .ion-chevron-right:before{font-family: 'ion'; font-weight: normal; font-style: normal;}#rand_3hlao5z35c5k7q7mtiay .ion-chevron-right:before{content: \"\\e876\";}<\/style>\n<style type=\"text\/css\" >.rd_list_1 .list_item_ctn { border-color:#ecf0f1}.rd_list_1 #rand_3hlao5z35c5k7q7mtiay .list_icn i,.rd_list_1_alt #rand_3hlao5z35c5k7q7mtiay .list_icn i{color:#FF4539;}.rd_list_2 #rand_3hlao5z35c5k7q7mtiay:after{background:#575757;}.rd_list_2 #rand_3hlao5z35c5k7q7mtiay .list_icn i{color:#FF4539;}.rd_list_3 #rand_3hlao5z35c5k7q7mtiay .list_icn,.rd_list_5 #rand_3hlao5z35c5k7q7mtiay .list_icn,.rd_list_6 #rand_3hlao5z35c5k7q7mtiay .list_icn{background:#FF4539;}.rd_list_4 #rand_3hlao5z35c5k7q7mtiay{background:#FF4539;}#rand_3hlao5z35c5k7q7mtiay h3{color:#575757;}#rand_3hlao5z35c5k7q7mtiay p{color:#575757;}.rd_list_7 #rand_3hlao5z35c5k7q7mtiay .list_icn{color:#FF4539;}<\/style><div class=\"list_item_ctn\" id=\"rand_3hlao5z35c5k7q7mtiay\"><div class=\"list_icn\"><i class=\"ion-chevron-right\"><\/i><\/div><div class=\"list_desc\"><h3>zona exterior para pruebas y ensayos<\/h3><\/div><\/div><style type='text\/css'> @font-face{font-family: 'ion'; src:url('https:\/\/www.temaitaly.com\/wp-content\/themes\/thefox\/includes\/4k-icons\/icons\/4k-icons-pack03\/icons\/fonts\/ion.eot'); src:url('https:\/\/www.temaitaly.com\/wp-content\/themes\/thefox\/includes\/4k-icons\/icons\/4k-icons-pack03\/icons\/fonts\/ion.eot?#iefix') format('embedded-opentype'), url('https:\/\/www.temaitaly.com\/wp-content\/themes\/thefox\/includes\/4k-icons\/icons\/4k-icons-pack03\/icons\/fonts\/ion.woff') format('woff'), url('https:\/\/www.temaitaly.com\/wp-content\/themes\/thefox\/includes\/4k-icons\/icons\/4k-icons-pack03\/icons\/fonts\/ion.ttf') format('truetype'), url('https:\/\/www.temaitaly.com\/wp-content\/themes\/thefox\/includes\/4k-icons\/icons\/4k-icons-pack03\/icons\/fonts\/ion.svg#oi') format('svg'); font-weight: normal; font-style: normal;}#rand_fhacwukpnhzo5y365qcq .ion-chevron-right:before{font-family: 'ion'; font-weight: normal; font-style: normal;}#rand_fhacwukpnhzo5y365qcq .ion-chevron-right:before{content: \"\\e876\";}<\/style>\n<style type=\"text\/css\" >.rd_list_1 .list_item_ctn { border-color:#ecf0f1}.rd_list_1 #rand_fhacwukpnhzo5y365qcq .list_icn i,.rd_list_1_alt #rand_fhacwukpnhzo5y365qcq .list_icn i{color:#FF4539;}.rd_list_2 #rand_fhacwukpnhzo5y365qcq:after{background:#575757;}.rd_list_2 #rand_fhacwukpnhzo5y365qcq .list_icn i{color:#FF4539;}.rd_list_3 #rand_fhacwukpnhzo5y365qcq .list_icn,.rd_list_5 #rand_fhacwukpnhzo5y365qcq .list_icn,.rd_list_6 #rand_fhacwukpnhzo5y365qcq .list_icn{background:#FF4539;}.rd_list_4 #rand_fhacwukpnhzo5y365qcq{background:#FF4539;}#rand_fhacwukpnhzo5y365qcq h3{color:#575757;}#rand_fhacwukpnhzo5y365qcq p{color:#575757;}.rd_list_7 #rand_fhacwukpnhzo5y365qcq .list_icn{color:#FF4539;}<\/style><div class=\"list_item_ctn\" id=\"rand_fhacwukpnhzo5y365qcq\"><div class=\"list_icn\"><i class=\"ion-chevron-right\"><\/i><\/div><div class=\"list_desc\"><h3>taller de mantenimiento y reparaci\u00f3n<\/h3><\/div><\/div><\/div>\r\n\r\n<!-- lists END-->\n[\/vc_column][\/vc_row][vc_row css=\u00bb.vc_custom_1658932424926{margin-bottom: 80px !important;padding-top: 27px !important;padding-bottom: 0px !important;}\u00bb parallax_background=\u00bb\u00bb][vc_column width=\u00bb1\/2&#8243; css=\u00bb.vc_custom_1422768980499{padding-top: 45px !important;padding-bottom: 30px !important;}\u00bb][vc_custom_heading text=\u00bbEl departamento comercial\u00bb font_container=\u00bbtag:h2|font_size:26|text_align:left\u00bb google_fonts=\u00bbfont_family:Roboto%3A100%2C100italic%2C300%2C300italic%2Cregular%2Citalic%2C500%2C500italic%2C700%2C700italic%2C900%2C900italic|font_style:500%20bold%20regular%3A500%3Anormal\u00bb css=\u00bb.vc_custom_1659608480761{margin-bottom: 17px !important;}\u00bb][vc_column_text css=\u00bb.vc_custom_1659608534690{margin-bottom: 25px !important;}\u00bb]<strong>TE.M.A. \u00e8 una realt\u00e0 produttiva di massimo rilievo sul mercato mondiale<\/strong> grazie anche al suo reparto commerciale, che dialogando direttamente con il cliente si pone come primo obbiettivo di comprenderne le particolari esigenze, e quindi di guidarlo e consigliarlo verso la scelta delle soluzioni pi\u00f9 idonee.<\/p>\n<p>Il rapporto azienda-cliente continua poi anche nelle varie fasi di consegna, in modo da assicurare la pronta disponibilit\u00e0 di tutti i servizi post-vendita (tra i quali vi sono il collaudo presso il committente e l\u2019assistenza tecnica).[\/vc_column_text][\/vc_column][vc_column width=\u00bb1\/2&#8243; animation=\u00bbrda_fadeInUp\u00bb][vc_single_image image=\u00bb18699&#8243; img_size=\u00bbfull\u00bb css=\u00bb.vc_custom_1668071375384{padding-top: 24px !important;}\u00bb][\/vc_column][\/vc_row][vc_row type=\u00bbfull-width-section\u00bb css=\u00bb.vc_custom_1668414984544{margin-bottom: 0px !important;padding-top: 52px !important;padding-bottom: 53px !important;background-image: url(https:\/\/www.temaitaly.com\/wp-content\/uploads\/2022\/11\/banner-catalogo-2022-02.jpg?id=15815) !important;}\u00bb font_color=\u00bb#ffffff\u00bb parallax_background=\u00bb1&#8243;][vc_column][vc_custom_heading text=\u00bbDescubra nuestra gama de productos\u00bb font_container=\u00bbtag:h2|font_size:44|text_align:center|color:%23ffffff|line_height:36px\u00bb google_fonts=\u00bbfont_family:Roboto%3A100%2C100italic%2C300%2C300italic%2Cregular%2Citalic%2C500%2C500italic%2C700%2C700italic%2C900%2C900italic|font_style:700%20bold%20regular%3A700%3Anormal\u00bb css=\u00bb.vc_custom_1653905571400{margin-bottom: 15px !important;}\u00bb]<style type=\"text\/css\" >#l_16f1tp17w4fon7ck6ufr.sc_line ,#l_16f1tp17w4fon7ck6ufr .sc_line { height:1px; background:;}#l_16f1tp17w4fon7ck6ufr {margin:30px 0 0px 0; padding:0;}<\/style><div class=\"clearfix\"><\/div><div id=\"l_16f1tp17w4fon7ck6ufr\"  class=\"sc_line rd_line_normal\" ><\/div>[vc_row_inner css=\u00bb.vc_custom_1667381372614{margin-bottom: 0px !important;}\u00bb][vc_column_inner width=\u00bb1\/4&#8243;][\/vc_column_inner][vc_column_inner width=\u00bb1\/4&#8243;]<style type=\"text\/css\" >#b_mwzsa9j0gl39q4x4azpl a{color:#2c3e50; background:#ffffff; border-style:solid; border-color:#2c3e50; margin-top:0px; margin-bottom:0px;  margin-left:0px; margin-right:0px; font-weight:700; border-radius:4px;}#b_mwzsa9j0gl39q4x4azpl a:hover{color:#ffffff ; background:#2c3e50 ; border-color:#2c3e50;}<\/style><div class=\"ta_center tf_btn_pos\" id=\"b_mwzsa9j0gl39q4x4azpl\" ><a class=\"rd_stroke_bt small_rd_bt border_2px  bt_icon_right   \" href=\"https:\/\/www.temaitaly.com\/es\/catalogo-general\/\" target=\"\"   ><span>IR AL CAT\u00c1LOGO<\/span><i class=\"ion-ios7-arrow-thin-right\" ><\/i><\/a><\/div><style type=\"text\/css\" >#b_mwzsa9j0gl39q4x4azpl i {color:#2c3e50;}#b_mwzsa9j0gl39q4x4azpl a:hover i{color:#ffffff;}<\/style><style type='text\/css'> @font-face{font-family: 'ion'; src:url('https:\/\/www.temaitaly.com\/wp-content\/themes\/thefox\/includes\/4k-icons\/icons\/4k-icons-pack03\/icons\/fonts\/ion.eot'); src:url('https:\/\/www.temaitaly.com\/wp-content\/themes\/thefox\/includes\/4k-icons\/icons\/4k-icons-pack03\/icons\/fonts\/ion.eot?#iefix') format('embedded-opentype'), url('https:\/\/www.temaitaly.com\/wp-content\/themes\/thefox\/includes\/4k-icons\/icons\/4k-icons-pack03\/icons\/fonts\/ion.woff') format('woff'), url('https:\/\/www.temaitaly.com\/wp-content\/themes\/thefox\/includes\/4k-icons\/icons\/4k-icons-pack03\/icons\/fonts\/ion.ttf') format('truetype'), url('https:\/\/www.temaitaly.com\/wp-content\/themes\/thefox\/includes\/4k-icons\/icons\/4k-icons-pack03\/icons\/fonts\/ion.svg#oi') format('svg'); font-weight: normal; font-style: normal;}#b_mwzsa9j0gl39q4x4azpl .ion-ios7-arrow-thin-right:before{font-family: 'ion'; font-weight: normal; font-style: normal;}#b_mwzsa9j0gl39q4x4azpl .ion-ios7-arrow-thin-right:before{content: \"\\e8bb\";}<\/style>\n[\/vc_column_inner][vc_column_inner width=\u00bb1\/4&#8243;]<style type=\"text\/css\" >#b_2e7fgt71g1ar032mcc6g a{color:#2c3e50; background:#ffffff; border-style:solid; border-color:#2c3e50; margin-top:0px; margin-bottom:0px;  margin-left:0px; margin-right:0px; font-weight:700; border-radius:4px;}#b_2e7fgt71g1ar032mcc6g a:hover{color:#ffffff ; background:#2c3e50 ; border-color:#2c3e50;}<\/style><div class=\"ta_center tf_btn_pos\" id=\"b_2e7fgt71g1ar032mcc6g\" ><a class=\"rd_stroke_bt small_rd_bt border_2px  bt_icon_right   \" href=\"https:\/\/www.temaitaly.com\/es\/descargar-el-catalogo\/\" target=\"\"   ><span>DESCARGAR EL CAT\u00c1LOGO EN PDF<\/span><i class=\"ion-ios7-arrow-thin-right\" ><\/i><\/a><\/div><style type=\"text\/css\" >#b_2e7fgt71g1ar032mcc6g i {color:#2c3e50;}#b_2e7fgt71g1ar032mcc6g a:hover i{color:#ffffff;}<\/style><style type='text\/css'> @font-face{font-family: 'ion'; src:url('https:\/\/www.temaitaly.com\/wp-content\/themes\/thefox\/includes\/4k-icons\/icons\/4k-icons-pack03\/icons\/fonts\/ion.eot'); src:url('https:\/\/www.temaitaly.com\/wp-content\/themes\/thefox\/includes\/4k-icons\/icons\/4k-icons-pack03\/icons\/fonts\/ion.eot?#iefix') format('embedded-opentype'), url('https:\/\/www.temaitaly.com\/wp-content\/themes\/thefox\/includes\/4k-icons\/icons\/4k-icons-pack03\/icons\/fonts\/ion.woff') format('woff'), url('https:\/\/www.temaitaly.com\/wp-content\/themes\/thefox\/includes\/4k-icons\/icons\/4k-icons-pack03\/icons\/fonts\/ion.ttf') format('truetype'), url('https:\/\/www.temaitaly.com\/wp-content\/themes\/thefox\/includes\/4k-icons\/icons\/4k-icons-pack03\/icons\/fonts\/ion.svg#oi') format('svg'); font-weight: normal; font-style: normal;}#b_2e7fgt71g1ar032mcc6g .ion-ios7-arrow-thin-right:before{font-family: 'ion'; font-weight: normal; font-style: normal;}#b_2e7fgt71g1ar032mcc6g .ion-ios7-arrow-thin-right:before{content: \"\\e8bb\";}<\/style>\n[\/vc_column_inner][vc_column_inner width=\u00bb1\/4&#8243;][\/vc_column_inner][\/vc_row_inner][\/vc_column][\/vc_row]<\/p>\n","protected":false},"excerpt":{"rendered":"<p>[vc_row css=\u00bb.vc_custom_1756112063063{margin-top: 50px !important;}\u00bb][vc_column width=\u00bb2\/3&#8243;][vc_custom_heading text=\u00bbUNA HISTORIA QUE NOS DISTINGUE\u00bb font_container=\u00bbtag:h2|font_size:30|text_align:left|color:%232c3e50&#8243; google_fonts=\u00bbfont_family:Lato%3A100%2C100italic%2C300%2C300italic%2Cregular%2Citalic%2C700%2C700italic%2C900%2C900italic|font_style:900%20bold%20regular%3A900%3Anormal\u00bb css=\u00bb.vc_custom_1659607827390{margin-top: 0px !important;margin-bottom: 19px !important;padding-top: 0px !important;}\u00bb el_class=\u00bbletterspacing-2-5&#8243;][vc_custom_heading text=\u00bbIl gruppo TE.M.A. \u00e8 attivo dal 1985 nel campo della progettazione, realizzazione e commercializzazione di macchinari, strumenti e prodotti destinati alla tesatura di cavi. TE.M.A. opera con un approccio innovativo per fornire tecnologie moderne e<br \/><a href=\"https:\/\/www.temaitaly.com\/es\/empresa\/\" class=\"more\">Read more<\/a><\/p>\n","protected":false},"author":1,"featured_media":0,"parent":0,"menu_order":0,"comment_status":"closed","ping_status":"closed","template":"","meta":[],"aioseo_notices":[],"_links":{"self":[{"href":"https:\/\/www.temaitaly.com\/es\/wp-json\/wp\/v2\/pages\/16731"}],"collection":[{"href":"https:\/\/www.temaitaly.com\/es\/wp-json\/wp\/v2\/pages"}],"about":[{"href":"https:\/\/www.temaitaly.com\/es\/wp-json\/wp\/v2\/types\/page"}],"author":[{"embeddable":true,"href":"https:\/\/www.temaitaly.com\/es\/wp-json\/wp\/v2\/users\/1"}],"replies":[{"embeddable":true,"href":"https:\/\/www.temaitaly.com\/es\/wp-json\/wp\/v2\/comments?post=16731"}],"version-history":[{"count":6,"href":"https:\/\/www.temaitaly.com\/es\/wp-json\/wp\/v2\/pages\/16731\/revisions"}],"predecessor-version":[{"id":426699,"href":"https:\/\/www.temaitaly.com\/es\/wp-json\/wp\/v2\/pages\/16731\/revisions\/426699"}],"wp:attachment":[{"href":"https:\/\/www.temaitaly.com\/es\/wp-json\/wp\/v2\/media?parent=16731"}],"curies":[{"name":"wp","href":"https:\/\/api.w.org\/{rel}","templated":true}]}}