{"id":16739,"date":"2022-11-08T08:30:43","date_gmt":"2022-11-08T08:30:43","guid":{"rendered":"https:\/\/www.temaitaly.com\/empresa\/calidad\/"},"modified":"2026-02-17T13:10:46","modified_gmt":"2026-02-17T13:10:46","slug":"calidad","status":"publish","type":"page","link":"https:\/\/www.temaitaly.com\/es\/empresa\/calidad\/","title":{"rendered":"Calidad"},"content":{"rendered":"<p>[vc_row css=\u00bb.vc_custom_1653911066291{margin-bottom: 70px !important;padding-top: 47px !important;padding-bottom: 0px !important;}\u00bb parallax_background=\u00bb\u00bb][vc_column width=\u00bb1\/2&#8243; css=\u00bb.vc_custom_1422768980499{padding-top: 45px !important;padding-bottom: 30px !important;}\u00bb][vc_custom_heading text=\u00bbCalidad y certificaci\u00f3n\u00bb font_container=\u00bbtag:h2|font_size:26|text_align:left\u00bb google_fonts=\u00bbfont_family:Roboto%3A100%2C100italic%2C300%2C300italic%2Cregular%2Citalic%2C500%2C500italic%2C700%2C700italic%2C900%2C900italic|font_style:500%20bold%20regular%3A500%3Anormal\u00bb css=\u00bb.vc_custom_1653910958528{margin-bottom: 17px !important;}\u00bb][vc_column_text css=\u00bb.vc_custom_1659606928648{margin-bottom: 25px !important;}\u00bb]<strong>Todas las pol\u00edticas de la empresa TE.M.A. se basan en una organizaci\u00f3n cuidadosa y racional de los procesos de dise\u00f1o y producci\u00f3n.<\/strong> Se trata de una marca de distinci\u00f3n que es posible gracias al trabajo diario de un grupo de directivos y empleados altamente cualificados, responsables y motivados.<\/p>\n<p>Cada procedimiento se lleva a cabo en pleno cumplimiento de la norma ISO 9001:2015 (adoptada internacionalmente para la creaci\u00f3n, implantaci\u00f3n y gesti\u00f3n de un Sistema de Gesti\u00f3n de Calidad). Adem\u00e1s, se presta especial atenci\u00f3n a los distintos aspectos de la sostenibilidad y la inclusi\u00f3n, para los que TE.M.A. aporta todo su compromiso y experiencia profesional.[\/vc_column_text]<style type=\"text\/css\" >#b_oraftsj7tids9uy6q2nt a{color:#ff4539; background:; border-style:solid; border-color:#ff4539; margin-top:0px; margin-bottom:0px;  margin-left:0px; margin-right:0px; font-weight:700; border-radius:0px;}#b_oraftsj7tids9uy6q2nt a:hover{color:#ffffff ; background:#333333 ; border-color:#333333;}<\/style><div class=\"ta_left tf_btn_pos\" id=\"b_oraftsj7tids9uy6q2nt\" ><a class=\"rd_stroke_bt small_rd_bt border_1px  bt_icon_right   \" href=\"https:\/\/www.temaitaly.com\/wp-content\/uploads\/2026\/02\/2026_02_16_QI_641_20a_9001_rev01_S1_tema-2026_02_16_QI_641_20b_9001_rev01_S1_tema-9001_ICN_TE.MA_.pdf\" target=\"yes\"   ><span>CERTIFICADO UNI EN ISO 9001:2015<\/span><i class=\"ion-ios7-download-outline\" ><\/i><\/a><\/div><style type=\"text\/css\" >#b_oraftsj7tids9uy6q2nt i {color:#ff4539;}#b_oraftsj7tids9uy6q2nt a:hover i{color:#ffffff;}<\/style><style type='text\/css'> @font-face{font-family: 'ion'; src:url('https:\/\/www.temaitaly.com\/wp-content\/themes\/thefox\/includes\/4k-icons\/icons\/4k-icons-pack03\/icons\/fonts\/ion.eot'); src:url('https:\/\/www.temaitaly.com\/wp-content\/themes\/thefox\/includes\/4k-icons\/icons\/4k-icons-pack03\/icons\/fonts\/ion.eot?#iefix') format('embedded-opentype'), url('https:\/\/www.temaitaly.com\/wp-content\/themes\/thefox\/includes\/4k-icons\/icons\/4k-icons-pack03\/icons\/fonts\/ion.woff') format('woff'), url('https:\/\/www.temaitaly.com\/wp-content\/themes\/thefox\/includes\/4k-icons\/icons\/4k-icons-pack03\/icons\/fonts\/ion.ttf') format('truetype'), url('https:\/\/www.temaitaly.com\/wp-content\/themes\/thefox\/includes\/4k-icons\/icons\/4k-icons-pack03\/icons\/fonts\/ion.svg#oi') format('svg'); font-weight: normal; font-style: normal;}#b_oraftsj7tids9uy6q2nt .ion-ios7-download-outline:before{font-family: 'ion'; font-weight: normal; font-style: normal;}#b_oraftsj7tids9uy6q2nt .ion-ios7-download-outline:before{content: \"\\e8f4\";}<\/style>\n<style type=\"text\/css\" >#b_e9hzetp45qvi6yhcafrh a{color:#ff4539; background:; border-style:solid; border-color:#ff4539; margin-top:0px; margin-bottom:0px;  margin-left:20px; margin-right:0px; font-weight:700; border-radius:0px;}#b_e9hzetp45qvi6yhcafrh a:hover{color:#ffffff ; background:#333333 ; border-color:#333333;}<\/style><div class=\"ta_left tf_btn_pos\" id=\"b_e9hzetp45qvi6yhcafrh\" ><a class=\"rd_stroke_bt small_rd_bt border_1px  bt_icon_right   \" href=\"https:\/\/www.temaitaly.com\/wp-content\/uploads\/2024\/10\/Politica-Integrata_rev.3-en.pdf\" target=\"yes\"   ><span>POL\u00cdTICA INTEGRADA<\/span><i class=\"ion-ios7-download-outline\" ><\/i><\/a><\/div><style type=\"text\/css\" >#b_e9hzetp45qvi6yhcafrh i {color:#ff4539;}#b_e9hzetp45qvi6yhcafrh a:hover i{color:#ffffff;}<\/style><style type='text\/css'> @font-face{font-family: 'ion'; src:url('https:\/\/www.temaitaly.com\/wp-content\/themes\/thefox\/includes\/4k-icons\/icons\/4k-icons-pack03\/icons\/fonts\/ion.eot'); src:url('https:\/\/www.temaitaly.com\/wp-content\/themes\/thefox\/includes\/4k-icons\/icons\/4k-icons-pack03\/icons\/fonts\/ion.eot?#iefix') format('embedded-opentype'), url('https:\/\/www.temaitaly.com\/wp-content\/themes\/thefox\/includes\/4k-icons\/icons\/4k-icons-pack03\/icons\/fonts\/ion.woff') format('woff'), url('https:\/\/www.temaitaly.com\/wp-content\/themes\/thefox\/includes\/4k-icons\/icons\/4k-icons-pack03\/icons\/fonts\/ion.ttf') format('truetype'), url('https:\/\/www.temaitaly.com\/wp-content\/themes\/thefox\/includes\/4k-icons\/icons\/4k-icons-pack03\/icons\/fonts\/ion.svg#oi') format('svg'); font-weight: normal; font-style: normal;}#b_e9hzetp45qvi6yhcafrh .ion-ios7-download-outline:before{font-family: 'ion'; font-weight: normal; font-style: normal;}#b_e9hzetp45qvi6yhcafrh .ion-ios7-download-outline:before{content: \"\\e8f4\";}<\/style>\n<style type=\"text\/css\" >#b_ujfzlkvxyl2bsevn6wxr a{color:#ff4539; background:; border-style:solid; border-color:#ff4539; margin-top:10px; margin-bottom:0px;  margin-left:0px; margin-right:0px; font-weight:700; border-radius:0px;}#b_ujfzlkvxyl2bsevn6wxr a:hover{color:#ffffff ; background:#333333 ; border-color:#333333;}<\/style><div class=\"ta_left tf_btn_pos\" id=\"b_ujfzlkvxyl2bsevn6wxr\" ><a class=\"rd_stroke_bt small_rd_bt border_1px  bt_icon_right   \" href=\"https:\/\/www.temaitaly.com\/wp-content\/uploads\/2024\/03\/CODICE-ETICO_rev-0-EN.pdf\" target=\"yes\"   ><span>CODICE ETICO<\/span><i class=\"ion-ios7-download-outline\" ><\/i><\/a><\/div><style type=\"text\/css\" >#b_ujfzlkvxyl2bsevn6wxr i {color:#ff4539;}#b_ujfzlkvxyl2bsevn6wxr a:hover i{color:#ffffff;}<\/style><style type='text\/css'> @font-face{font-family: 'ion'; src:url('https:\/\/www.temaitaly.com\/wp-content\/themes\/thefox\/includes\/4k-icons\/icons\/4k-icons-pack03\/icons\/fonts\/ion.eot'); src:url('https:\/\/www.temaitaly.com\/wp-content\/themes\/thefox\/includes\/4k-icons\/icons\/4k-icons-pack03\/icons\/fonts\/ion.eot?#iefix') format('embedded-opentype'), url('https:\/\/www.temaitaly.com\/wp-content\/themes\/thefox\/includes\/4k-icons\/icons\/4k-icons-pack03\/icons\/fonts\/ion.woff') format('woff'), url('https:\/\/www.temaitaly.com\/wp-content\/themes\/thefox\/includes\/4k-icons\/icons\/4k-icons-pack03\/icons\/fonts\/ion.ttf') format('truetype'), url('https:\/\/www.temaitaly.com\/wp-content\/themes\/thefox\/includes\/4k-icons\/icons\/4k-icons-pack03\/icons\/fonts\/ion.svg#oi') format('svg'); font-weight: normal; font-style: normal;}#b_ujfzlkvxyl2bsevn6wxr .ion-ios7-download-outline:before{font-family: 'ion'; font-weight: normal; font-style: normal;}#b_ujfzlkvxyl2bsevn6wxr .ion-ios7-download-outline:before{content: \"\\e8f4\";}<\/style>\n<style type=\"text\/css\" >#b_ba7xsixczrkorwjba7m3 a{color:#ff4539; background:; border-style:solid; border-color:#ff4539; margin-top:10px; margin-bottom:0px;  margin-left:20px; margin-right:0px; font-weight:700; border-radius:0px;}#b_ba7xsixczrkorwjba7m3 a:hover{color:#ffffff ; background:#333333 ; border-color:#333333;}<\/style><div class=\"ta_left tf_btn_pos\" id=\"b_ba7xsixczrkorwjba7m3\" ><a class=\"rd_stroke_bt small_rd_bt border_1px  bt_icon_right   \" href=\"https:\/\/www.temaitaly.com\/wp-content\/uploads\/2024\/03\/POLITICA-ANTICORRUZIONE_it-en_rev.0.pdf\" target=\"yes\"   ><span>POL\u00cdTICA ANTICORRUPCI\u00d3N<\/span><i class=\"ion-ios7-download-outline\" ><\/i><\/a><\/div><style type=\"text\/css\" >#b_ba7xsixczrkorwjba7m3 i {color:#ff4539;}#b_ba7xsixczrkorwjba7m3 a:hover i{color:#ffffff;}<\/style><style type='text\/css'> @font-face{font-family: 'ion'; src:url('https:\/\/www.temaitaly.com\/wp-content\/themes\/thefox\/includes\/4k-icons\/icons\/4k-icons-pack03\/icons\/fonts\/ion.eot'); src:url('https:\/\/www.temaitaly.com\/wp-content\/themes\/thefox\/includes\/4k-icons\/icons\/4k-icons-pack03\/icons\/fonts\/ion.eot?#iefix') format('embedded-opentype'), url('https:\/\/www.temaitaly.com\/wp-content\/themes\/thefox\/includes\/4k-icons\/icons\/4k-icons-pack03\/icons\/fonts\/ion.woff') format('woff'), url('https:\/\/www.temaitaly.com\/wp-content\/themes\/thefox\/includes\/4k-icons\/icons\/4k-icons-pack03\/icons\/fonts\/ion.ttf') format('truetype'), url('https:\/\/www.temaitaly.com\/wp-content\/themes\/thefox\/includes\/4k-icons\/icons\/4k-icons-pack03\/icons\/fonts\/ion.svg#oi') format('svg'); font-weight: normal; font-style: normal;}#b_ba7xsixczrkorwjba7m3 .ion-ios7-download-outline:before{font-family: 'ion'; font-weight: normal; font-style: normal;}#b_ba7xsixczrkorwjba7m3 .ion-ios7-download-outline:before{content: \"\\e8f4\";}<\/style>\n[\/vc_column][vc_column width=\u00bb1\/2&#8243; animation=\u00bbrda_fadeInUp\u00bb][vc_single_image image=\u00bb18720&#8243; img_size=\u00bbfull\u00bb css=\u00bb.vc_custom_1668074553628{padding-top: 24px !important;}\u00bb][\/vc_column][\/vc_row]<\/p>\n","protected":false},"excerpt":{"rendered":"<p>[vc_row css=\u00bb.vc_custom_1653911066291{margin-bottom: 70px !important;padding-top: 47px !important;padding-bottom: 0px !important;}\u00bb parallax_background=\u00bb\u00bb][vc_column width=\u00bb1\/2&#8243; css=\u00bb.vc_custom_1422768980499{padding-top: 45px !important;padding-bottom: 30px !important;}\u00bb][vc_custom_heading text=\u00bbCalidad y certificaci\u00f3n\u00bb font_container=\u00bbtag:h2|font_size:26|text_align:left\u00bb google_fonts=\u00bbfont_family:Roboto%3A100%2C100italic%2C300%2C300italic%2Cregular%2Citalic%2C500%2C500italic%2C700%2C700italic%2C900%2C900italic|font_style:500%20bold%20regular%3A500%3Anormal\u00bb css=\u00bb.vc_custom_1653910958528{margin-bottom: 17px !important;}\u00bb][vc_column_text css=\u00bb.vc_custom_1659606928648{margin-bottom: 25px !important;}\u00bb]Todas las pol\u00edticas de la empresa TE.M.A. se basan en una organizaci\u00f3n cuidadosa y racional de los procesos de dise\u00f1o y producci\u00f3n. Se trata de una marca de distinci\u00f3n que<br \/><a href=\"https:\/\/www.temaitaly.com\/es\/empresa\/calidad\/\" class=\"more\">Read more<\/a><\/p>\n","protected":false},"author":1,"featured_media":0,"parent":16731,"menu_order":0,"comment_status":"closed","ping_status":"open","template":"","meta":[],"aioseo_notices":[],"_links":{"self":[{"href":"https:\/\/www.temaitaly.com\/es\/wp-json\/wp\/v2\/pages\/16739"}],"collection":[{"href":"https:\/\/www.temaitaly.com\/es\/wp-json\/wp\/v2\/pages"}],"about":[{"href":"https:\/\/www.temaitaly.com\/es\/wp-json\/wp\/v2\/types\/page"}],"author":[{"embeddable":true,"href":"https:\/\/www.temaitaly.com\/es\/wp-json\/wp\/v2\/users\/1"}],"replies":[{"embeddable":true,"href":"https:\/\/www.temaitaly.com\/es\/wp-json\/wp\/v2\/comments?post=16739"}],"version-history":[{"count":9,"href":"https:\/\/www.temaitaly.com\/es\/wp-json\/wp\/v2\/pages\/16739\/revisions"}],"predecessor-version":[{"id":431314,"href":"https:\/\/www.temaitaly.com\/es\/wp-json\/wp\/v2\/pages\/16739\/revisions\/431314"}],"up":[{"embeddable":true,"href":"https:\/\/www.temaitaly.com\/es\/wp-json\/wp\/v2\/pages\/16731"}],"wp:attachment":[{"href":"https:\/\/www.temaitaly.com\/es\/wp-json\/wp\/v2\/media?parent=16739"}],"curies":[{"name":"wp","href":"https:\/\/api.w.org\/{rel}","templated":true}]}}