{"id":16793,"date":"2022-11-08T08:30:58","date_gmt":"2022-11-08T08:30:58","guid":{"rendered":"https:\/\/www.temaitaly.com\/empresa\/investigacion-y-desarrollo\/"},"modified":"2022-11-23T08:09:16","modified_gmt":"2022-11-23T08:09:16","slug":"investigacion-y-desarrollo","status":"publish","type":"page","link":"https:\/\/www.temaitaly.com\/es\/empresa\/investigacion-y-desarrollo\/","title":{"rendered":"Investigaci\u00f3n y desarrollo"},"content":{"rendered":"<p>[vc_row css=\u00bb.vc_custom_1653911066291{margin-bottom: 70px !important;padding-top: 47px !important;padding-bottom: 0px !important;}\u00bb parallax_background=\u00bb\u00bb][vc_column width=\u00bb1\/2&#8243; css=\u00bb.vc_custom_1422768980499{padding-top: 45px !important;padding-bottom: 30px !important;}\u00bb][vc_custom_heading text=\u00bbInvestigaci\u00f3n, desarrollo y sostenibilidad\u00bb font_container=\u00bbtag:h2|font_size:26|text_align:left\u00bb google_fonts=\u00bbfont_family:Roboto%3A100%2C100italic%2C300%2C300italic%2Cregular%2Citalic%2C500%2C500italic%2C700%2C700italic%2C900%2C900italic|font_style:500%20bold%20regular%3A500%3Anormal\u00bb css=\u00bb.vc_custom_1658304446235{margin-bottom: 17px !important;}\u00bb][vc_column_text css=\u00bb.vc_custom_1669190950755{margin-bottom: 25px !important;}\u00bb]<strong>TE.M.A. se caracteriza ante todo por su orientaci\u00f3n al cliente en todas las fases de preventa y posventa.<\/strong><\/p>\n<p>TE.M.A. demuestra puntualmente la m\u00e1xima adaptabilidad a las necesidades de cada cliente individual, as\u00ed como a las demandas del mercado en general, gracias a un equipo de Investigaci\u00f3n y Desarrollo (I+D), formado por ingenieros y t\u00e9cnicos especializados que utilizan software innovador y sistemas dedicados.<br \/>\nPrueba de ello son los numerosos productos personalizados que se han creado, desarrollado y entregado a lo largo de los casi 40 a\u00f1os de historia de la empresa.<\/p>\n<p>Los \u00faltimos retos del mercado (entre los que destaca la transici\u00f3n ecol\u00f3gica) se abordan y superan cada vez con m\u00e1s \u00e9xito gracias a las tecnolog\u00edas cada vez m\u00e1s avanzadas que utiliza TE.M.A. Por ejemplo, en el sector de las encordadoras se utilizan motores que cumplen las \u00faltimas directivas sobre emisiones medioambientales y se han introducido sistemas HMI a bordo.[\/vc_column_text][\/vc_column][vc_column width=\u00bb1\/2&#8243; animation=\u00bbrda_fadeInUp\u00bb][vc_single_image image=\u00bb18726&#8243; img_size=\u00bbfull\u00bb css=\u00bb.vc_custom_1668074750496{padding-top: 24px !important;}\u00bb][\/vc_column][\/vc_row]<\/p>\n","protected":false},"excerpt":{"rendered":"<p>[vc_row css=\u00bb.vc_custom_1653911066291{margin-bottom: 70px !important;padding-top: 47px !important;padding-bottom: 0px !important;}\u00bb parallax_background=\u00bb\u00bb][vc_column width=\u00bb1\/2&#8243; css=\u00bb.vc_custom_1422768980499{padding-top: 45px !important;padding-bottom: 30px !important;}\u00bb][vc_custom_heading text=\u00bbInvestigaci\u00f3n, desarrollo y sostenibilidad\u00bb font_container=\u00bbtag:h2|font_size:26|text_align:left\u00bb google_fonts=\u00bbfont_family:Roboto%3A100%2C100italic%2C300%2C300italic%2Cregular%2Citalic%2C500%2C500italic%2C700%2C700italic%2C900%2C900italic|font_style:500%20bold%20regular%3A500%3Anormal\u00bb css=\u00bb.vc_custom_1658304446235{margin-bottom: 17px !important;}\u00bb][vc_column_text css=\u00bb.vc_custom_1669190950755{margin-bottom: 25px !important;}\u00bb]TE.M.A. se caracteriza ante todo por su orientaci\u00f3n al cliente en todas las fases de preventa y posventa. TE.M.A. demuestra puntualmente la m\u00e1xima adaptabilidad a las necesidades de cada<br \/><a href=\"https:\/\/www.temaitaly.com\/es\/empresa\/investigacion-y-desarrollo\/\" class=\"more\">Read more<\/a><\/p>\n","protected":false},"author":1,"featured_media":0,"parent":16731,"menu_order":0,"comment_status":"closed","ping_status":"open","template":"","meta":[],"aioseo_notices":[],"_links":{"self":[{"href":"https:\/\/www.temaitaly.com\/es\/wp-json\/wp\/v2\/pages\/16793"}],"collection":[{"href":"https:\/\/www.temaitaly.com\/es\/wp-json\/wp\/v2\/pages"}],"about":[{"href":"https:\/\/www.temaitaly.com\/es\/wp-json\/wp\/v2\/types\/page"}],"author":[{"embeddable":true,"href":"https:\/\/www.temaitaly.com\/es\/wp-json\/wp\/v2\/users\/1"}],"replies":[{"embeddable":true,"href":"https:\/\/www.temaitaly.com\/es\/wp-json\/wp\/v2\/comments?post=16793"}],"version-history":[{"count":0,"href":"https:\/\/www.temaitaly.com\/es\/wp-json\/wp\/v2\/pages\/16793\/revisions"}],"up":[{"embeddable":true,"href":"https:\/\/www.temaitaly.com\/es\/wp-json\/wp\/v2\/pages\/16731"}],"wp:attachment":[{"href":"https:\/\/www.temaitaly.com\/es\/wp-json\/wp\/v2\/media?parent=16793"}],"curies":[{"name":"wp","href":"https:\/\/api.w.org\/{rel}","templated":true}]}}