{"id":16805,"date":"2022-11-08T08:31:56","date_gmt":"2022-11-08T08:31:56","guid":{"rendered":"https:\/\/www.temaitaly.com\/productos\/"},"modified":"2024-09-11T13:02:30","modified_gmt":"2024-09-11T13:02:30","slug":"productos","status":"publish","type":"page","link":"https:\/\/www.temaitaly.com\/es\/productos\/","title":{"rendered":"Productos"},"content":{"rendered":"<p>[vc_row css=\u00bb.vc_custom_1653979925887{margin-bottom: 40px !important;padding-top: 20px !important;}\u00bb][vc_column][vc_custom_heading text=\u00bbNUESTROS PRODUCTOS\u00bb font_container=\u00bbtag:h2|font_size:30|text_align:center|color:%232c3e50&#8243; google_fonts=\u00bbfont_family:Roboto%3A100%2C100italic%2C300%2C300italic%2Cregular%2Citalic%2C500%2C500italic%2C700%2C700italic%2C900%2C900italic|font_style:900%20bold%20regular%3A900%3Anormal\u00bb css=\u00bb.vc_custom_1658304888301{margin-top: 20px !important;margin-bottom: 19px !important;}\u00bb el_class=\u00bbletterspacing-2-5&#8243;][vc_custom_heading text=\u00bbTE.M.A fabrica toda la gama de productos necesarios para la construcci\u00f3n y el tendido de l\u00edneas el\u00e9ctricas de alta\/media\/baja tensi\u00f3n. Todos los productos est\u00e1n cubiertos por una certificaci\u00f3n y cumplen las pruebas t\u00e9cnicas y de calidad m\u00e1s estrictas.\u00bb font_container=\u00bbtag:h5|font_size:20|text_align:center|color:%232c3e50|line_height:30px\u00bb google_fonts=\u00bbfont_family:Roboto%3A100%2C100italic%2C300%2C300italic%2Cregular%2Citalic%2C500%2C500italic%2C700%2C700italic%2C900%2C900italic|font_style:400%20regular%3A400%3Anormal\u00bb css=\u00bb.vc_custom_1658932528851{margin-top: 20px !important;margin-bottom: 19px !important;}\u00bb][\/vc_column][\/vc_row][vc_row css=\u00bb.vc_custom_1653979936322{margin-bottom: 0px !important;padding-top: 30px !important;padding-bottom: 40px !important;}\u00bb][vc_column width=\u00bb1\/2&#8243; css=\u00bb.vc_custom_1416983819038{padding-bottom: 30px;}\u00bb][vc_custom_heading text=\u00bbCABRESTANTES Y FRENADORAS\u00bb font_container=\u00bbtag:h3|text_align:center\u00bb google_fonts=\u00bbfont_family:Roboto%3A100%2C100italic%2C300%2C300italic%2Cregular%2Citalic%2C500%2C500italic%2C700%2C700italic%2C900%2C900italic|font_style:700%20bold%20regular%3A700%3Anormal\u00bb css=\u00bb.vc_custom_1669191132046{margin-bottom: 0px !important;}\u00bb][vc_single_image image=\u00bb18524&#8243; img_size=\u00bbfull\u00bb alignment=\u00bbcenter\u00bb onclick=\u00bbcustom_link\u00bb css=\u00bb.vc_custom_1668420473012{margin-bottom: 0px !important;padding-top: 15px !important;padding-bottom: 0px !important;}\u00bb link=\u00bbhttps:\/\/www.temaitaly.com\/es\/categoria-prodotto\/cabrestantes-y-frenadoras\/\u00bb]<style type=\"text\/css\" >#b_2p3ol76ulvx28fp4s1h3 a{color:#ffffff; background:#ed1c24; border-style:solid; border-color:#ffffff; margin-top:0px; margin-bottom:0px;  margin-left:0px; margin-right:0px; font-weight:700; border-radius:0px;}#b_2p3ol76ulvx28fp4s1h3 a:hover{color:#ffffff ; background:#333333 ; border-color:#333333;}<\/style><div class=\"ta_center tf_btn_pos\" id=\"b_2p3ol76ulvx28fp4s1h3\" ><a class=\"rd_stroke_bt small_rd_bt border_2px  bt_icon_right   \" href=\"https:\/\/www.temaitaly.com\/es\/categoria-prodotto\/cabrestantes-y-frenadoras\/\" target=\"\"   ><span>Ir al cat\u00e1logo<\/span><i class=\"ion-ios7-arrow-thin-right\" ><\/i><\/a><\/div><style type=\"text\/css\" >#b_2p3ol76ulvx28fp4s1h3 i {color:#ffffff;}#b_2p3ol76ulvx28fp4s1h3 a:hover i{color:#ffffff;}<\/style><style type='text\/css'> @font-face{font-family: 'ion'; src:url('https:\/\/www.temaitaly.com\/wp-content\/themes\/thefox\/includes\/4k-icons\/icons\/4k-icons-pack03\/icons\/fonts\/ion.eot'); src:url('https:\/\/www.temaitaly.com\/wp-content\/themes\/thefox\/includes\/4k-icons\/icons\/4k-icons-pack03\/icons\/fonts\/ion.eot?#iefix') format('embedded-opentype'), url('https:\/\/www.temaitaly.com\/wp-content\/themes\/thefox\/includes\/4k-icons\/icons\/4k-icons-pack03\/icons\/fonts\/ion.woff') format('woff'), url('https:\/\/www.temaitaly.com\/wp-content\/themes\/thefox\/includes\/4k-icons\/icons\/4k-icons-pack03\/icons\/fonts\/ion.ttf') format('truetype'), url('https:\/\/www.temaitaly.com\/wp-content\/themes\/thefox\/includes\/4k-icons\/icons\/4k-icons-pack03\/icons\/fonts\/ion.svg#oi') format('svg'); font-weight: normal; font-style: normal;}#b_2p3ol76ulvx28fp4s1h3 .ion-ios7-arrow-thin-right:before{font-family: 'ion'; font-weight: normal; font-style: normal;}#b_2p3ol76ulvx28fp4s1h3 .ion-ios7-arrow-thin-right:before{content: \"\\e8bb\";}<\/style>\n[\/vc_column][vc_column width=\u00bb1\/2&#8243; css=\u00bb.vc_custom_1416983825530{padding-bottom: 30px;}\u00bb][vc_custom_heading text=\u00bbEQUIPO DE TENDIDO A\u00c9REO\u00bb font_container=\u00bbtag:h3|text_align:center\u00bb google_fonts=\u00bbfont_family:Roboto%3A100%2C100italic%2C300%2C300italic%2Cregular%2Citalic%2C500%2C500italic%2C700%2C700italic%2C900%2C900italic|font_style:700%20bold%20regular%3A700%3Anormal\u00bb css=\u00bb.vc_custom_1669191143098{margin-bottom: 0px !important;}\u00bb][vc_single_image image=\u00bb18527&#8243; img_size=\u00bbfull\u00bb alignment=\u00bbcenter\u00bb onclick=\u00bbcustom_link\u00bb css=\u00bb.vc_custom_1668420480711{margin-bottom: 0px !important;padding-top: 15px !important;padding-bottom: 0px !important;}\u00bb link=\u00bbhttps:\/\/www.temaitaly.com\/es\/categoria-prodotto\/equipo-y-accesorios-para-tendido-de-cables-aereos\/\u00bb]<style type=\"text\/css\" >#b_p02uryywegddtjsvh4mh a{color:#ffffff; background:#41ad49; border-style:solid; border-color:#ffffff; margin-top:0px; margin-bottom:0px;  margin-left:0px; margin-right:0px; font-weight:700; border-radius:0px;}#b_p02uryywegddtjsvh4mh a:hover{color:#ffffff ; background:#333333 ; border-color:#333333;}<\/style><div class=\"ta_center tf_btn_pos\" id=\"b_p02uryywegddtjsvh4mh\" ><a class=\"rd_stroke_bt small_rd_bt border_2px  bt_icon_right   \" href=\"https:\/\/www.temaitaly.com\/es\/categoria-prodotto\/equipo-y-accesorios-para-tendido-de-cables-aereos\/\" target=\"\"   ><span>Ir al cat\u00e1logo<\/span><i class=\"ion-ios7-arrow-thin-right\" ><\/i><\/a><\/div><style type=\"text\/css\" >#b_p02uryywegddtjsvh4mh i {color:#ffffff;}#b_p02uryywegddtjsvh4mh a:hover i{color:#ffffff;}<\/style><style type='text\/css'> @font-face{font-family: 'ion'; src:url('https:\/\/www.temaitaly.com\/wp-content\/themes\/thefox\/includes\/4k-icons\/icons\/4k-icons-pack03\/icons\/fonts\/ion.eot'); src:url('https:\/\/www.temaitaly.com\/wp-content\/themes\/thefox\/includes\/4k-icons\/icons\/4k-icons-pack03\/icons\/fonts\/ion.eot?#iefix') format('embedded-opentype'), url('https:\/\/www.temaitaly.com\/wp-content\/themes\/thefox\/includes\/4k-icons\/icons\/4k-icons-pack03\/icons\/fonts\/ion.woff') format('woff'), url('https:\/\/www.temaitaly.com\/wp-content\/themes\/thefox\/includes\/4k-icons\/icons\/4k-icons-pack03\/icons\/fonts\/ion.ttf') format('truetype'), url('https:\/\/www.temaitaly.com\/wp-content\/themes\/thefox\/includes\/4k-icons\/icons\/4k-icons-pack03\/icons\/fonts\/ion.svg#oi') format('svg'); font-weight: normal; font-style: normal;}#b_p02uryywegddtjsvh4mh .ion-ios7-arrow-thin-right:before{font-family: 'ion'; font-weight: normal; font-style: normal;}#b_p02uryywegddtjsvh4mh .ion-ios7-arrow-thin-right:before{content: \"\\e8bb\";}<\/style>\n[\/vc_column][\/vc_row][vc_row css=\u00bb.vc_custom_1653979964494{margin-bottom: 0px !important;padding-top: 0px !important;padding-bottom: 71px !important;}\u00bb][vc_column width=\u00bb1\/2&#8243; css=\u00bb.vc_custom_1416983819038{padding-bottom: 30px;}\u00bb][vc_custom_heading text=\u00bbEQUIPO DE ALUMINIO\u00bb font_container=\u00bbtag:h3|text_align:center\u00bb google_fonts=\u00bbfont_family:Roboto%3A100%2C100italic%2C300%2C300italic%2Cregular%2Citalic%2C500%2C500italic%2C700%2C700italic%2C900%2C900italic|font_style:700%20bold%20regular%3A700%3Anormal\u00bb css=\u00bb.vc_custom_1669191153384{margin-bottom: 0px !important;}\u00bb][vc_single_image image=\u00bb18525&#8243; img_size=\u00bbfull\u00bb alignment=\u00bbcenter\u00bb onclick=\u00bbcustom_link\u00bb css=\u00bb.vc_custom_1668420524859{margin-bottom: 0px !important;padding-top: 15px !important;padding-bottom: 0px !important;}\u00bb link=\u00bbhttps:\/\/www.temaitaly.com\/es\/categoria-prodotto\/equipamientos-en-aleacion-de-aluminio\/\u00bb]<style type=\"text\/css\" >#b_z2o453j0w4g9bwp2kame a{color:#ffffff; background:#00aeef; border-style:solid; border-color:#ffffff; margin-top:0px; margin-bottom:0px;  margin-left:0px; margin-right:0px; font-weight:700; border-radius:0px;}#b_z2o453j0w4g9bwp2kame a:hover{color:#ffffff ; background:#333333 ; border-color:#333333;}<\/style><div class=\"ta_center tf_btn_pos\" id=\"b_z2o453j0w4g9bwp2kame\" ><a class=\"rd_stroke_bt small_rd_bt border_2px  bt_icon_right   \" href=\"https:\/\/www.temaitaly.com\/es\/categoria-prodotto\/equipamientos-en-aleacion-de-aluminio\/\" target=\"\"   ><span>Ir al cat\u00e1logo<\/span><i class=\"ion-ios7-arrow-thin-right\" ><\/i><\/a><\/div><style type=\"text\/css\" >#b_z2o453j0w4g9bwp2kame i {color:#ffffff;}#b_z2o453j0w4g9bwp2kame a:hover i{color:#ffffff;}<\/style><style type='text\/css'> @font-face{font-family: 'ion'; src:url('https:\/\/www.temaitaly.com\/wp-content\/themes\/thefox\/includes\/4k-icons\/icons\/4k-icons-pack03\/icons\/fonts\/ion.eot'); src:url('https:\/\/www.temaitaly.com\/wp-content\/themes\/thefox\/includes\/4k-icons\/icons\/4k-icons-pack03\/icons\/fonts\/ion.eot?#iefix') format('embedded-opentype'), url('https:\/\/www.temaitaly.com\/wp-content\/themes\/thefox\/includes\/4k-icons\/icons\/4k-icons-pack03\/icons\/fonts\/ion.woff') format('woff'), url('https:\/\/www.temaitaly.com\/wp-content\/themes\/thefox\/includes\/4k-icons\/icons\/4k-icons-pack03\/icons\/fonts\/ion.ttf') format('truetype'), url('https:\/\/www.temaitaly.com\/wp-content\/themes\/thefox\/includes\/4k-icons\/icons\/4k-icons-pack03\/icons\/fonts\/ion.svg#oi') format('svg'); font-weight: normal; font-style: normal;}#b_z2o453j0w4g9bwp2kame .ion-ios7-arrow-thin-right:before{font-family: 'ion'; font-weight: normal; font-style: normal;}#b_z2o453j0w4g9bwp2kame .ion-ios7-arrow-thin-right:before{content: \"\\e8bb\";}<\/style>\n[\/vc_column][vc_column width=\u00bb1\/2&#8243; css=\u00bb.vc_custom_1416983825530{padding-bottom: 30px;}\u00bb][vc_custom_heading text=\u00bbEQUIPO DE CABLEADO SUBTERR\u00c1NEO\u00bb font_container=\u00bbtag:h3|text_align:center\u00bb google_fonts=\u00bbfont_family:Roboto%3A100%2C100italic%2C300%2C300italic%2Cregular%2Citalic%2C500%2C500italic%2C700%2C700italic%2C900%2C900italic|font_style:700%20bold%20regular%3A700%3Anormal\u00bb css=\u00bb.vc_custom_1669191162670{margin-bottom: 0px !important;}\u00bb][vc_single_image image=\u00bb18526&#8243; img_size=\u00bbfull\u00bb alignment=\u00bbcenter\u00bb onclick=\u00bbcustom_link\u00bb css=\u00bb.vc_custom_1668420540561{margin-bottom: 0px !important;padding-top: 15px !important;padding-bottom: 0px !important;}\u00bb link=\u00bbhttps:\/\/www.temaitaly.com\/es\/categoria-prodotto\/accesorios-para-tendido-de-cables\/\u00bb]<style type=\"text\/css\" >#b_3qylhtdqlx0mcuog7mnh a{color:#ffffff; background:#f36f21; border-style:solid; border-color:#ffffff; margin-top:0px; margin-bottom:0px;  margin-left:0px; margin-right:0px; font-weight:700; border-radius:0px;}#b_3qylhtdqlx0mcuog7mnh a:hover{color:#ffffff ; background:#333333 ; border-color:#333333;}<\/style><div class=\"ta_center tf_btn_pos\" id=\"b_3qylhtdqlx0mcuog7mnh\" ><a class=\"rd_stroke_bt small_rd_bt border_2px  bt_icon_right   \" href=\"https:\/\/www.temaitaly.com\/es\/categoria-prodotto\/accesorios-para-tendido-de-cables\/\" target=\"\"   ><span>Ir al cat\u00e1logo<\/span><i class=\"ion-ios7-arrow-thin-right\" ><\/i><\/a><\/div><style type=\"text\/css\" >#b_3qylhtdqlx0mcuog7mnh i {color:#ffffff;}#b_3qylhtdqlx0mcuog7mnh a:hover i{color:#ffffff;}<\/style><style type='text\/css'> @font-face{font-family: 'ion'; src:url('https:\/\/www.temaitaly.com\/wp-content\/themes\/thefox\/includes\/4k-icons\/icons\/4k-icons-pack03\/icons\/fonts\/ion.eot'); src:url('https:\/\/www.temaitaly.com\/wp-content\/themes\/thefox\/includes\/4k-icons\/icons\/4k-icons-pack03\/icons\/fonts\/ion.eot?#iefix') format('embedded-opentype'), url('https:\/\/www.temaitaly.com\/wp-content\/themes\/thefox\/includes\/4k-icons\/icons\/4k-icons-pack03\/icons\/fonts\/ion.woff') format('woff'), url('https:\/\/www.temaitaly.com\/wp-content\/themes\/thefox\/includes\/4k-icons\/icons\/4k-icons-pack03\/icons\/fonts\/ion.ttf') format('truetype'), url('https:\/\/www.temaitaly.com\/wp-content\/themes\/thefox\/includes\/4k-icons\/icons\/4k-icons-pack03\/icons\/fonts\/ion.svg#oi') format('svg'); font-weight: normal; font-style: normal;}#b_3qylhtdqlx0mcuog7mnh .ion-ios7-arrow-thin-right:before{font-family: 'ion'; font-weight: normal; font-style: normal;}#b_3qylhtdqlx0mcuog7mnh .ion-ios7-arrow-thin-right:before{content: \"\\e8bb\";}<\/style>\n[\/vc_column][\/vc_row][vc_row type=\u00bbfull-width-section\u00bb css=\u00bb.vc_custom_1668416274255{margin-bottom: 0px !important;padding-top: 92px !important;padding-bottom: 93px !important;background-image: url(https:\/\/www.temaitaly.com\/wp-content\/uploads\/2022\/11\/banner-catalogo-2022-02.jpg?id=15815) !important;}\u00bb font_color=\u00bb#ffffff\u00bb parallax_background=\u00bb1&#8243;][vc_column][vc_custom_heading text=\u00bbDescubra nuestra gama de productos\u00bb font_container=\u00bbtag:h2|font_size:44|text_align:center|color:%23ffffff|line_height:36px\u00bb google_fonts=\u00bbfont_family:Roboto%3A100%2C100italic%2C300%2C300italic%2Cregular%2Citalic%2C500%2C500italic%2C700%2C700italic%2C900%2C900italic|font_style:700%20bold%20regular%3A700%3Anormal\u00bb css=\u00bb.vc_custom_1653905571400{margin-bottom: 15px !important;}\u00bb]<style type=\"text\/css\" >#l_5osiq5zj2bpl5mllfmk3.sc_line ,#l_5osiq5zj2bpl5mllfmk3 .sc_line { height:1px; background:;}#l_5osiq5zj2bpl5mllfmk3 {margin:30px 0 0px 0; padding:0;}<\/style><div class=\"clearfix\"><\/div><div id=\"l_5osiq5zj2bpl5mllfmk3\"  class=\"sc_line rd_line_normal\" ><\/div>[vc_row_inner css=\u00bb.vc_custom_1653905636081{margin-bottom: 0px !important;}\u00bb][vc_column_inner width=\u00bb1\/4&#8243;][\/vc_column_inner][vc_column_inner width=\u00bb1\/4&#8243;]<style type=\"text\/css\" >#b_lokzg6yyrbsmylkb0cbv a{color:#2c3e50; background:#ffffff; border-style:solid; border-color:#2c3e50; margin-top:0px; margin-bottom:0px;  margin-left:0px; margin-right:0px; font-weight:700; border-radius:4px;}#b_lokzg6yyrbsmylkb0cbv a:hover{color:#ffffff ; background:#2c3e50 ; border-color:#2c3e50;}<\/style><div class=\"ta_center tf_btn_pos\" id=\"b_lokzg6yyrbsmylkb0cbv\" ><a class=\"rd_stroke_bt small_rd_bt border_2px  bt_icon_right   \" href=\"https:\/\/www.temaitaly.com\/es\/catalogo-general\/\" target=\"\"   ><span>IR AL CAT\u00c1LOGO<\/span><i class=\"ion-ios7-arrow-thin-right\" ><\/i><\/a><\/div><style type=\"text\/css\" >#b_lokzg6yyrbsmylkb0cbv i {color:#2c3e50;}#b_lokzg6yyrbsmylkb0cbv a:hover i{color:#ffffff;}<\/style><style type='text\/css'> @font-face{font-family: 'ion'; src:url('https:\/\/www.temaitaly.com\/wp-content\/themes\/thefox\/includes\/4k-icons\/icons\/4k-icons-pack03\/icons\/fonts\/ion.eot'); src:url('https:\/\/www.temaitaly.com\/wp-content\/themes\/thefox\/includes\/4k-icons\/icons\/4k-icons-pack03\/icons\/fonts\/ion.eot?#iefix') format('embedded-opentype'), url('https:\/\/www.temaitaly.com\/wp-content\/themes\/thefox\/includes\/4k-icons\/icons\/4k-icons-pack03\/icons\/fonts\/ion.woff') format('woff'), url('https:\/\/www.temaitaly.com\/wp-content\/themes\/thefox\/includes\/4k-icons\/icons\/4k-icons-pack03\/icons\/fonts\/ion.ttf') format('truetype'), url('https:\/\/www.temaitaly.com\/wp-content\/themes\/thefox\/includes\/4k-icons\/icons\/4k-icons-pack03\/icons\/fonts\/ion.svg#oi') format('svg'); font-weight: normal; font-style: normal;}#b_lokzg6yyrbsmylkb0cbv .ion-ios7-arrow-thin-right:before{font-family: 'ion'; font-weight: normal; font-style: normal;}#b_lokzg6yyrbsmylkb0cbv .ion-ios7-arrow-thin-right:before{content: \"\\e8bb\";}<\/style>\n[\/vc_column_inner][vc_column_inner width=\u00bb1\/4&#8243;]<style type=\"text\/css\" >#b_s2ssmo4znbn5unpdx0wl a{color:#2c3e50; background:#ffffff; border-style:solid; border-color:#2c3e50; margin-top:0px; margin-bottom:0px;  margin-left:0px; margin-right:0px; font-weight:700; border-radius:4px;}#b_s2ssmo4znbn5unpdx0wl a:hover{color:#ffffff ; background:#2c3e50 ; border-color:#2c3e50;}<\/style><div class=\"ta_center tf_btn_pos\" id=\"b_s2ssmo4znbn5unpdx0wl\" ><a class=\"rd_stroke_bt small_rd_bt border_2px  bt_icon_right   \" href=\"https:\/\/www.temaitaly.com\/es\/descargar-el-catalogo\/\" target=\"\"   ><span>DESCARGAR EL CAT\u00c1LOGO EN PDF<\/span><i class=\"ion-ios7-arrow-thin-right\" ><\/i><\/a><\/div><style type=\"text\/css\" >#b_s2ssmo4znbn5unpdx0wl i {color:#2c3e50;}#b_s2ssmo4znbn5unpdx0wl a:hover i{color:#ffffff;}<\/style><style type='text\/css'> @font-face{font-family: 'ion'; src:url('https:\/\/www.temaitaly.com\/wp-content\/themes\/thefox\/includes\/4k-icons\/icons\/4k-icons-pack03\/icons\/fonts\/ion.eot'); src:url('https:\/\/www.temaitaly.com\/wp-content\/themes\/thefox\/includes\/4k-icons\/icons\/4k-icons-pack03\/icons\/fonts\/ion.eot?#iefix') format('embedded-opentype'), url('https:\/\/www.temaitaly.com\/wp-content\/themes\/thefox\/includes\/4k-icons\/icons\/4k-icons-pack03\/icons\/fonts\/ion.woff') format('woff'), url('https:\/\/www.temaitaly.com\/wp-content\/themes\/thefox\/includes\/4k-icons\/icons\/4k-icons-pack03\/icons\/fonts\/ion.ttf') format('truetype'), url('https:\/\/www.temaitaly.com\/wp-content\/themes\/thefox\/includes\/4k-icons\/icons\/4k-icons-pack03\/icons\/fonts\/ion.svg#oi') format('svg'); font-weight: normal; font-style: normal;}#b_s2ssmo4znbn5unpdx0wl .ion-ios7-arrow-thin-right:before{font-family: 'ion'; font-weight: normal; font-style: normal;}#b_s2ssmo4znbn5unpdx0wl .ion-ios7-arrow-thin-right:before{content: \"\\e8bb\";}<\/style>\n[\/vc_column_inner][vc_column_inner width=\u00bb1\/4&#8243;][\/vc_column_inner][\/vc_row_inner][\/vc_column][\/vc_row]<\/p>\n","protected":false},"excerpt":{"rendered":"<p>[vc_row css=\u00bb.vc_custom_1653979925887{margin-bottom: 40px !important;padding-top: 20px !important;}\u00bb][vc_column][vc_custom_heading text=\u00bbNUESTROS PRODUCTOS\u00bb font_container=\u00bbtag:h2|font_size:30|text_align:center|color:%232c3e50&#8243; google_fonts=\u00bbfont_family:Roboto%3A100%2C100italic%2C300%2C300italic%2Cregular%2Citalic%2C500%2C500italic%2C700%2C700italic%2C900%2C900italic|font_style:900%20bold%20regular%3A900%3Anormal\u00bb css=\u00bb.vc_custom_1658304888301{margin-top: 20px !important;margin-bottom: 19px !important;}\u00bb el_class=\u00bbletterspacing-2-5&#8243;][vc_custom_heading text=\u00bbTE.M.A fabrica toda la gama de productos necesarios para la construcci\u00f3n y el tendido de l\u00edneas el\u00e9ctricas de alta\/media\/baja tensi\u00f3n. Todos los productos est\u00e1n cubiertos por una certificaci\u00f3n y cumplen las pruebas t\u00e9cnicas y de calidad m\u00e1s estrictas.\u00bb font_container=\u00bbtag:h5|font_size:20|text_align:center|color:%232c3e50|line_height:30px\u00bb<br \/><a href=\"https:\/\/www.temaitaly.com\/es\/productos\/\" class=\"more\">Read more<\/a><\/p>\n","protected":false},"author":1,"featured_media":0,"parent":0,"menu_order":0,"comment_status":"closed","ping_status":"closed","template":"","meta":[],"aioseo_notices":[],"_links":{"self":[{"href":"https:\/\/www.temaitaly.com\/es\/wp-json\/wp\/v2\/pages\/16805"}],"collection":[{"href":"https:\/\/www.temaitaly.com\/es\/wp-json\/wp\/v2\/pages"}],"about":[{"href":"https:\/\/www.temaitaly.com\/es\/wp-json\/wp\/v2\/types\/page"}],"author":[{"embeddable":true,"href":"https:\/\/www.temaitaly.com\/es\/wp-json\/wp\/v2\/users\/1"}],"replies":[{"embeddable":true,"href":"https:\/\/www.temaitaly.com\/es\/wp-json\/wp\/v2\/comments?post=16805"}],"version-history":[{"count":2,"href":"https:\/\/www.temaitaly.com\/es\/wp-json\/wp\/v2\/pages\/16805\/revisions"}],"predecessor-version":[{"id":338990,"href":"https:\/\/www.temaitaly.com\/es\/wp-json\/wp\/v2\/pages\/16805\/revisions\/338990"}],"wp:attachment":[{"href":"https:\/\/www.temaitaly.com\/es\/wp-json\/wp\/v2\/media?parent=16805"}],"curies":[{"name":"wp","href":"https:\/\/api.w.org\/{rel}","templated":true}]}}