{"id":16814,"date":"2022-11-08T08:32:28","date_gmt":"2022-11-08T08:32:28","guid":{"rendered":"https:\/\/www.temaitaly.com\/servicios\/"},"modified":"2024-08-01T14:24:42","modified_gmt":"2024-08-01T14:24:42","slug":"servicios","status":"publish","type":"page","link":"https:\/\/www.temaitaly.com\/es\/servicios\/","title":{"rendered":"Servicios"},"content":{"rendered":"<p>[vc_row css=\u00bb.vc_custom_1666166324005{margin-bottom: 0px !important;padding-top: 50px !important;}\u00bb][vc_column][vc_custom_heading text=\u00bbNUESTROS SERVICIOS\u00bb font_container=\u00bbtag:h2|font_size:30|text_align:center|color:%232c3e50&#8243; google_fonts=\u00bbfont_family:Roboto%3A100%2C100italic%2C300%2C300italic%2Cregular%2Citalic%2C500%2C500italic%2C700%2C700italic%2C900%2C900italic|font_style:900%20bold%20regular%3A900%3Anormal\u00bb css=\u00bb.vc_custom_1658304960487{margin-top: 20px !important;margin-bottom: 19px !important;}\u00bb el_class=\u00bbletterspacing-2-5&#8243;][\/vc_column][\/vc_row][vc_row css=\u00bb.vc_custom_1666166343043{margin-top: 30px !important;}\u00bb][vc_column width=\u00bb1\/2&#8243;][vc_row_inner][vc_column_inner width=\u00bb1\/4&#8243;][vc_single_image image=\u00bb16706&#8243; img_size=\u00bbfull\u00bb][\/vc_column_inner][vc_column_inner width=\u00bb3\/4&#8243;][vc_custom_heading text=\u00bbAPOYO Y ASESORAMIENTO PREVENTA\u00bb font_container=\u00bbtag:h6|font_size:16|text_align:left|color:%232c3e50&#8243; google_fonts=\u00bbfont_family:Roboto%3A100%2C100italic%2C300%2C300italic%2Cregular%2Citalic%2C500%2C500italic%2C700%2C700italic%2C900%2C900italic|font_style:900%20bold%20regular%3A900%3Anormal\u00bb css=\u00bb.vc_custom_1658302003206{margin-top: 0px !important;margin-bottom: 20px !important;}\u00bb el_class=\u00bbletterspacing-2-5&#8243;][vc_column_text]El equipo de ingenieros y comerciales est\u00e1 a su disposici\u00f3n con experiencia y conocimientos, ayud\u00e1ndole a identificar las soluciones t\u00e9cnicas m\u00e1s adecuadas a sus necesidades.[\/vc_column_text][\/vc_column_inner][\/vc_row_inner][\/vc_column][vc_column width=\u00bb1\/2&#8243;][vc_row_inner][vc_column_inner width=\u00bb1\/4&#8243;][vc_single_image image=\u00bb16705&#8243; img_size=\u00bbfull\u00bb][\/vc_column_inner][vc_column_inner width=\u00bb3\/4&#8243;][vc_custom_heading text=\u00bbFORMACI\u00d3N Y PUESTA EN MARCHA\u00bb font_container=\u00bbtag:h6|font_size:16|text_align:left|color:%232c3e50&#8243; google_fonts=\u00bbfont_family:Roboto%3A100%2C100italic%2C300%2C300italic%2Cregular%2Citalic%2C500%2C500italic%2C700%2C700italic%2C900%2C900italic|font_style:900%20bold%20regular%3A900%3Anormal\u00bb css=\u00bb.vc_custom_1658302160864{margin-top: 0px !important;margin-bottom: 20px !important;}\u00bb el_class=\u00bbletterspacing-2-5&#8243;][vc_column_text]Los equipos t\u00e9cnicos y los agentes de ventas se desplazan por todo el mundo para ayudar a los clientes durante la instalaci\u00f3n y la puesta en marcha.<br \/>\nSe presta especial atenci\u00f3n a la instrucci\u00f3n de los operadores, haci\u00e9ndolos aut\u00f3nomos en el uso de las m\u00e1quinas y equipos, y a la expedici\u00f3n de certificados de formaci\u00f3n especiales.[\/vc_column_text][\/vc_column_inner][\/vc_row_inner][\/vc_column][\/vc_row][vc_row][vc_column width=\u00bb1\/2&#8243;][vc_row_inner][vc_column_inner width=\u00bb1\/4&#8243;][vc_single_image image=\u00bb16704&#8243; img_size=\u00bbfull\u00bb][\/vc_column_inner][vc_column_inner width=\u00bb3\/4&#8243;][vc_custom_heading text=\u00bbPERSONALIZACI\u00d3N DE PRODUCTOS\u00bb font_container=\u00bbtag:h6|font_size:16|text_align:left|color:%232c3e50&#8243; google_fonts=\u00bbfont_family:Roboto%3A100%2C100italic%2C300%2C300italic%2Cregular%2Citalic%2C500%2C500italic%2C700%2C700italic%2C900%2C900italic|font_style:900%20bold%20regular%3A900%3Anormal\u00bb css=\u00bb.vc_custom_1658302261674{margin-top: 0px !important;margin-bottom: 20px !important;}\u00bb el_class=\u00bbletterspacing-2-5&#8243;][vc_column_text]Gracias a d\u00e9cadas de experiencia, podemos ofrecerle soluciones adaptadas a sus necesidades espec\u00edficas, adaptando o fabricando productos altamente personalizados.[\/vc_column_text][\/vc_column_inner][\/vc_row_inner][\/vc_column][vc_column width=\u00bb1\/2&#8243;][vc_row_inner][vc_column_inner width=\u00bb1\/4&#8243;][vc_single_image image=\u00bb16703&#8243; img_size=\u00bbfull\u00bb][\/vc_column_inner][vc_column_inner width=\u00bb3\/4&#8243;][vc_custom_heading text=\u00bbASISTENCIA T\u00c9CNICA\u00bb font_container=\u00bbtag:h6|font_size:16|text_align:left|color:%232c3e50&#8243; google_fonts=\u00bbfont_family:Roboto%3A100%2C100italic%2C300%2C300italic%2Cregular%2Citalic%2C500%2C500italic%2C700%2C700italic%2C900%2C900italic|font_style:900%20bold%20regular%3A900%3Anormal\u00bb css=\u00bb.vc_custom_1658302347245{margin-top: 0px !important;margin-bottom: 20px !important;}\u00bb el_class=\u00bbletterspacing-2-5&#8243;][vc_column_text]Nuestro equipo de servicio t\u00e9cnico opera en todo el mundo para el mantenimiento general, las reparaciones y la asistencia en caso de aver\u00eda. Las piezas de recambio originales garantizan que su equipo siga funcionando durante muchos a\u00f1os con fiabilidad y seguridad.[\/vc_column_text][\/vc_column_inner][\/vc_row_inner][\/vc_column][\/vc_row]<\/p>\n","protected":false},"excerpt":{"rendered":"<p>[vc_row css=\u00bb.vc_custom_1666166324005{margin-bottom: 0px !important;padding-top: 50px !important;}\u00bb][vc_column][vc_custom_heading text=\u00bbNUESTROS SERVICIOS\u00bb font_container=\u00bbtag:h2|font_size:30|text_align:center|color:%232c3e50&#8243; google_fonts=\u00bbfont_family:Roboto%3A100%2C100italic%2C300%2C300italic%2Cregular%2Citalic%2C500%2C500italic%2C700%2C700italic%2C900%2C900italic|font_style:900%20bold%20regular%3A900%3Anormal\u00bb css=\u00bb.vc_custom_1658304960487{margin-top: 20px !important;margin-bottom: 19px !important;}\u00bb el_class=\u00bbletterspacing-2-5&#8243;][\/vc_column][\/vc_row][vc_row css=\u00bb.vc_custom_1666166343043{margin-top: 30px !important;}\u00bb][vc_column width=\u00bb1\/2&#8243;][vc_row_inner][vc_column_inner width=\u00bb1\/4&#8243;][vc_single_image image=\u00bb16706&#8243; img_size=\u00bbfull\u00bb][\/vc_column_inner][vc_column_inner width=\u00bb3\/4&#8243;][vc_custom_heading text=\u00bbAPOYO Y ASESORAMIENTO PREVENTA\u00bb font_container=\u00bbtag:h6|font_size:16|text_align:left|color:%232c3e50&#8243; google_fonts=\u00bbfont_family:Roboto%3A100%2C100italic%2C300%2C300italic%2Cregular%2Citalic%2C500%2C500italic%2C700%2C700italic%2C900%2C900italic|font_style:900%20bold%20regular%3A900%3Anormal\u00bb css=\u00bb.vc_custom_1658302003206{margin-top: 0px !important;margin-bottom: 20px !important;}\u00bb el_class=\u00bbletterspacing-2-5&#8243;][vc_column_text]El equipo de ingenieros y comerciales est\u00e1 a su disposici\u00f3n con experiencia y conocimientos, ayud\u00e1ndole a identificar las soluciones t\u00e9cnicas<br \/><a href=\"https:\/\/www.temaitaly.com\/es\/servicios\/\" class=\"more\">Read more<\/a><\/p>\n","protected":false},"author":1,"featured_media":0,"parent":0,"menu_order":0,"comment_status":"closed","ping_status":"closed","template":"","meta":[],"aioseo_notices":[],"_links":{"self":[{"href":"https:\/\/www.temaitaly.com\/es\/wp-json\/wp\/v2\/pages\/16814"}],"collection":[{"href":"https:\/\/www.temaitaly.com\/es\/wp-json\/wp\/v2\/pages"}],"about":[{"href":"https:\/\/www.temaitaly.com\/es\/wp-json\/wp\/v2\/types\/page"}],"author":[{"embeddable":true,"href":"https:\/\/www.temaitaly.com\/es\/wp-json\/wp\/v2\/users\/1"}],"replies":[{"embeddable":true,"href":"https:\/\/www.temaitaly.com\/es\/wp-json\/wp\/v2\/comments?post=16814"}],"version-history":[{"count":1,"href":"https:\/\/www.temaitaly.com\/es\/wp-json\/wp\/v2\/pages\/16814\/revisions"}],"predecessor-version":[{"id":338604,"href":"https:\/\/www.temaitaly.com\/es\/wp-json\/wp\/v2\/pages\/16814\/revisions\/338604"}],"wp:attachment":[{"href":"https:\/\/www.temaitaly.com\/es\/wp-json\/wp\/v2\/media?parent=16814"}],"curies":[{"name":"wp","href":"https:\/\/api.w.org\/{rel}","templated":true}]}}