{"id":25059,"date":"2023-07-17T11:01:03","date_gmt":"2023-07-17T11:59:03","guid":{"rendered":"https:\/\/www.temaitaly.com\/prodotto\/101a1-cabrestante-capacidad-10-kn\/"},"modified":"2024-02-16T00:10:03","modified_gmt":"2024-02-16T00:10:03","slug":"101a1-argano-capacita-10-kn","status":"publish","type":"product","link":"https:\/\/www.temaitaly.com\/es\/prodotto\/101a1-argano-capacita-10-kn\/","title":{"rendered":"101A1<br>ARGANO<br><span class='subtitle-product'>Capacidad 10 kN<\/span>"},"content":{"rendered":"","protected":false},"excerpt":{"rendered":"<p>Cabrestante hidr\u00e1ulico 10 kN para el tendido de l\u00edneas a\u00e9reas B.T. y M.T., ensamblaje y operaciones de izado, as\u00ed como tambi\u00e9n la instalaci\u00f3n de cables subterr\u00e1neos.<\/p>\n","protected":false},"featured_media":430585,"template":"","meta":[],"product_cat":[274],"product_tag":[],"aioseo_notices":[],"_links":{"self":[{"href":"https:\/\/www.temaitaly.com\/es\/wp-json\/wp\/v2\/product\/25059"}],"collection":[{"href":"https:\/\/www.temaitaly.com\/es\/wp-json\/wp\/v2\/product"}],"about":[{"href":"https:\/\/www.temaitaly.com\/es\/wp-json\/wp\/v2\/types\/product"}],"wp:featuredmedia":[{"embeddable":true,"href":"https:\/\/www.temaitaly.com\/es\/wp-json\/wp\/v2\/media\/430585"}],"wp:attachment":[{"href":"https:\/\/www.temaitaly.com\/es\/wp-json\/wp\/v2\/media?parent=25059"}],"wp:term":[{"taxonomy":"product_cat","embeddable":true,"href":"https:\/\/www.temaitaly.com\/es\/wp-json\/wp\/v2\/product_cat?post=25059"},{"taxonomy":"product_tag","embeddable":true,"href":"https:\/\/www.temaitaly.com\/es\/wp-json\/wp\/v2\/product_tag?post=25059"}],"curies":[{"name":"wp","href":"https:\/\/api.w.org\/{rel}","templated":true}]}}