{"id":25068,"date":"2023-07-17T11:01:23","date_gmt":"2023-07-17T11:59:06","guid":{"rendered":"https:\/\/www.temaitaly.com\/prodotto\/109t1-5-cabrestante-capacidad-15-kn\/"},"modified":"2024-02-16T00:10:04","modified_gmt":"2024-02-16T00:10:04","slug":"109t1-5-cabrestante-capacidad-15-kn","status":"publish","type":"product","link":"https:\/\/www.temaitaly.com\/es\/prodotto\/109t1-5-cabrestante-capacidad-15-kn\/","title":{"rendered":"109T1.5<br>CABRESTANTE<br><span class='subtitle-product'>Capacidad 15 kN<\/span>"},"content":{"rendered":"","protected":false},"excerpt":{"rendered":"<p>Cabrestante hidr\u00e1ulico con tambor frontal 15 kN de capacidad, para instalaciones de torres el\u00e9ctricas y flechados, operaciones de tendidos a\u00e9reos de media y alta tensi\u00f3n o en cableados subterr\u00e1neos.<\/p>\n","protected":false},"featured_media":430677,"template":"","meta":[],"product_cat":[274],"product_tag":[],"aioseo_notices":[],"_links":{"self":[{"href":"https:\/\/www.temaitaly.com\/es\/wp-json\/wp\/v2\/product\/25068"}],"collection":[{"href":"https:\/\/www.temaitaly.com\/es\/wp-json\/wp\/v2\/product"}],"about":[{"href":"https:\/\/www.temaitaly.com\/es\/wp-json\/wp\/v2\/types\/product"}],"wp:featuredmedia":[{"embeddable":true,"href":"https:\/\/www.temaitaly.com\/es\/wp-json\/wp\/v2\/media\/430677"}],"wp:attachment":[{"href":"https:\/\/www.temaitaly.com\/es\/wp-json\/wp\/v2\/media?parent=25068"}],"wp:term":[{"taxonomy":"product_cat","embeddable":true,"href":"https:\/\/www.temaitaly.com\/es\/wp-json\/wp\/v2\/product_cat?post=25068"},{"taxonomy":"product_tag","embeddable":true,"href":"https:\/\/www.temaitaly.com\/es\/wp-json\/wp\/v2\/product_tag?post=25068"}],"curies":[{"name":"wp","href":"https:\/\/api.w.org\/{rel}","templated":true}]}}