{"id":25076,"date":"2023-07-17T11:01:34","date_gmt":"2023-07-17T11:59:09","guid":{"rendered":"https:\/\/www.temaitaly.com\/prodotto\/109t5-cabrestante-capacidad-50-kn\/"},"modified":"2024-02-16T00:10:04","modified_gmt":"2024-02-16T00:10:04","slug":"109t5-cabrestante-capacidad-50-kn","status":"publish","type":"product","link":"https:\/\/www.temaitaly.com\/es\/prodotto\/109t5-cabrestante-capacidad-50-kn\/","title":{"rendered":"109T5<br>CABRESTANTE<br><span class='subtitle-product'>Capacidad 50 kN<\/span>"},"content":{"rendered":"","protected":false},"excerpt":{"rendered":"<p>Cabrestante hidr\u00e1ulico 55 kN de capacidad apto para el transporte en helic\u00f3ptero, para el tendido de l\u00edneas a\u00e9reas B.T. y M.T., ensamblaje y operaciones de izado, as\u00ed como tambi\u00e9n la instalaci\u00f3n de cables subterr\u00e1neos.<\/p>\n","protected":false},"featured_media":430729,"template":"","meta":[],"product_cat":[274],"product_tag":[],"aioseo_notices":[],"_links":{"self":[{"href":"https:\/\/www.temaitaly.com\/es\/wp-json\/wp\/v2\/product\/25076"}],"collection":[{"href":"https:\/\/www.temaitaly.com\/es\/wp-json\/wp\/v2\/product"}],"about":[{"href":"https:\/\/www.temaitaly.com\/es\/wp-json\/wp\/v2\/types\/product"}],"wp:featuredmedia":[{"embeddable":true,"href":"https:\/\/www.temaitaly.com\/es\/wp-json\/wp\/v2\/media\/430729"}],"wp:attachment":[{"href":"https:\/\/www.temaitaly.com\/es\/wp-json\/wp\/v2\/media?parent=25076"}],"wp:term":[{"taxonomy":"product_cat","embeddable":true,"href":"https:\/\/www.temaitaly.com\/es\/wp-json\/wp\/v2\/product_cat?post=25076"},{"taxonomy":"product_tag","embeddable":true,"href":"https:\/\/www.temaitaly.com\/es\/wp-json\/wp\/v2\/product_tag?post=25076"}],"curies":[{"name":"wp","href":"https:\/\/api.w.org\/{rel}","templated":true}]}}