{"id":25080,"date":"2023-07-17T11:01:43","date_gmt":"2023-07-17T11:59:10","guid":{"rendered":"https:\/\/www.temaitaly.com\/prodotto\/107r1-cabrestante-capacidad-10-kn\/"},"modified":"2024-02-16T00:10:05","modified_gmt":"2024-02-16T00:10:05","slug":"107r1-cabrestante-capacidad-10-kn","status":"publish","type":"product","link":"https:\/\/www.temaitaly.com\/es\/prodotto\/107r1-cabrestante-capacidad-10-kn\/","title":{"rendered":"107R1<br>CABRESTANTE<br><span class='subtitle-product'>Capacidad 10 kN<\/span>"},"content":{"rendered":"","protected":false},"excerpt":{"rendered":"<p>Cabrestante hidr\u00e1ulico 15kN de capacidad, especializado para tirar de una cuerda en operaciones de tendidos a\u00e9reos y cableados subterr\u00e1neos.<\/p>\n","protected":false},"featured_media":430845,"template":"","meta":[],"product_cat":[278],"product_tag":[],"aioseo_notices":[],"_links":{"self":[{"href":"https:\/\/www.temaitaly.com\/es\/wp-json\/wp\/v2\/product\/25080"}],"collection":[{"href":"https:\/\/www.temaitaly.com\/es\/wp-json\/wp\/v2\/product"}],"about":[{"href":"https:\/\/www.temaitaly.com\/es\/wp-json\/wp\/v2\/types\/product"}],"wp:featuredmedia":[{"embeddable":true,"href":"https:\/\/www.temaitaly.com\/es\/wp-json\/wp\/v2\/media\/430845"}],"wp:attachment":[{"href":"https:\/\/www.temaitaly.com\/es\/wp-json\/wp\/v2\/media?parent=25080"}],"wp:term":[{"taxonomy":"product_cat","embeddable":true,"href":"https:\/\/www.temaitaly.com\/es\/wp-json\/wp\/v2\/product_cat?post=25080"},{"taxonomy":"product_tag","embeddable":true,"href":"https:\/\/www.temaitaly.com\/es\/wp-json\/wp\/v2\/product_tag?post=25080"}],"curies":[{"name":"wp","href":"https:\/\/api.w.org\/{rel}","templated":true}]}}