{"id":25084,"date":"2023-07-17T11:01:51","date_gmt":"2023-07-17T11:59:11","guid":{"rendered":"https:\/\/www.temaitaly.com\/prodotto\/107r2-cabrestante-capacidad-25-kn\/"},"modified":"2024-02-16T00:10:05","modified_gmt":"2024-02-16T00:10:05","slug":"107r2-cabrestante-capacidad-25-kn","status":"publish","type":"product","link":"https:\/\/www.temaitaly.com\/es\/prodotto\/107r2-cabrestante-capacidad-25-kn\/","title":{"rendered":"107R2<br>CABRESTANTE<br><span class='subtitle-product'>Capacidad 25 kN<\/span>"},"content":{"rendered":"","protected":false},"excerpt":{"rendered":"<p>Cabrestante hidr\u00e1ulico 25kN de capacidad, especializado para tirar de una cuerda en operaciones de tendidos a\u00e9reos y cableados subterr\u00e1neos.<\/p>\n","protected":false},"featured_media":430849,"template":"","meta":[],"product_cat":[278],"product_tag":[],"aioseo_notices":[],"_links":{"self":[{"href":"https:\/\/www.temaitaly.com\/es\/wp-json\/wp\/v2\/product\/25084"}],"collection":[{"href":"https:\/\/www.temaitaly.com\/es\/wp-json\/wp\/v2\/product"}],"about":[{"href":"https:\/\/www.temaitaly.com\/es\/wp-json\/wp\/v2\/types\/product"}],"wp:featuredmedia":[{"embeddable":true,"href":"https:\/\/www.temaitaly.com\/es\/wp-json\/wp\/v2\/media\/430849"}],"wp:attachment":[{"href":"https:\/\/www.temaitaly.com\/es\/wp-json\/wp\/v2\/media?parent=25084"}],"wp:term":[{"taxonomy":"product_cat","embeddable":true,"href":"https:\/\/www.temaitaly.com\/es\/wp-json\/wp\/v2\/product_cat?post=25084"},{"taxonomy":"product_tag","embeddable":true,"href":"https:\/\/www.temaitaly.com\/es\/wp-json\/wp\/v2\/product_tag?post=25084"}],"curies":[{"name":"wp","href":"https:\/\/api.w.org\/{rel}","templated":true}]}}