{"id":25100,"date":"2023-07-17T11:02:24","date_gmt":"2023-07-17T11:59:15","guid":{"rendered":"https:\/\/www.temaitaly.com\/prodotto\/d107r5-cabrestante-digital-capacidad-50-kn\/"},"modified":"2024-02-16T00:10:14","modified_gmt":"2024-02-16T00:10:14","slug":"d107r5-cabrestante-digital-capacidad-50-kn","status":"publish","type":"product","link":"https:\/\/www.temaitaly.com\/es\/prodotto\/d107r5-cabrestante-digital-capacidad-50-kn\/","title":{"rendered":"D107R5<br>CABRESTANTE DIGITAL<br><span class='subtitle-product'>Capacidad 50 kN<\/span>"},"content":{"rendered":"","protected":false},"excerpt":{"rendered":"<p>Cabrestante hidr\u00e1ulico digital 50 kN de capacidad, especializado para tirar de una cuerda en operaciones de tendidos a\u00e9reos y cableados subterr\u00e1neos.<\/p>\n","protected":false},"featured_media":430881,"template":"","meta":[],"product_cat":[278],"product_tag":[],"aioseo_notices":[],"_links":{"self":[{"href":"https:\/\/www.temaitaly.com\/es\/wp-json\/wp\/v2\/product\/25100"}],"collection":[{"href":"https:\/\/www.temaitaly.com\/es\/wp-json\/wp\/v2\/product"}],"about":[{"href":"https:\/\/www.temaitaly.com\/es\/wp-json\/wp\/v2\/types\/product"}],"wp:featuredmedia":[{"embeddable":true,"href":"https:\/\/www.temaitaly.com\/es\/wp-json\/wp\/v2\/media\/430881"}],"wp:attachment":[{"href":"https:\/\/www.temaitaly.com\/es\/wp-json\/wp\/v2\/media?parent=25100"}],"wp:term":[{"taxonomy":"product_cat","embeddable":true,"href":"https:\/\/www.temaitaly.com\/es\/wp-json\/wp\/v2\/product_cat?post=25100"},{"taxonomy":"product_tag","embeddable":true,"href":"https:\/\/www.temaitaly.com\/es\/wp-json\/wp\/v2\/product_tag?post=25100"}],"curies":[{"name":"wp","href":"https:\/\/api.w.org\/{rel}","templated":true}]}}