{"id":25104,"date":"2023-07-17T11:02:32","date_gmt":"2023-07-17T11:59:16","guid":{"rendered":"https:\/\/www.temaitaly.com\/prodotto\/d107rs6-cabrestante-digital-sobre-orugas-capacidad-70-kn\/"},"modified":"2024-02-16T00:10:48","modified_gmt":"2024-02-16T00:10:48","slug":"d107rs6-cabrestante-digital-sobre-orugas-capacidad-70-kn","status":"publish","type":"product","link":"https:\/\/www.temaitaly.com\/es\/prodotto\/d107rs6-cabrestante-digital-sobre-orugas-capacidad-70-kn\/","title":{"rendered":"D107RS6<br>CABRESTANTE DIGITAL SOBRE ORUGAS<br><span class='subtitle-product'>Capacidad 70 kN<\/span>"},"content":{"rendered":"","protected":false},"excerpt":{"rendered":"<p>Cabrestante hidr\u00e1ulico 70 kN de capacidad con movimiento aut\u00f3nomo sobre orugas, especializado para tirar de una cuerda en operaciones de tendidos a\u00e9reos y cableados subterr\u00e1neos.<\/p>\n","protected":false},"featured_media":430897,"template":"","meta":[],"product_cat":[278,282,215],"product_tag":[],"aioseo_notices":[],"_links":{"self":[{"href":"https:\/\/www.temaitaly.com\/es\/wp-json\/wp\/v2\/product\/25104"}],"collection":[{"href":"https:\/\/www.temaitaly.com\/es\/wp-json\/wp\/v2\/product"}],"about":[{"href":"https:\/\/www.temaitaly.com\/es\/wp-json\/wp\/v2\/types\/product"}],"wp:featuredmedia":[{"embeddable":true,"href":"https:\/\/www.temaitaly.com\/es\/wp-json\/wp\/v2\/media\/430897"}],"wp:attachment":[{"href":"https:\/\/www.temaitaly.com\/es\/wp-json\/wp\/v2\/media?parent=25104"}],"wp:term":[{"taxonomy":"product_cat","embeddable":true,"href":"https:\/\/www.temaitaly.com\/es\/wp-json\/wp\/v2\/product_cat?post=25104"},{"taxonomy":"product_tag","embeddable":true,"href":"https:\/\/www.temaitaly.com\/es\/wp-json\/wp\/v2\/product_tag?post=25104"}],"curies":[{"name":"wp","href":"https:\/\/api.w.org\/{rel}","templated":true}]}}