{"id":25108,"date":"2023-07-17T11:02:40","date_gmt":"2023-07-17T11:59:16","guid":{"rendered":"https:\/\/www.temaitaly.com\/prodotto\/107s6-cabrestante-desmontable-capacidad-70-kn\/"},"modified":"2024-02-16T00:10:55","modified_gmt":"2024-02-16T00:10:55","slug":"107s6-cabrestante-desmontable-capacidad-70-kn","status":"publish","type":"product","link":"https:\/\/www.temaitaly.com\/es\/prodotto\/107s6-cabrestante-desmontable-capacidad-70-kn\/","title":{"rendered":"107S6<br>CABRESTANTE DESMONTABLE<br><span class='subtitle-product'>Capacidad 70 kN<\/span>"},"content":{"rendered":"","protected":false},"excerpt":{"rendered":"<p>Cabrestante hidr\u00e1ulico 70 kN de capacidad, especializado para tirar de una cuerda en operaciones de tendidos a\u00e9reos desmontable en 3 m\u00f3dulos Heli-trasportables.<\/p>\n","protected":false},"featured_media":430913,"template":"","meta":[],"product_cat":[278,282,215],"product_tag":[],"aioseo_notices":[],"_links":{"self":[{"href":"https:\/\/www.temaitaly.com\/es\/wp-json\/wp\/v2\/product\/25108"}],"collection":[{"href":"https:\/\/www.temaitaly.com\/es\/wp-json\/wp\/v2\/product"}],"about":[{"href":"https:\/\/www.temaitaly.com\/es\/wp-json\/wp\/v2\/types\/product"}],"wp:featuredmedia":[{"embeddable":true,"href":"https:\/\/www.temaitaly.com\/es\/wp-json\/wp\/v2\/media\/430913"}],"wp:attachment":[{"href":"https:\/\/www.temaitaly.com\/es\/wp-json\/wp\/v2\/media?parent=25108"}],"wp:term":[{"taxonomy":"product_cat","embeddable":true,"href":"https:\/\/www.temaitaly.com\/es\/wp-json\/wp\/v2\/product_cat?post=25108"},{"taxonomy":"product_tag","embeddable":true,"href":"https:\/\/www.temaitaly.com\/es\/wp-json\/wp\/v2\/product_tag?post=25108"}],"curies":[{"name":"wp","href":"https:\/\/api.w.org\/{rel}","templated":true}]}}