{"id":25121,"date":"2023-07-17T11:03:02","date_gmt":"2023-07-17T11:59:20","guid":{"rendered":"https:\/\/www.temaitaly.com\/prodotto\/107r5-2-cabrestante-capacidad-2x50-o-1x100-kn\/"},"modified":"2024-02-16T00:10:26","modified_gmt":"2024-02-16T00:10:26","slug":"107r5-2-cabrestante-capacidad-2x50-o-1x100-kn","status":"publish","type":"product","link":"https:\/\/www.temaitaly.com\/es\/prodotto\/107r5-2-cabrestante-capacidad-2x50-o-1x100-kn\/","title":{"rendered":"107R5.2<br>CABRESTANTE<br><span class='subtitle-product'>Capacidad 2&#215;50 o 1&#215;100 kN<\/span>"},"content":{"rendered":"","protected":false},"excerpt":{"rendered":"<p>Cabrestante hidr\u00e1ulico 100 kN capacidad, especializado para el tiro de una o dos cuerdas en operaciones de tendidos a\u00e9reos, dise\u00f1ado para ser utilizado como cabrestante doble con tambores independientes (50+50 kN) as\u00ed como tambi\u00e9n modo acoplado (100 kN).<\/p>\n","protected":false},"featured_media":430961,"template":"","meta":[],"product_cat":[278],"product_tag":[],"aioseo_notices":[],"_links":{"self":[{"href":"https:\/\/www.temaitaly.com\/es\/wp-json\/wp\/v2\/product\/25121"}],"collection":[{"href":"https:\/\/www.temaitaly.com\/es\/wp-json\/wp\/v2\/product"}],"about":[{"href":"https:\/\/www.temaitaly.com\/es\/wp-json\/wp\/v2\/types\/product"}],"wp:featuredmedia":[{"embeddable":true,"href":"https:\/\/www.temaitaly.com\/es\/wp-json\/wp\/v2\/media\/430961"}],"wp:attachment":[{"href":"https:\/\/www.temaitaly.com\/es\/wp-json\/wp\/v2\/media?parent=25121"}],"wp:term":[{"taxonomy":"product_cat","embeddable":true,"href":"https:\/\/www.temaitaly.com\/es\/wp-json\/wp\/v2\/product_cat?post=25121"},{"taxonomy":"product_tag","embeddable":true,"href":"https:\/\/www.temaitaly.com\/es\/wp-json\/wp\/v2\/product_tag?post=25121"}],"curies":[{"name":"wp","href":"https:\/\/api.w.org\/{rel}","templated":true}]}}