{"id":25129,"date":"2023-07-17T11:03:12","date_gmt":"2023-07-17T11:59:23","guid":{"rendered":"https:\/\/www.temaitaly.com\/prodotto\/d107r14-cabrestante-digital-capacidad-140-kn\/"},"modified":"2024-02-16T00:10:26","modified_gmt":"2024-02-16T00:10:26","slug":"d107r14-cabrestante-digital-capacidad-140-kn","status":"publish","type":"product","link":"https:\/\/www.temaitaly.com\/es\/prodotto\/d107r14-cabrestante-digital-capacidad-140-kn\/","title":{"rendered":"D107R14<br>CABRESTANTE DIGITAL<br><span class='subtitle-product'>Capacidad 140 kN<\/span>"},"content":{"rendered":"","protected":false},"excerpt":{"rendered":"<p>Cabrestante hidr\u00e1ulico digital 140 kN de capacidad, especializado para tirar de una cuerda en operaciones de tendidos a\u00e9reos y cableados subterr\u00e1neos.<\/p>\n","protected":false},"featured_media":430981,"template":"","meta":[],"product_cat":[278],"product_tag":[],"aioseo_notices":[],"_links":{"self":[{"href":"https:\/\/www.temaitaly.com\/es\/wp-json\/wp\/v2\/product\/25129"}],"collection":[{"href":"https:\/\/www.temaitaly.com\/es\/wp-json\/wp\/v2\/product"}],"about":[{"href":"https:\/\/www.temaitaly.com\/es\/wp-json\/wp\/v2\/types\/product"}],"wp:featuredmedia":[{"embeddable":true,"href":"https:\/\/www.temaitaly.com\/es\/wp-json\/wp\/v2\/media\/430981"}],"wp:attachment":[{"href":"https:\/\/www.temaitaly.com\/es\/wp-json\/wp\/v2\/media?parent=25129"}],"wp:term":[{"taxonomy":"product_cat","embeddable":true,"href":"https:\/\/www.temaitaly.com\/es\/wp-json\/wp\/v2\/product_cat?post=25129"},{"taxonomy":"product_tag","embeddable":true,"href":"https:\/\/www.temaitaly.com\/es\/wp-json\/wp\/v2\/product_tag?post=25129"}],"curies":[{"name":"wp","href":"https:\/\/api.w.org\/{rel}","templated":true}]}}