{"id":25149,"date":"2023-07-17T11:03:40","date_gmt":"2023-07-17T11:59:28","guid":{"rendered":"https:\/\/www.temaitaly.com\/prodotto\/p152-11-frenadora-capacidad-25-kn\/"},"modified":"2024-02-16T00:10:27","modified_gmt":"2024-02-16T00:10:27","slug":"p152-11-frenadora-capacidad-25-kn","status":"publish","type":"product","link":"https:\/\/www.temaitaly.com\/es\/prodotto\/p152-11-frenadora-capacidad-25-kn\/","title":{"rendered":"P152.11<br>FRENADORA<br><span class='subtitle-product'>Capacidad 25 kN<\/span>"},"content":{"rendered":"","protected":false},"excerpt":{"rendered":"<p>Frenadora hidr\u00e1ulica sin motor 25 kN de capacidad para operaci\u00f3n de tendido de un conductor o de fibra \u00f3ptica.<\/p>\n","protected":false},"featured_media":431037,"template":"","meta":[],"product_cat":[280],"product_tag":[],"aioseo_notices":[],"_links":{"self":[{"href":"https:\/\/www.temaitaly.com\/es\/wp-json\/wp\/v2\/product\/25149"}],"collection":[{"href":"https:\/\/www.temaitaly.com\/es\/wp-json\/wp\/v2\/product"}],"about":[{"href":"https:\/\/www.temaitaly.com\/es\/wp-json\/wp\/v2\/types\/product"}],"wp:featuredmedia":[{"embeddable":true,"href":"https:\/\/www.temaitaly.com\/es\/wp-json\/wp\/v2\/media\/431037"}],"wp:attachment":[{"href":"https:\/\/www.temaitaly.com\/es\/wp-json\/wp\/v2\/media?parent=25149"}],"wp:term":[{"taxonomy":"product_cat","embeddable":true,"href":"https:\/\/www.temaitaly.com\/es\/wp-json\/wp\/v2\/product_cat?post=25149"},{"taxonomy":"product_tag","embeddable":true,"href":"https:\/\/www.temaitaly.com\/es\/wp-json\/wp\/v2\/product_tag?post=25149"}],"curies":[{"name":"wp","href":"https:\/\/api.w.org\/{rel}","templated":true}]}}