{"id":25153,"date":"2023-07-17T11:03:45","date_gmt":"2023-07-17T11:59:29","guid":{"rendered":"https:\/\/www.temaitaly.com\/prodotto\/p155-11-frenadora-capacidad-50-kn\/"},"modified":"2024-02-16T00:10:27","modified_gmt":"2024-02-16T00:10:27","slug":"p155-11-frenadora-capacidad-50-kn","status":"publish","type":"product","link":"https:\/\/www.temaitaly.com\/es\/prodotto\/p155-11-frenadora-capacidad-50-kn\/","title":{"rendered":"P155.11<br>FRENADORA<br><span class='subtitle-product'>Capacidad 50 kN<\/span>"},"content":{"rendered":"","protected":false},"excerpt":{"rendered":"<p>Frenadora hidr\u00e1ulica sin motor 50 kN de capacidad para operaci\u00f3n de tendido de un conductor o de fibra \u00f3ptica.<\/p>\n","protected":false},"featured_media":431045,"template":"","meta":[],"product_cat":[280],"product_tag":[],"aioseo_notices":[],"_links":{"self":[{"href":"https:\/\/www.temaitaly.com\/es\/wp-json\/wp\/v2\/product\/25153"}],"collection":[{"href":"https:\/\/www.temaitaly.com\/es\/wp-json\/wp\/v2\/product"}],"about":[{"href":"https:\/\/www.temaitaly.com\/es\/wp-json\/wp\/v2\/types\/product"}],"wp:featuredmedia":[{"embeddable":true,"href":"https:\/\/www.temaitaly.com\/es\/wp-json\/wp\/v2\/media\/431045"}],"wp:attachment":[{"href":"https:\/\/www.temaitaly.com\/es\/wp-json\/wp\/v2\/media?parent=25153"}],"wp:term":[{"taxonomy":"product_cat","embeddable":true,"href":"https:\/\/www.temaitaly.com\/es\/wp-json\/wp\/v2\/product_cat?post=25153"},{"taxonomy":"product_tag","embeddable":true,"href":"https:\/\/www.temaitaly.com\/es\/wp-json\/wp\/v2\/product_tag?post=25153"}],"curies":[{"name":"wp","href":"https:\/\/api.w.org\/{rel}","templated":true}]}}