{"id":25165,"date":"2023-07-17T11:04:00","date_gmt":"2023-07-17T11:59:32","guid":{"rendered":"https:\/\/www.temaitaly.com\/prodotto\/fad155-11-frenadora-digital-capacidad-50-kn\/"},"modified":"2024-02-16T00:10:28","modified_gmt":"2024-02-16T00:10:28","slug":"fad155-11-frenadora-digital-capacidad-50-kn","status":"publish","type":"product","link":"https:\/\/www.temaitaly.com\/es\/prodotto\/fad155-11-frenadora-digital-capacidad-50-kn\/","title":{"rendered":"FAD155.11<br>FRENADORA DIGITAL<br><span class='subtitle-product'>Capacidad 50 kN<\/span>"},"content":{"rendered":"","protected":false},"excerpt":{"rendered":"<p>Frenadora-Cabrestante hidr\u00e1ulico digital 50 kN de capacidad para operaci\u00f3n de tendido de un conductor o de fibra \u00f3ptica.<\/p>\n","protected":false},"featured_media":431081,"template":"","meta":[],"product_cat":[280],"product_tag":[],"aioseo_notices":[],"_links":{"self":[{"href":"https:\/\/www.temaitaly.com\/es\/wp-json\/wp\/v2\/product\/25165"}],"collection":[{"href":"https:\/\/www.temaitaly.com\/es\/wp-json\/wp\/v2\/product"}],"about":[{"href":"https:\/\/www.temaitaly.com\/es\/wp-json\/wp\/v2\/types\/product"}],"wp:featuredmedia":[{"embeddable":true,"href":"https:\/\/www.temaitaly.com\/es\/wp-json\/wp\/v2\/media\/431081"}],"wp:attachment":[{"href":"https:\/\/www.temaitaly.com\/es\/wp-json\/wp\/v2\/media?parent=25165"}],"wp:term":[{"taxonomy":"product_cat","embeddable":true,"href":"https:\/\/www.temaitaly.com\/es\/wp-json\/wp\/v2\/product_cat?post=25165"},{"taxonomy":"product_tag","embeddable":true,"href":"https:\/\/www.temaitaly.com\/es\/wp-json\/wp\/v2\/product_tag?post=25165"}],"curies":[{"name":"wp","href":"https:\/\/api.w.org\/{rel}","templated":true}]}}