{"id":25169,"date":"2023-07-17T11:04:13","date_gmt":"2023-07-17T11:59:33","guid":{"rendered":"https:\/\/www.temaitaly.com\/prodotto\/fa1510-12-frenadora-capacidad-100-kn\/"},"modified":"2024-02-16T00:10:28","modified_gmt":"2024-02-16T00:10:28","slug":"fa1510-12-frenadora-capacidad-100-kn","status":"publish","type":"product","link":"https:\/\/www.temaitaly.com\/es\/prodotto\/fa1510-12-frenadora-capacidad-100-kn\/","title":{"rendered":"FA1510.12<br>FRENADORA<br><span class='subtitle-product'>Capacidad 100 kN<\/span>"},"content":{"rendered":"","protected":false},"excerpt":{"rendered":"<p>Frenadora-Cabrestante hidr\u00e1ulico 100 kN de capacidad para operaci\u00f3n de tendido de uno o dos conductores o de fibra \u00f3ptica.<\/p>\n","protected":false},"featured_media":431097,"template":"","meta":[],"product_cat":[280],"product_tag":[],"aioseo_notices":[],"_links":{"self":[{"href":"https:\/\/www.temaitaly.com\/es\/wp-json\/wp\/v2\/product\/25169"}],"collection":[{"href":"https:\/\/www.temaitaly.com\/es\/wp-json\/wp\/v2\/product"}],"about":[{"href":"https:\/\/www.temaitaly.com\/es\/wp-json\/wp\/v2\/types\/product"}],"wp:featuredmedia":[{"embeddable":true,"href":"https:\/\/www.temaitaly.com\/es\/wp-json\/wp\/v2\/media\/431097"}],"wp:attachment":[{"href":"https:\/\/www.temaitaly.com\/es\/wp-json\/wp\/v2\/media?parent=25169"}],"wp:term":[{"taxonomy":"product_cat","embeddable":true,"href":"https:\/\/www.temaitaly.com\/es\/wp-json\/wp\/v2\/product_cat?post=25169"},{"taxonomy":"product_tag","embeddable":true,"href":"https:\/\/www.temaitaly.com\/es\/wp-json\/wp\/v2\/product_tag?post=25169"}],"curies":[{"name":"wp","href":"https:\/\/api.w.org\/{rel}","templated":true}]}}