{"id":25185,"date":"2023-07-17T11:04:40","date_gmt":"2023-07-17T11:59:38","guid":{"rendered":"https:\/\/www.temaitaly.com\/prodotto\/fad1514-14-frenadora-digital-capacidad-140-kn\/"},"modified":"2024-02-16T00:10:29","modified_gmt":"2024-02-16T00:10:29","slug":"fad1514-14-frenadora-digital-capacidad-140-kn","status":"publish","type":"product","link":"https:\/\/www.temaitaly.com\/es\/prodotto\/fad1514-14-frenadora-digital-capacidad-140-kn\/","title":{"rendered":"FAD1514.14<br>FRENADORA DIGITAL<br><span class='subtitle-product'>Capacidad 140 kN<\/span>"},"content":{"rendered":"","protected":false},"excerpt":{"rendered":"<p>Frenadora-Cabrestante hidr\u00e1ulico digital 140 kN de capacidad para operaci\u00f3n de tendido de 1, 2, 3 \u00f3 4 conductores.<\/p>\n","protected":false},"featured_media":431141,"template":"","meta":[],"product_cat":[280],"product_tag":[],"aioseo_notices":[],"_links":{"self":[{"href":"https:\/\/www.temaitaly.com\/es\/wp-json\/wp\/v2\/product\/25185"}],"collection":[{"href":"https:\/\/www.temaitaly.com\/es\/wp-json\/wp\/v2\/product"}],"about":[{"href":"https:\/\/www.temaitaly.com\/es\/wp-json\/wp\/v2\/types\/product"}],"wp:featuredmedia":[{"embeddable":true,"href":"https:\/\/www.temaitaly.com\/es\/wp-json\/wp\/v2\/media\/431141"}],"wp:attachment":[{"href":"https:\/\/www.temaitaly.com\/es\/wp-json\/wp\/v2\/media?parent=25185"}],"wp:term":[{"taxonomy":"product_cat","embeddable":true,"href":"https:\/\/www.temaitaly.com\/es\/wp-json\/wp\/v2\/product_cat?post=25185"},{"taxonomy":"product_tag","embeddable":true,"href":"https:\/\/www.temaitaly.com\/es\/wp-json\/wp\/v2\/product_tag?post=25185"}],"curies":[{"name":"wp","href":"https:\/\/api.w.org\/{rel}","templated":true}]}}