{"id":25189,"date":"2023-07-17T11:04:51","date_gmt":"2023-07-17T11:59:39","guid":{"rendered":"https:\/\/www.temaitaly.com\/prodotto\/fa1518-14-frenadora-capacidad-180-kn\/"},"modified":"2024-02-16T00:10:29","modified_gmt":"2024-02-16T00:10:29","slug":"fa1518-14-frenadora-capacidad-180-kn","status":"publish","type":"product","link":"https:\/\/www.temaitaly.com\/es\/prodotto\/fa1518-14-frenadora-capacidad-180-kn\/","title":{"rendered":"FA1518.14<br>FRENADORA<br><span class='subtitle-product'>Capacidad 180 kN<\/span>"},"content":{"rendered":"","protected":false},"excerpt":{"rendered":"<p>Frenadora-Cabrestante hidr\u00e1ulico 180 kN de capacidad para operaci\u00f3n de tendido de 1, 2, 3 \u00f3 4 conductores.<\/p>\n","protected":false},"featured_media":431157,"template":"","meta":[],"product_cat":[280],"product_tag":[],"aioseo_notices":[],"_links":{"self":[{"href":"https:\/\/www.temaitaly.com\/es\/wp-json\/wp\/v2\/product\/25189"}],"collection":[{"href":"https:\/\/www.temaitaly.com\/es\/wp-json\/wp\/v2\/product"}],"about":[{"href":"https:\/\/www.temaitaly.com\/es\/wp-json\/wp\/v2\/types\/product"}],"wp:featuredmedia":[{"embeddable":true,"href":"https:\/\/www.temaitaly.com\/es\/wp-json\/wp\/v2\/media\/431157"}],"wp:attachment":[{"href":"https:\/\/www.temaitaly.com\/es\/wp-json\/wp\/v2\/media?parent=25189"}],"wp:term":[{"taxonomy":"product_cat","embeddable":true,"href":"https:\/\/www.temaitaly.com\/es\/wp-json\/wp\/v2\/product_cat?post=25189"},{"taxonomy":"product_tag","embeddable":true,"href":"https:\/\/www.temaitaly.com\/es\/wp-json\/wp\/v2\/product_tag?post=25189"}],"curies":[{"name":"wp","href":"https:\/\/api.w.org\/{rel}","templated":true}]}}