{"id":25209,"date":"2023-07-17T11:05:16","date_gmt":"2023-07-17T11:59:44","guid":{"rendered":"https:\/\/www.temaitaly.com\/prodotto\/af155-11-cabrestante-frenadora-capacidad-50-kn\/"},"modified":"2024-02-16T00:10:30","modified_gmt":"2024-02-16T00:10:30","slug":"af155-11-cabrestante-frenadora-capacidad-50-kn","status":"publish","type":"product","link":"https:\/\/www.temaitaly.com\/es\/prodotto\/af155-11-cabrestante-frenadora-capacidad-50-kn\/","title":{"rendered":"AF155.11<br>CABRESTANTE-FRENADORA<br><span class='subtitle-product'>Capacidad 50 kN<\/span>"},"content":{"rendered":"","protected":false},"excerpt":{"rendered":"<p>Cabrestante-Frenadora hidr\u00e1ulica 50 kN de capacidad para operaci\u00f3n de tendido de un conductor o de fibra \u00f3ptica.<\/p>\n","protected":false},"featured_media":287588,"template":"","meta":[],"product_cat":[276],"product_tag":[],"aioseo_notices":[],"_links":{"self":[{"href":"https:\/\/www.temaitaly.com\/es\/wp-json\/wp\/v2\/product\/25209"}],"collection":[{"href":"https:\/\/www.temaitaly.com\/es\/wp-json\/wp\/v2\/product"}],"about":[{"href":"https:\/\/www.temaitaly.com\/es\/wp-json\/wp\/v2\/types\/product"}],"wp:featuredmedia":[{"embeddable":true,"href":"https:\/\/www.temaitaly.com\/es\/wp-json\/wp\/v2\/media\/287588"}],"wp:attachment":[{"href":"https:\/\/www.temaitaly.com\/es\/wp-json\/wp\/v2\/media?parent=25209"}],"wp:term":[{"taxonomy":"product_cat","embeddable":true,"href":"https:\/\/www.temaitaly.com\/es\/wp-json\/wp\/v2\/product_cat?post=25209"},{"taxonomy":"product_tag","embeddable":true,"href":"https:\/\/www.temaitaly.com\/es\/wp-json\/wp\/v2\/product_tag?post=25209"}],"curies":[{"name":"wp","href":"https:\/\/api.w.org\/{rel}","templated":true}]}}