{"id":25217,"date":"2023-07-17T11:05:33","date_gmt":"2023-07-17T11:59:46","guid":{"rendered":"https:\/\/www.temaitaly.com\/prodotto\/afd086-12-cabrestante-frenadora-digital-semovente-capacidad-70-kn\/"},"modified":"2024-02-16T00:10:58","modified_gmt":"2024-02-16T00:10:58","slug":"afd086-12-cabrestante-frenadora-digital-semovente-capacidad-70-kn","status":"publish","type":"product","link":"https:\/\/www.temaitaly.com\/es\/prodotto\/afd086-12-cabrestante-frenadora-digital-semovente-capacidad-70-kn\/","title":{"rendered":"AFD086.12<br>CABRESTANTE-FRENADORA DIGITAL SEMOVENTE<br><span class='subtitle-product'>Capacidad 70 kN<\/span>"},"content":{"rendered":"","protected":false},"excerpt":{"rendered":"<p>Cabrestante-Frenadora hidr\u00e1ulica digital 70 kN de capacidad con movimiento aut\u00f3nomo sobre orugas para operaci\u00f3n de tendido de uno o dos conductores.<\/p>\n","protected":false},"featured_media":430777,"template":"","meta":[],"product_cat":[276,215],"product_tag":[],"aioseo_notices":[],"_links":{"self":[{"href":"https:\/\/www.temaitaly.com\/es\/wp-json\/wp\/v2\/product\/25217"}],"collection":[{"href":"https:\/\/www.temaitaly.com\/es\/wp-json\/wp\/v2\/product"}],"about":[{"href":"https:\/\/www.temaitaly.com\/es\/wp-json\/wp\/v2\/types\/product"}],"wp:featuredmedia":[{"embeddable":true,"href":"https:\/\/www.temaitaly.com\/es\/wp-json\/wp\/v2\/media\/430777"}],"wp:attachment":[{"href":"https:\/\/www.temaitaly.com\/es\/wp-json\/wp\/v2\/media?parent=25217"}],"wp:term":[{"taxonomy":"product_cat","embeddable":true,"href":"https:\/\/www.temaitaly.com\/es\/wp-json\/wp\/v2\/product_cat?post=25217"},{"taxonomy":"product_tag","embeddable":true,"href":"https:\/\/www.temaitaly.com\/es\/wp-json\/wp\/v2\/product_tag?post=25217"}],"curies":[{"name":"wp","href":"https:\/\/api.w.org\/{rel}","templated":true}]}}