{"id":25221,"date":"2023-07-17T11:05:40","date_gmt":"2023-07-17T11:59:47","guid":{"rendered":"https:\/\/www.temaitaly.com\/prodotto\/as156-11-cabrestante-frenadora-demontable-capacidad-70-kn\/"},"modified":"2024-02-16T00:10:57","modified_gmt":"2024-02-16T00:10:57","slug":"as156-11-cabrestante-frenadora-demontable-capacidad-70-kn","status":"publish","type":"product","link":"https:\/\/www.temaitaly.com\/es\/prodotto\/as156-11-cabrestante-frenadora-demontable-capacidad-70-kn\/","title":{"rendered":"AS156.11<br>CABRESTANTE-FRENADORA DEMONTABLE<br><span class='subtitle-product'>Capacidad 70 kN<\/span>"},"content":{"rendered":"","protected":false},"excerpt":{"rendered":"<p>Cabrestante-Frenadora hidr\u00e1ulica 70 kN de capacidad para operaci\u00f3n de tendido de un conductor desmontable en 4 m\u00f3dulos Heli-trasportables.<\/p>\n","protected":false},"featured_media":430765,"template":"","meta":[],"product_cat":[276,215],"product_tag":[],"aioseo_notices":[],"_links":{"self":[{"href":"https:\/\/www.temaitaly.com\/es\/wp-json\/wp\/v2\/product\/25221"}],"collection":[{"href":"https:\/\/www.temaitaly.com\/es\/wp-json\/wp\/v2\/product"}],"about":[{"href":"https:\/\/www.temaitaly.com\/es\/wp-json\/wp\/v2\/types\/product"}],"wp:featuredmedia":[{"embeddable":true,"href":"https:\/\/www.temaitaly.com\/es\/wp-json\/wp\/v2\/media\/430765"}],"wp:attachment":[{"href":"https:\/\/www.temaitaly.com\/es\/wp-json\/wp\/v2\/media?parent=25221"}],"wp:term":[{"taxonomy":"product_cat","embeddable":true,"href":"https:\/\/www.temaitaly.com\/es\/wp-json\/wp\/v2\/product_cat?post=25221"},{"taxonomy":"product_tag","embeddable":true,"href":"https:\/\/www.temaitaly.com\/es\/wp-json\/wp\/v2\/product_tag?post=25221"}],"curies":[{"name":"wp","href":"https:\/\/api.w.org\/{rel}","templated":true}]}}