{"id":25226,"date":"2023-07-17T11:05:48","date_gmt":"2023-07-17T11:59:49","guid":{"rendered":"https:\/\/www.temaitaly.com\/prodotto\/af1510-12-cabrestante-frenadora-capacidad-100-kn\/"},"modified":"2024-02-16T00:10:39","modified_gmt":"2024-02-16T00:10:39","slug":"af1510-12-cabrestante-frenadora-capacidad-100-kn","status":"publish","type":"product","link":"https:\/\/www.temaitaly.com\/es\/prodotto\/af1510-12-cabrestante-frenadora-capacidad-100-kn\/","title":{"rendered":"AF1510.12<br>CABRESTANTE-FRENADORA<br><span class='subtitle-product'>Capacidad 100 kN<\/span>"},"content":{"rendered":"","protected":false},"excerpt":{"rendered":"<p>Cabrestante-Frenadora hidr\u00e1ulica 100 kN de capacidad para operaci\u00f3n de tendido de uno o dos conductores o de fibra \u00f3ptica.<\/p>\n","protected":false},"featured_media":340229,"template":"","meta":[],"product_cat":[276],"product_tag":[],"aioseo_notices":[],"_links":{"self":[{"href":"https:\/\/www.temaitaly.com\/es\/wp-json\/wp\/v2\/product\/25226"}],"collection":[{"href":"https:\/\/www.temaitaly.com\/es\/wp-json\/wp\/v2\/product"}],"about":[{"href":"https:\/\/www.temaitaly.com\/es\/wp-json\/wp\/v2\/types\/product"}],"wp:featuredmedia":[{"embeddable":true,"href":"https:\/\/www.temaitaly.com\/es\/wp-json\/wp\/v2\/media\/340229"}],"wp:attachment":[{"href":"https:\/\/www.temaitaly.com\/es\/wp-json\/wp\/v2\/media?parent=25226"}],"wp:term":[{"taxonomy":"product_cat","embeddable":true,"href":"https:\/\/www.temaitaly.com\/es\/wp-json\/wp\/v2\/product_cat?post=25226"},{"taxonomy":"product_tag","embeddable":true,"href":"https:\/\/www.temaitaly.com\/es\/wp-json\/wp\/v2\/product_tag?post=25226"}],"curies":[{"name":"wp","href":"https:\/\/api.w.org\/{rel}","templated":true}]}}