{"id":25234,"date":"2023-07-17T11:06:05","date_gmt":"2023-07-17T11:59:52","guid":{"rendered":"https:\/\/www.temaitaly.com\/prodotto\/af155-22-cabrestante-frenadora-capacidad-2x50-o-1x100-kn\/"},"modified":"2024-02-16T00:10:39","modified_gmt":"2024-02-16T00:10:39","slug":"af155-22-cabrestante-frenadora-capacidad-2x50-o-1x100-kn","status":"publish","type":"product","link":"https:\/\/www.temaitaly.com\/es\/prodotto\/af155-22-cabrestante-frenadora-capacidad-2x50-o-1x100-kn\/","title":{"rendered":"AF155.22<br>CABRESTANTE-FRENADORA<br><span class='subtitle-product'>Capacidad 2&#215;50 o 1&#215;100 kN<\/span>"},"content":{"rendered":"","protected":false},"excerpt":{"rendered":"<p>Cabrestante-Frenadora hidr\u00e1ulica con dos circuitos hidr\u00e1ulicos independientes, 2&#215;50 kN \u00f3 1&#215;100 kN de capacidad para operaci\u00f3n de tendido de uno o dos conductores o de fibra \u00f3ptica.<\/p>\n","protected":false},"featured_media":287696,"template":"","meta":[],"product_cat":[276],"product_tag":[],"aioseo_notices":[],"_links":{"self":[{"href":"https:\/\/www.temaitaly.com\/es\/wp-json\/wp\/v2\/product\/25234"}],"collection":[{"href":"https:\/\/www.temaitaly.com\/es\/wp-json\/wp\/v2\/product"}],"about":[{"href":"https:\/\/www.temaitaly.com\/es\/wp-json\/wp\/v2\/types\/product"}],"wp:featuredmedia":[{"embeddable":true,"href":"https:\/\/www.temaitaly.com\/es\/wp-json\/wp\/v2\/media\/287696"}],"wp:attachment":[{"href":"https:\/\/www.temaitaly.com\/es\/wp-json\/wp\/v2\/media?parent=25234"}],"wp:term":[{"taxonomy":"product_cat","embeddable":true,"href":"https:\/\/www.temaitaly.com\/es\/wp-json\/wp\/v2\/product_cat?post=25234"},{"taxonomy":"product_tag","embeddable":true,"href":"https:\/\/www.temaitaly.com\/es\/wp-json\/wp\/v2\/product_tag?post=25234"}],"curies":[{"name":"wp","href":"https:\/\/api.w.org\/{rel}","templated":true}]}}