{"id":25238,"date":"2023-07-17T11:06:11","date_gmt":"2023-07-17T11:59:53","guid":{"rendered":"https:\/\/www.temaitaly.com\/prodotto\/af1514-14-cabrestante-frenadora-capacidad-140-kn\/"},"modified":"2024-02-16T00:10:39","modified_gmt":"2024-02-16T00:10:39","slug":"af1514-14-cabrestante-frenadora-capacidad-140-kn","status":"publish","type":"product","link":"https:\/\/www.temaitaly.com\/es\/prodotto\/af1514-14-cabrestante-frenadora-capacidad-140-kn\/","title":{"rendered":"AF1514.14<br>CABRESTANTE-FRENADORA<br><span class='subtitle-product'>Capacidad 140 kN<\/span>"},"content":{"rendered":"","protected":false},"excerpt":{"rendered":"<p>Cabrestante-Frenadora hidr\u00e1ulica 140 kN de capacidad para operaci\u00f3n de tendido de 1, 2, 3 \u00f3 4 conductores.<\/p>\n","protected":false},"featured_media":287712,"template":"","meta":[],"product_cat":[276],"product_tag":[],"aioseo_notices":[],"_links":{"self":[{"href":"https:\/\/www.temaitaly.com\/es\/wp-json\/wp\/v2\/product\/25238"}],"collection":[{"href":"https:\/\/www.temaitaly.com\/es\/wp-json\/wp\/v2\/product"}],"about":[{"href":"https:\/\/www.temaitaly.com\/es\/wp-json\/wp\/v2\/types\/product"}],"wp:featuredmedia":[{"embeddable":true,"href":"https:\/\/www.temaitaly.com\/es\/wp-json\/wp\/v2\/media\/287712"}],"wp:attachment":[{"href":"https:\/\/www.temaitaly.com\/es\/wp-json\/wp\/v2\/media?parent=25238"}],"wp:term":[{"taxonomy":"product_cat","embeddable":true,"href":"https:\/\/www.temaitaly.com\/es\/wp-json\/wp\/v2\/product_cat?post=25238"},{"taxonomy":"product_tag","embeddable":true,"href":"https:\/\/www.temaitaly.com\/es\/wp-json\/wp\/v2\/product_tag?post=25238"}],"curies":[{"name":"wp","href":"https:\/\/api.w.org\/{rel}","templated":true}]}}