{"id":25246,"date":"2023-07-17T11:06:28","date_gmt":"2023-07-17T11:59:55","guid":{"rendered":"https:\/\/www.temaitaly.com\/prodotto\/af157-24-cabrestante-frenadora-capacidad-2x75-o-1x150-kn\/"},"modified":"2024-02-16T00:10:40","modified_gmt":"2024-02-16T00:10:40","slug":"af157-24-cabrestante-frenadora-capacidad-2x75-o-1x150-kn","status":"publish","type":"product","link":"https:\/\/www.temaitaly.com\/es\/prodotto\/af157-24-cabrestante-frenadora-capacidad-2x75-o-1x150-kn\/","title":{"rendered":"AF157.24<br>CABRESTANTE-FRENADORA<br><span class='subtitle-product'>Capacidad 2&#215;75 o 1&#215;150 kN<\/span>"},"content":{"rendered":"","protected":false},"excerpt":{"rendered":"<p>Cabrestante-Frenadora hidr\u00e1ulica con dos circuitos hidr\u00e1ulicos independientes, 2&#215;75 kN \u00f3 1&#215;150 kN de capacidad para operaci\u00f3n de tendido de 1, 2, 3 \u00f3 4 conductores.<\/p>\n","protected":false},"featured_media":287744,"template":"","meta":[],"product_cat":[276],"product_tag":[],"aioseo_notices":[],"_links":{"self":[{"href":"https:\/\/www.temaitaly.com\/es\/wp-json\/wp\/v2\/product\/25246"}],"collection":[{"href":"https:\/\/www.temaitaly.com\/es\/wp-json\/wp\/v2\/product"}],"about":[{"href":"https:\/\/www.temaitaly.com\/es\/wp-json\/wp\/v2\/types\/product"}],"wp:featuredmedia":[{"embeddable":true,"href":"https:\/\/www.temaitaly.com\/es\/wp-json\/wp\/v2\/media\/287744"}],"wp:attachment":[{"href":"https:\/\/www.temaitaly.com\/es\/wp-json\/wp\/v2\/media?parent=25246"}],"wp:term":[{"taxonomy":"product_cat","embeddable":true,"href":"https:\/\/www.temaitaly.com\/es\/wp-json\/wp\/v2\/product_cat?post=25246"},{"taxonomy":"product_tag","embeddable":true,"href":"https:\/\/www.temaitaly.com\/es\/wp-json\/wp\/v2\/product_tag?post=25246"}],"curies":[{"name":"wp","href":"https:\/\/api.w.org\/{rel}","templated":true}]}}