{"id":25250,"date":"2023-07-17T11:06:33","date_gmt":"2023-07-17T11:59:56","guid":{"rendered":"https:\/\/www.temaitaly.com\/prodotto\/af1518-14-cabrestante-frenadora-capacidad-180-kn\/"},"modified":"2024-02-16T00:10:40","modified_gmt":"2024-02-16T00:10:40","slug":"af1518-14-cabrestante-frenadora-capacidad-180-kn","status":"publish","type":"product","link":"https:\/\/www.temaitaly.com\/es\/prodotto\/af1518-14-cabrestante-frenadora-capacidad-180-kn\/","title":{"rendered":"AF1518.14<br>CABRESTANTE-FRENADORA<br><span class='subtitle-product'>Capacidad 180 kN<\/span>"},"content":{"rendered":"","protected":false},"excerpt":{"rendered":"<p>Cabrestante-Frenadora hidr\u00e1ulica 180 kN de capacidad para operaci\u00f3n de tendido de 1, 2, 3 \u00f3 4 conductores.<\/p>\n","protected":false},"featured_media":287756,"template":"","meta":[],"product_cat":[276],"product_tag":[],"aioseo_notices":[],"_links":{"self":[{"href":"https:\/\/www.temaitaly.com\/es\/wp-json\/wp\/v2\/product\/25250"}],"collection":[{"href":"https:\/\/www.temaitaly.com\/es\/wp-json\/wp\/v2\/product"}],"about":[{"href":"https:\/\/www.temaitaly.com\/es\/wp-json\/wp\/v2\/types\/product"}],"wp:featuredmedia":[{"embeddable":true,"href":"https:\/\/www.temaitaly.com\/es\/wp-json\/wp\/v2\/media\/287756"}],"wp:attachment":[{"href":"https:\/\/www.temaitaly.com\/es\/wp-json\/wp\/v2\/media?parent=25250"}],"wp:term":[{"taxonomy":"product_cat","embeddable":true,"href":"https:\/\/www.temaitaly.com\/es\/wp-json\/wp\/v2\/product_cat?post=25250"},{"taxonomy":"product_tag","embeddable":true,"href":"https:\/\/www.temaitaly.com\/es\/wp-json\/wp\/v2\/product_tag?post=25250"}],"curies":[{"name":"wp","href":"https:\/\/api.w.org\/{rel}","templated":true}]}}