{"id":25267,"date":"2023-07-17T11:07:26","date_gmt":"2023-07-17T12:00:01","guid":{"rendered":"https:\/\/www.temaitaly.com\/prodotto\/101rbt-robot-de-traccion\/"},"modified":"2025-07-14T00:36:58","modified_gmt":"2025-07-14T00:36:58","slug":"101rbt-robot-de-traccion","status":"publish","type":"product","link":"https:\/\/www.temaitaly.com\/es\/prodotto\/101rbt-robot-de-traccion\/","title":{"rendered":"101RBT<br>ROBOT DE TRACCI\u00d3N<br>"},"content":{"rendered":"","protected":false},"excerpt":{"rendered":"<p>Unidad a control remoto para el reemplazo de conductores, cables de tierra, OPGW y para la instalaci\u00f3n de sistemas de protecci\u00f3n. Adecuado para trabajo en l\u00ednea viva.<\/p>\n","protected":false},"featured_media":287868,"template":"","meta":[],"product_cat":[284],"product_tag":[],"aioseo_notices":[],"_links":{"self":[{"href":"https:\/\/www.temaitaly.com\/es\/wp-json\/wp\/v2\/product\/25267"}],"collection":[{"href":"https:\/\/www.temaitaly.com\/es\/wp-json\/wp\/v2\/product"}],"about":[{"href":"https:\/\/www.temaitaly.com\/es\/wp-json\/wp\/v2\/types\/product"}],"wp:featuredmedia":[{"embeddable":true,"href":"https:\/\/www.temaitaly.com\/es\/wp-json\/wp\/v2\/media\/287868"}],"wp:attachment":[{"href":"https:\/\/www.temaitaly.com\/es\/wp-json\/wp\/v2\/media?parent=25267"}],"wp:term":[{"taxonomy":"product_cat","embeddable":true,"href":"https:\/\/www.temaitaly.com\/es\/wp-json\/wp\/v2\/product_cat?post=25267"},{"taxonomy":"product_tag","embeddable":true,"href":"https:\/\/www.temaitaly.com\/es\/wp-json\/wp\/v2\/product_tag?post=25267"}],"curies":[{"name":"wp","href":"https:\/\/api.w.org\/{rel}","templated":true}]}}