{"id":25850,"date":"2023-07-17T11:28:00","date_gmt":"2023-07-17T12:02:45","guid":{"rendered":"https:\/\/www.temaitaly.com\/prodotto\/104r25-capacidad-250-kn\/"},"modified":"2024-02-16T00:16:03","modified_gmt":"2024-02-16T00:16:03","slug":"104r25-capacidad-250-kn","status":"publish","type":"product","link":"https:\/\/www.temaitaly.com\/es\/prodotto\/104r25-capacidad-250-kn\/","title":{"rendered":"104R25<br>Capacidad 250 kN<br>"},"content":{"rendered":"","protected":false},"excerpt":{"rendered":"<p>Cabrestante hidr\u00e1ulico 250 kN de capacidad con enrollador autom\u00e1tico, especializado para tirar de una cuerda en operaciones de cableados subterr\u00e1neos.<\/p>\n","protected":false},"featured_media":335216,"template":"","meta":[],"product_cat":[308],"product_tag":[],"aioseo_notices":[],"_links":{"self":[{"href":"https:\/\/www.temaitaly.com\/es\/wp-json\/wp\/v2\/product\/25850"}],"collection":[{"href":"https:\/\/www.temaitaly.com\/es\/wp-json\/wp\/v2\/product"}],"about":[{"href":"https:\/\/www.temaitaly.com\/es\/wp-json\/wp\/v2\/types\/product"}],"wp:featuredmedia":[{"embeddable":true,"href":"https:\/\/www.temaitaly.com\/es\/wp-json\/wp\/v2\/media\/335216"}],"wp:attachment":[{"href":"https:\/\/www.temaitaly.com\/es\/wp-json\/wp\/v2\/media?parent=25850"}],"wp:term":[{"taxonomy":"product_cat","embeddable":true,"href":"https:\/\/www.temaitaly.com\/es\/wp-json\/wp\/v2\/product_cat?post=25850"},{"taxonomy":"product_tag","embeddable":true,"href":"https:\/\/www.temaitaly.com\/es\/wp-json\/wp\/v2\/product_tag?post=25850"}],"curies":[{"name":"wp","href":"https:\/\/api.w.org\/{rel}","templated":true}]}}