{"id":25851,"date":"2023-07-17T11:28:09","date_gmt":"2023-07-17T12:02:46","guid":{"rendered":"https:\/\/www.temaitaly.com\/prodotto\/105rs15-cabrestante-autopropulsado-capacidad-150-kn\/"},"modified":"2024-02-16T00:16:03","modified_gmt":"2024-02-16T00:16:03","slug":"105rs15-cabrestante-autopropulsado-capacidad-150-kn","status":"publish","type":"product","link":"https:\/\/www.temaitaly.com\/es\/prodotto\/105rs15-cabrestante-autopropulsado-capacidad-150-kn\/","title":{"rendered":"105RS15<br>CABRESTANTE AUTOPROPULSADO<br><span class='subtitle-product'>Capacidad 150 kN<\/span>"},"content":{"rendered":"","protected":false},"excerpt":{"rendered":"<p>Cabrestante hidr\u00e1ulico 150 kN de capacidad con enrollador autom\u00e1tico y movimiento aut\u00f3nomo sobre orugas, adecuado para proyectos de gasoducto\/oleoducto y para operaciones de cableados subterr\u00e1neos.<\/p>\n","protected":false},"featured_media":335220,"template":"","meta":[],"product_cat":[316],"product_tag":[],"aioseo_notices":[],"_links":{"self":[{"href":"https:\/\/www.temaitaly.com\/es\/wp-json\/wp\/v2\/product\/25851"}],"collection":[{"href":"https:\/\/www.temaitaly.com\/es\/wp-json\/wp\/v2\/product"}],"about":[{"href":"https:\/\/www.temaitaly.com\/es\/wp-json\/wp\/v2\/types\/product"}],"wp:featuredmedia":[{"embeddable":true,"href":"https:\/\/www.temaitaly.com\/es\/wp-json\/wp\/v2\/media\/335220"}],"wp:attachment":[{"href":"https:\/\/www.temaitaly.com\/es\/wp-json\/wp\/v2\/media?parent=25851"}],"wp:term":[{"taxonomy":"product_cat","embeddable":true,"href":"https:\/\/www.temaitaly.com\/es\/wp-json\/wp\/v2\/product_cat?post=25851"},{"taxonomy":"product_tag","embeddable":true,"href":"https:\/\/www.temaitaly.com\/es\/wp-json\/wp\/v2\/product_tag?post=25851"}],"curies":[{"name":"wp","href":"https:\/\/api.w.org\/{rel}","templated":true}]}}