{"id":43965,"date":"2023-08-29T13:29:41","date_gmt":"2023-08-29T13:29:41","guid":{"rendered":"https:\/\/www.temaitaly.com\/entreprise\/qualite\/"},"modified":"2026-02-17T13:11:11","modified_gmt":"2026-02-17T13:11:11","slug":"qualite","status":"publish","type":"page","link":"https:\/\/www.temaitaly.com\/fr\/entreprise\/qualite\/","title":{"rendered":"Qualit\u00e9"},"content":{"rendered":"<p>[vc_row css=\u00a0\u00bb.vc_custom_1653911066291{margin-bottom: 70px !important;padding-top: 47px !important;padding-bottom: 0px !important;}\u00a0\u00bb parallax_background=\u00a0\u00bb\u00a0\u00bb][vc_column width=\u00a0\u00bb1\/2&Prime; css=\u00a0\u00bb.vc_custom_1422768980499{padding-top: 45px !important;padding-bottom: 30px !important;}\u00a0\u00bb][vc_custom_heading text=\u00a0\u00bbQualit\u00e9 et certifications\u00a0\u00bb font_container=\u00a0\u00bbtag:h2|font_size:26|text_align:left\u00a0\u00bb google_fonts=\u00a0\u00bbfont_family:Roboto%3A100%2C100italic%2C300%2C300italic%2Cregular%2Citalic%2C500%2C500italic%2C700%2C700italic%2C900%2C900italic|font_style:500%20bold%20regular%3A500%3Anormal\u00a0\u00bb css=\u00a0\u00bb.vc_custom_1653910958528{margin-bottom: 17px !important;}\u00a0\u00bb][vc_column_text css=\u00a0\u00bb.vc_custom_1659606928648{margin-bottom: 25px !important;}\u00a0\u00bb]<strong>Toutes les politiques de l&rsquo;entreprise TE.M.A. sont bas\u00e9es sur une organisation minutieuse et rationnelle des proc\u00e9dures de conception et de production.<\/strong> Il s&rsquo;agit d&rsquo;une marque de distinction rendue possible par le travail quotidien d&rsquo;un groupe de cadres et d&#8217;employ\u00e9s hautement qualifi\u00e9s, responsables et motiv\u00e9s.<\/p>\n<p>Chaque proc\u00e9dure est r\u00e9alis\u00e9e en totale conformit\u00e9 avec la norme ISO 9001:2015 (adopt\u00e9e au niveau international pour la cr\u00e9ation, la mise en \u0153uvre et la gestion d&rsquo;un syst\u00e8me de gestion de la qualit\u00e9). En outre, une attention particuli\u00e8re est accord\u00e9e aux diff\u00e9rents aspects de la durabilit\u00e9 et de l&rsquo;inclusion, pour lesquels TE.M.A. met \u00e0 disposition tout son engagement professionnel et son exp\u00e9rience.[\/vc_column_text]<style type=\"text\/css\" >#b_v7co22tvbcxt8bmh8nz5 a{color:#ff4539; background:; border-style:solid; border-color:#ff4539; margin-top:0px; margin-bottom:0px;  margin-left:0px; margin-right:0px; font-weight:700; border-radius:0px;}#b_v7co22tvbcxt8bmh8nz5 a:hover{color:#ffffff ; background:#333333 ; border-color:#333333;}<\/style><div class=\"ta_left tf_btn_pos\" id=\"b_v7co22tvbcxt8bmh8nz5\" ><a class=\"rd_stroke_bt small_rd_bt border_1px  bt_icon_right   \" href=\"https:\/\/www.temaitaly.com\/wp-content\/uploads\/2026\/02\/2026_02_16_QI_641_20a_9001_rev01_S1_tema-2026_02_16_QI_641_20b_9001_rev01_S1_tema-9001_ICN_TE.MA_.pdf\" target=\"yes\"   ><span>CERTIFICAT UNI EN ISO 9001:2015<\/span><i class=\"ion-ios7-download-outline\" ><\/i><\/a><\/div><style type=\"text\/css\" >#b_v7co22tvbcxt8bmh8nz5 i {color:#ff4539;}#b_v7co22tvbcxt8bmh8nz5 a:hover i{color:#ffffff;}<\/style><style type='text\/css'> @font-face{font-family: 'ion'; src:url('https:\/\/www.temaitaly.com\/wp-content\/themes\/thefox\/includes\/4k-icons\/icons\/4k-icons-pack03\/icons\/fonts\/ion.eot'); src:url('https:\/\/www.temaitaly.com\/wp-content\/themes\/thefox\/includes\/4k-icons\/icons\/4k-icons-pack03\/icons\/fonts\/ion.eot?#iefix') format('embedded-opentype'), url('https:\/\/www.temaitaly.com\/wp-content\/themes\/thefox\/includes\/4k-icons\/icons\/4k-icons-pack03\/icons\/fonts\/ion.woff') format('woff'), url('https:\/\/www.temaitaly.com\/wp-content\/themes\/thefox\/includes\/4k-icons\/icons\/4k-icons-pack03\/icons\/fonts\/ion.ttf') format('truetype'), url('https:\/\/www.temaitaly.com\/wp-content\/themes\/thefox\/includes\/4k-icons\/icons\/4k-icons-pack03\/icons\/fonts\/ion.svg#oi') format('svg'); font-weight: normal; font-style: normal;}#b_v7co22tvbcxt8bmh8nz5 .ion-ios7-download-outline:before{font-family: 'ion'; font-weight: normal; font-style: normal;}#b_v7co22tvbcxt8bmh8nz5 .ion-ios7-download-outline:before{content: \"\\e8f4\";}<\/style>\n<style type=\"text\/css\" >#b_x0indedebvbemml116uh a{color:#ff4539; background:; border-style:solid; border-color:#ff4539; margin-top:0px; margin-bottom:0px;  margin-left:20px; margin-right:0px; font-weight:700; border-radius:0px;}#b_x0indedebvbemml116uh a:hover{color:#ffffff ; background:#333333 ; border-color:#333333;}<\/style><div class=\"ta_left tf_btn_pos\" id=\"b_x0indedebvbemml116uh\" ><a class=\"rd_stroke_bt small_rd_bt border_1px  bt_icon_right   \" href=\"https:\/\/www.temaitaly.com\/wp-content\/uploads\/2024\/10\/Politica-Integrata_rev.3-en.pdf\" target=\"yes\"   ><span>POLITIQUE INT\u00c9GR\u00c9E<\/span><i class=\"ion-ios7-download-outline\" ><\/i><\/a><\/div><style type=\"text\/css\" >#b_x0indedebvbemml116uh i {color:#ff4539;}#b_x0indedebvbemml116uh a:hover i{color:#ffffff;}<\/style><style type='text\/css'> @font-face{font-family: 'ion'; src:url('https:\/\/www.temaitaly.com\/wp-content\/themes\/thefox\/includes\/4k-icons\/icons\/4k-icons-pack03\/icons\/fonts\/ion.eot'); src:url('https:\/\/www.temaitaly.com\/wp-content\/themes\/thefox\/includes\/4k-icons\/icons\/4k-icons-pack03\/icons\/fonts\/ion.eot?#iefix') format('embedded-opentype'), url('https:\/\/www.temaitaly.com\/wp-content\/themes\/thefox\/includes\/4k-icons\/icons\/4k-icons-pack03\/icons\/fonts\/ion.woff') format('woff'), url('https:\/\/www.temaitaly.com\/wp-content\/themes\/thefox\/includes\/4k-icons\/icons\/4k-icons-pack03\/icons\/fonts\/ion.ttf') format('truetype'), url('https:\/\/www.temaitaly.com\/wp-content\/themes\/thefox\/includes\/4k-icons\/icons\/4k-icons-pack03\/icons\/fonts\/ion.svg#oi') format('svg'); font-weight: normal; font-style: normal;}#b_x0indedebvbemml116uh .ion-ios7-download-outline:before{font-family: 'ion'; font-weight: normal; font-style: normal;}#b_x0indedebvbemml116uh .ion-ios7-download-outline:before{content: \"\\e8f4\";}<\/style>\n<style type=\"text\/css\" >#b_bz5gv1xxkhr5efe8pch4 a{color:#ff4539; background:; border-style:solid; border-color:#ff4539; margin-top:10px; margin-bottom:0px;  margin-left:0px; margin-right:0px; font-weight:700; border-radius:0px;}#b_bz5gv1xxkhr5efe8pch4 a:hover{color:#ffffff ; background:#333333 ; border-color:#333333;}<\/style><div class=\"ta_left tf_btn_pos\" id=\"b_bz5gv1xxkhr5efe8pch4\" ><a class=\"rd_stroke_bt small_rd_bt border_1px  bt_icon_right   \" href=\"https:\/\/www.temaitaly.com\/wp-content\/uploads\/2024\/03\/CODICE-ETICO_rev-0-EN.pdf\" target=\"yes\"   ><span>CODE DE D\u00c9ONTOLOGIE<\/span><i class=\"ion-ios7-download-outline\" ><\/i><\/a><\/div><style type=\"text\/css\" >#b_bz5gv1xxkhr5efe8pch4 i {color:#ff4539;}#b_bz5gv1xxkhr5efe8pch4 a:hover i{color:#ffffff;}<\/style><style type='text\/css'> @font-face{font-family: 'ion'; src:url('https:\/\/www.temaitaly.com\/wp-content\/themes\/thefox\/includes\/4k-icons\/icons\/4k-icons-pack03\/icons\/fonts\/ion.eot'); src:url('https:\/\/www.temaitaly.com\/wp-content\/themes\/thefox\/includes\/4k-icons\/icons\/4k-icons-pack03\/icons\/fonts\/ion.eot?#iefix') format('embedded-opentype'), url('https:\/\/www.temaitaly.com\/wp-content\/themes\/thefox\/includes\/4k-icons\/icons\/4k-icons-pack03\/icons\/fonts\/ion.woff') format('woff'), url('https:\/\/www.temaitaly.com\/wp-content\/themes\/thefox\/includes\/4k-icons\/icons\/4k-icons-pack03\/icons\/fonts\/ion.ttf') format('truetype'), url('https:\/\/www.temaitaly.com\/wp-content\/themes\/thefox\/includes\/4k-icons\/icons\/4k-icons-pack03\/icons\/fonts\/ion.svg#oi') format('svg'); font-weight: normal; font-style: normal;}#b_bz5gv1xxkhr5efe8pch4 .ion-ios7-download-outline:before{font-family: 'ion'; font-weight: normal; font-style: normal;}#b_bz5gv1xxkhr5efe8pch4 .ion-ios7-download-outline:before{content: \"\\e8f4\";}<\/style>\n<style type=\"text\/css\" >#b_sji7gnatnzv6jp4v4o0c a{color:#ff4539; background:; border-style:solid; border-color:#ff4539; margin-top:10px; margin-bottom:0px;  margin-left:20px; margin-right:0px; font-weight:700; border-radius:0px;}#b_sji7gnatnzv6jp4v4o0c a:hover{color:#ffffff ; background:#333333 ; border-color:#333333;}<\/style><div class=\"ta_left tf_btn_pos\" id=\"b_sji7gnatnzv6jp4v4o0c\" ><a class=\"rd_stroke_bt small_rd_bt border_1px  bt_icon_right   \" href=\"https:\/\/www.temaitaly.com\/wp-content\/uploads\/2024\/03\/POLITICA-ANTICORRUZIONE_it-en_rev.0.pdf\" target=\"yes\"   ><span>POLITIQUE ANTI-CORRUPTION<\/span><i class=\"ion-ios7-download-outline\" ><\/i><\/a><\/div><style type=\"text\/css\" >#b_sji7gnatnzv6jp4v4o0c i {color:#ff4539;}#b_sji7gnatnzv6jp4v4o0c a:hover i{color:#ffffff;}<\/style><style type='text\/css'> @font-face{font-family: 'ion'; src:url('https:\/\/www.temaitaly.com\/wp-content\/themes\/thefox\/includes\/4k-icons\/icons\/4k-icons-pack03\/icons\/fonts\/ion.eot'); src:url('https:\/\/www.temaitaly.com\/wp-content\/themes\/thefox\/includes\/4k-icons\/icons\/4k-icons-pack03\/icons\/fonts\/ion.eot?#iefix') format('embedded-opentype'), url('https:\/\/www.temaitaly.com\/wp-content\/themes\/thefox\/includes\/4k-icons\/icons\/4k-icons-pack03\/icons\/fonts\/ion.woff') format('woff'), url('https:\/\/www.temaitaly.com\/wp-content\/themes\/thefox\/includes\/4k-icons\/icons\/4k-icons-pack03\/icons\/fonts\/ion.ttf') format('truetype'), url('https:\/\/www.temaitaly.com\/wp-content\/themes\/thefox\/includes\/4k-icons\/icons\/4k-icons-pack03\/icons\/fonts\/ion.svg#oi') format('svg'); font-weight: normal; font-style: normal;}#b_sji7gnatnzv6jp4v4o0c .ion-ios7-download-outline:before{font-family: 'ion'; font-weight: normal; font-style: normal;}#b_sji7gnatnzv6jp4v4o0c .ion-ios7-download-outline:before{content: \"\\e8f4\";}<\/style>\n[\/vc_column][vc_column width=\u00a0\u00bb1\/2&Prime; animation=\u00a0\u00bbrda_fadeInUp\u00a0\u00bb][vc_single_image image=\u00a0\u00bb37532&Prime; img_size=\u00a0\u00bbfull\u00a0\u00bb css=\u00a0\u00bb.vc_custom_1668074496476{padding-top: 24px !important;}\u00a0\u00bb][\/vc_column][\/vc_row]<\/p>\n","protected":false},"excerpt":{"rendered":"<p>[vc_row css=\u00a0\u00bb.vc_custom_1653911066291{margin-bottom: 70px !important;padding-top: 47px !important;padding-bottom: 0px !important;}\u00a0\u00bb parallax_background=\u00a0\u00bb\u00a0\u00bb][vc_column width=\u00a0\u00bb1\/2&Prime; css=\u00a0\u00bb.vc_custom_1422768980499{padding-top: 45px !important;padding-bottom: 30px !important;}\u00a0\u00bb][vc_custom_heading text=\u00a0\u00bbQualit\u00e9 et certifications\u00a0\u00bb font_container=\u00a0\u00bbtag:h2|font_size:26|text_align:left\u00a0\u00bb google_fonts=\u00a0\u00bbfont_family:Roboto%3A100%2C100italic%2C300%2C300italic%2Cregular%2Citalic%2C500%2C500italic%2C700%2C700italic%2C900%2C900italic|font_style:500%20bold%20regular%3A500%3Anormal\u00a0\u00bb css=\u00a0\u00bb.vc_custom_1653910958528{margin-bottom: 17px !important;}\u00a0\u00bb][vc_column_text css=\u00a0\u00bb.vc_custom_1659606928648{margin-bottom: 25px !important;}\u00a0\u00bb]Toutes les politiques de l&rsquo;entreprise TE.M.A. sont bas\u00e9es sur une organisation minutieuse et rationnelle des proc\u00e9dures de conception et de production. Il s&rsquo;agit d&rsquo;une marque de distinction rendue possible par<br \/><a href=\"https:\/\/www.temaitaly.com\/fr\/entreprise\/qualite\/\" class=\"more\">Read more<\/a><\/p>\n","protected":false},"author":1,"featured_media":0,"parent":43957,"menu_order":0,"comment_status":"closed","ping_status":"open","template":"","meta":[],"aioseo_notices":[],"_links":{"self":[{"href":"https:\/\/www.temaitaly.com\/fr\/wp-json\/wp\/v2\/pages\/43965"}],"collection":[{"href":"https:\/\/www.temaitaly.com\/fr\/wp-json\/wp\/v2\/pages"}],"about":[{"href":"https:\/\/www.temaitaly.com\/fr\/wp-json\/wp\/v2\/types\/page"}],"author":[{"embeddable":true,"href":"https:\/\/www.temaitaly.com\/fr\/wp-json\/wp\/v2\/users\/1"}],"replies":[{"embeddable":true,"href":"https:\/\/www.temaitaly.com\/fr\/wp-json\/wp\/v2\/comments?post=43965"}],"version-history":[{"count":14,"href":"https:\/\/www.temaitaly.com\/fr\/wp-json\/wp\/v2\/pages\/43965\/revisions"}],"predecessor-version":[{"id":431315,"href":"https:\/\/www.temaitaly.com\/fr\/wp-json\/wp\/v2\/pages\/43965\/revisions\/431315"}],"up":[{"embeddable":true,"href":"https:\/\/www.temaitaly.com\/fr\/wp-json\/wp\/v2\/pages\/43957"}],"wp:attachment":[{"href":"https:\/\/www.temaitaly.com\/fr\/wp-json\/wp\/v2\/media?parent=43965"}],"curies":[{"name":"wp","href":"https:\/\/api.w.org\/{rel}","templated":true}]}}