{"id":43969,"date":"2023-08-29T13:29:59","date_gmt":"2023-08-29T13:29:59","guid":{"rendered":"https:\/\/www.temaitaly.com\/entreprise\/recherche-et-developpement\/"},"modified":"2023-09-05T10:03:33","modified_gmt":"2023-09-05T10:03:33","slug":"recherche-et-developpement","status":"publish","type":"page","link":"https:\/\/www.temaitaly.com\/fr\/entreprise\/recherche-et-developpement\/","title":{"rendered":"Recherche et d\u00e9veloppement"},"content":{"rendered":"<p>[vc_row css=\u00a0\u00bb.vc_custom_1653911066291{margin-bottom: 70px !important;padding-top: 47px !important;padding-bottom: 0px !important;}\u00a0\u00bb parallax_background=\u00a0\u00bb\u00a0\u00bb][vc_column width=\u00a0\u00bb1\/2&Prime; css=\u00a0\u00bb.vc_custom_1422768980499{padding-top: 45px !important;padding-bottom: 30px !important;}\u00a0\u00bb][vc_custom_heading text=\u00a0\u00bbRecherche, d\u00e9veloppement et durabilit\u00e9\u00a0\u00bb font_container=\u00a0\u00bbtag:h2|font_size:26|text_align:left\u00a0\u00bb google_fonts=\u00a0\u00bbfont_family:Roboto%3A100%2C100italic%2C300%2C300italic%2Cregular%2Citalic%2C500%2C500italic%2C700%2C700italic%2C900%2C900italic|font_style:500%20bold%20regular%3A500%3Anormal\u00a0\u00bb css=\u00a0\u00bb.vc_custom_1658304446235{margin-bottom: 17px !important;}\u00a0\u00bb][vc_column_text css=\u00a0\u00bb.vc_custom_1659606857481{margin-bottom: 25px !important;}\u00a0\u00bb]<strong>TE.M.A. se caract\u00e9rise sourtout par son orientation vers le client dans tous les \u00e9tapes de l&rsquo;avant-vente et de l&rsquo;apr\u00e8s-vente.<\/strong><\/p>\n<p>TE.M.A. d\u00e9montre ponctuellement une adaptabilit\u00e9 maximale aux besoins de chaque client, ainsi qu&rsquo;aux exigences du march\u00e9 en g\u00e9n\u00e9ral, gr\u00e2ce \u00e0 une \u00e9quipe \u00e9troite de Recherche et D\u00e9veloppement (R&amp;D) compos\u00e9e d&rsquo;ing\u00e9nieurs et d&rsquo;experts techniques utilisant des logiciels innovants et des syst\u00e8mes d\u00e9di\u00e9s.<br \/>\nEn t\u00e9moignent les nombreux produits personnalis\u00e9s qui ont \u00e9t\u00e9 cr\u00e9\u00e9s, d\u00e9velopp\u00e9s et livr\u00e9s au cours des 40 ann\u00e9es d&rsquo;existence de l&rsquo;entreprise.<\/p>\n<p>Les derniers d\u00e9fis du march\u00e9 (parmi lesquels la transition \u00e9cologique se distingue) sont \u00e0 chaque fois relev\u00e9s et surmont\u00e9s avec succ\u00e8s gr\u00e2ce aux technologies toujours plus avanc\u00e9es utilis\u00e9es par TE.M.A. Par exemple, dans le secteur des machines de d\u00e9roulage, les moteurs utilis\u00e9s sont conformes aux derni\u00e8res directives en mati\u00e8re d&rsquo;\u00e9missions environnementales et des syst\u00e8mes HMI ont \u00e9t\u00e9 introduits.[\/vc_column_text][\/vc_column][vc_column width=\u00a0\u00bb1\/2&Prime; animation=\u00a0\u00bbrda_fadeInUp\u00a0\u00bb][vc_single_image image=\u00a0\u00bb37533&Prime; img_size=\u00a0\u00bbfull\u00a0\u00bb css=\u00a0\u00bb.vc_custom_1668074684561{padding-top: 24px !important;}\u00a0\u00bb][\/vc_column][\/vc_row]<\/p>\n","protected":false},"excerpt":{"rendered":"<p>[vc_row css=\u00a0\u00bb.vc_custom_1653911066291{margin-bottom: 70px !important;padding-top: 47px !important;padding-bottom: 0px !important;}\u00a0\u00bb parallax_background=\u00a0\u00bb\u00a0\u00bb][vc_column width=\u00a0\u00bb1\/2&Prime; css=\u00a0\u00bb.vc_custom_1422768980499{padding-top: 45px !important;padding-bottom: 30px !important;}\u00a0\u00bb][vc_custom_heading text=\u00a0\u00bbRecherche, d\u00e9veloppement et durabilit\u00e9\u00a0\u00bb font_container=\u00a0\u00bbtag:h2|font_size:26|text_align:left\u00a0\u00bb google_fonts=\u00a0\u00bbfont_family:Roboto%3A100%2C100italic%2C300%2C300italic%2Cregular%2Citalic%2C500%2C500italic%2C700%2C700italic%2C900%2C900italic|font_style:500%20bold%20regular%3A500%3Anormal\u00a0\u00bb css=\u00a0\u00bb.vc_custom_1658304446235{margin-bottom: 17px !important;}\u00a0\u00bb][vc_column_text css=\u00a0\u00bb.vc_custom_1659606857481{margin-bottom: 25px !important;}\u00a0\u00bb]TE.M.A. se caract\u00e9rise sourtout par son orientation vers le client dans tous les \u00e9tapes de l&rsquo;avant-vente et de l&rsquo;apr\u00e8s-vente. TE.M.A. d\u00e9montre ponctuellement une adaptabilit\u00e9 maximale aux besoins de chaque<br \/><a href=\"https:\/\/www.temaitaly.com\/fr\/entreprise\/recherche-et-developpement\/\" class=\"more\">Read more<\/a><\/p>\n","protected":false},"author":1,"featured_media":0,"parent":43957,"menu_order":0,"comment_status":"closed","ping_status":"open","template":"","meta":[],"aioseo_notices":[],"_links":{"self":[{"href":"https:\/\/www.temaitaly.com\/fr\/wp-json\/wp\/v2\/pages\/43969"}],"collection":[{"href":"https:\/\/www.temaitaly.com\/fr\/wp-json\/wp\/v2\/pages"}],"about":[{"href":"https:\/\/www.temaitaly.com\/fr\/wp-json\/wp\/v2\/types\/page"}],"author":[{"embeddable":true,"href":"https:\/\/www.temaitaly.com\/fr\/wp-json\/wp\/v2\/users\/1"}],"replies":[{"embeddable":true,"href":"https:\/\/www.temaitaly.com\/fr\/wp-json\/wp\/v2\/comments?post=43969"}],"version-history":[{"count":5,"href":"https:\/\/www.temaitaly.com\/fr\/wp-json\/wp\/v2\/pages\/43969\/revisions"}],"predecessor-version":[{"id":188749,"href":"https:\/\/www.temaitaly.com\/fr\/wp-json\/wp\/v2\/pages\/43969\/revisions\/188749"}],"up":[{"embeddable":true,"href":"https:\/\/www.temaitaly.com\/fr\/wp-json\/wp\/v2\/pages\/43957"}],"wp:attachment":[{"href":"https:\/\/www.temaitaly.com\/fr\/wp-json\/wp\/v2\/media?parent=43969"}],"curies":[{"name":"wp","href":"https:\/\/api.w.org\/{rel}","templated":true}]}}