{"id":43978,"date":"2023-08-29T13:31:18","date_gmt":"2023-08-29T13:31:18","guid":{"rendered":"https:\/\/www.temaitaly.com\/contact\/"},"modified":"2025-08-25T09:45:27","modified_gmt":"2025-08-25T09:45:27","slug":"contact","status":"publish","type":"page","link":"https:\/\/www.temaitaly.com\/fr\/contact\/","title":{"rendered":"Contact"},"content":{"rendered":"<p>[vc_row css=\u00a0\u00bb.vc_custom_1659599580691{margin-top: 80px !important;margin-bottom: 0px !important;padding-top: 0px !important;padding-bottom: 0px !important;}\u00a0\u00bb parallax_background=\u00a0\u00bb\u00a0\u00bb][vc_column width=\u00a0\u00bb2\/3&Prime;][vc_raw_html]JTNDaWZyYW1lJTIwc3JjJTNEJTIyaHR0cHMlM0ElMkYlMkZ3d3cuZ29vZ2xlLmNvbSUyRm1hcHMlMkZlbWJlZCUzRnBiJTNEJTIxMW0xOCUyMTFtMTIlMjExbTMlMjExZDM1NzY2Ni43NzU1MDQzNzMzNiUyMTJkOS4yNjU4MjYxODI1MDAwODUlMjEzZDQ1LjU0NDg1MDY2NDcxMDU0JTIxMm0zJTIxMWYwJTIxMmYwJTIxM2YwJTIxM20yJTIxMWkxMDI0JTIxMmk3NjglMjE0ZjEzLjElMjEzbTMlMjExbTIlMjExczB4NDc4MTVmYjQ5ZThiMGZhMSUyNTNBMHg2YzYxNzUzODc1ZGI1ZTBkJTIxMnNURS5NLkEuJTI1MjBTcGElMjE1ZTAlMjEzbTIlMjExc2l0JTIxMnNpdCUyMTR2MTc1NjExMzg2NDg5OCUyMTVtMiUyMTFzaXQlMjEyc2l0JTIyJTIwd2lkdGglM0QlMjIxMDAlMjUlMjIlMjBoZWlnaHQlM0QlMjI2MDAlMjIlMjBzdHlsZSUzRCUyMmJvcmRlciUzQTAlM0IlMjIlMjBhbGxvd2Z1bGxzY3JlZW4lM0QlMjIlMjIlMjBsb2FkaW5nJTNEJTIybGF6eSUyMiUyMHJlZmVycmVycG9saWN5JTNEJTIybm8tcmVmZXJyZXItd2hlbi1kb3duZ3JhZGUlMjIlM0UlM0MlMkZpZnJhbWUlM0U=[\/vc_raw_html][\/vc_column][vc_column width=\u00a0\u00bb1\/3&Prime;][vc_custom_heading text=\u00a0\u00bbInformations et contacts\u00a0\u00bb font_container=\u00a0\u00bbtag:h2|font_size:30|text_align:left\u00a0\u00bb google_fonts=\u00a0\u00bbfont_family:Roboto%3A100%2C100italic%2C300%2C300italic%2Cregular%2Citalic%2C500%2C500italic%2C700%2C700italic%2C900%2C900italic|font_style:400%20regular%3A400%3Anormal\u00a0\u00bb css=\u00a0\u00bb.vc_custom_1614263327744{margin-bottom: 12px !important;}\u00a0\u00bb][vc_custom_heading text=\u00a0\u00bbADRESSE DU SI\u00c8GE SOCIAL\u00a0\u00bb font_container=\u00a0\u00bbtag:h2|font_size:14|text_align:left\u00a0\u00bb google_fonts=\u00a0\u00bbfont_family:Lato%3A100%2C100italic%2C300%2C300italic%2Cregular%2Citalic%2C700%2C700italic%2C900%2C900italic|font_style:900%20bold%20regular%3A900%3Anormal\u00a0\u00bb css=\u00a0\u00bb.vc_custom_1614263487710{margin-bottom: 0px !important;}\u00a0\u00bb][vc_column_text css=\u00a0\u00bb.vc_custom_1667388605406{margin-bottom: 11px !important;}\u00a0\u00bb]<strong>TE.M.A. S.p.A.<\/strong> via Prato Pieve, 48<br \/>\n24060 Casazza (BG) Italie[\/vc_column_text][vc_custom_heading text=\u00a0\u00bbTELEPHONE\u00a0\u00bb font_container=\u00a0\u00bbtag:h2|font_size:14|text_align:left\u00a0\u00bb google_fonts=\u00a0\u00bbfont_family:Lato%3A100%2C100italic%2C300%2C300italic%2Cregular%2Citalic%2C700%2C700italic%2C900%2C900italic|font_style:900%20bold%20regular%3A900%3Anormal\u00a0\u00bb css=\u00a0\u00bb.vc_custom_1614263503469{margin-bottom: 0px !important;}\u00a0\u00bb][vc_column_text css=\u00a0\u00bb.vc_custom_1614263517062{margin-bottom: 11px !important;}\u00a0\u00bb]+39 035 812781[\/vc_column_text][vc_custom_heading text=\u00a0\u00bbFAX\u00a0\u00bb font_container=\u00a0\u00bbtag:h2|font_size:14|text_align:left\u00a0\u00bb google_fonts=\u00a0\u00bbfont_family:Lato%3A100%2C100italic%2C300%2C300italic%2Cregular%2Citalic%2C700%2C700italic%2C900%2C900italic|font_style:900%20bold%20regular%3A900%3Anormal\u00a0\u00bb css=\u00a0\u00bb.vc_custom_1614263528378{margin-bottom: 0px !important;}\u00a0\u00bb][vc_column_text css=\u00a0\u00bb.vc_custom_1614263551153{margin-bottom: 11px !important;}\u00a0\u00bb]+39 035 812683[\/vc_column_text][vc_custom_heading text=\u00a0\u00bbEMAIL\u00a0\u00bb font_container=\u00a0\u00bbtag:h2|font_size:14|text_align:left\u00a0\u00bb google_fonts=\u00a0\u00bbfont_family:Lato%3A100%2C100italic%2C300%2C300italic%2Cregular%2Citalic%2C700%2C700italic%2C900%2C900italic|font_style:900%20bold%20regular%3A900%3Anormal\u00a0\u00bb css=\u00a0\u00bb.vc_custom_1422955276144{margin-bottom: 0px !important;}\u00a0\u00bb][vc_column_text css=\u00a0\u00bb.vc_custom_1614263568364{margin-bottom: 11px !important;}\u00a0\u00bb]<a href=\"mailto:info@temaitaly.it\">info@temaitaly.it<\/a>[\/vc_column_text][vc_custom_heading text=\u00a0\u00bbSERVICE APR\u00c8S-VENTE\u00a0\u00bb font_container=\u00a0\u00bbtag:h2|font_size:14|text_align:left\u00a0\u00bb google_fonts=\u00a0\u00bbfont_family:Lato%3A100%2C100italic%2C300%2C300italic%2Cregular%2Citalic%2C700%2C700italic%2C900%2C900italic|font_style:900%20bold%20regular%3A900%3Anormal\u00a0\u00bb css=\u00a0\u00bb.vc_custom_1659599661978{margin-bottom: 0px !important;}\u00a0\u00bb][vc_column_text css=\u00a0\u00bb.vc_custom_1667388587884{margin-bottom: 11px !important;}\u00a0\u00bb]<a href=\"mailto:service@temaitaly.it\">service@temaitaly.it<\/a>[\/vc_column_text][vc_custom_heading text=\u00a0\u00bbSERVICE COMMERCIAL\u00a0\u00bb font_container=\u00a0\u00bbtag:h2|font_size:14|text_align:left\u00a0\u00bb google_fonts=\u00a0\u00bbfont_family:Lato%3A100%2C100italic%2C300%2C300italic%2Cregular%2Citalic%2C700%2C700italic%2C900%2C900italic|font_style:900%20bold%20regular%3A900%3Anormal\u00a0\u00bb css=\u00a0\u00bb.vc_custom_1659599729997{margin-bottom: 0px !important;}\u00a0\u00bb][vc_column_text css=\u00a0\u00bb.vc_custom_1659599744819{margin-bottom: 11px !important;}\u00a0\u00bb]<a href=\"mailto:sales@temaitaly.it\">sales@temaitaly.it<\/a>[\/vc_column_text]<style type=\"text\/css\" >#l_tqyhejze1pgcl0og99l1.sc_line ,#l_tqyhejze1pgcl0og99l1 .sc_line { height:1px; background:;}#l_tqyhejze1pgcl0og99l1 {margin:35pxpx 0 0px 0; padding:0;}<\/style><div class=\"clearfix\"><\/div><div id=\"l_tqyhejze1pgcl0og99l1\"  class=\"sc_line rd_line_normal\" ><\/div>[vc_custom_heading text=\u00a0\u00bbDONN\u00c9ES DE L&rsquo;ENTREPRISE\u00a0\u00bb font_container=\u00a0\u00bbtag:h2|font_size:14|text_align:left\u00a0\u00bb google_fonts=\u00a0\u00bbfont_family:Lato%3A100%2C100italic%2C300%2C300italic%2Cregular%2Citalic%2C700%2C700italic%2C900%2C900italic|font_style:900%20bold%20regular%3A900%3Anormal\u00a0\u00bb css=\u00a0\u00bb.vc_custom_1614263640135{margin-bottom: 0px !important;}\u00a0\u00bb][vc_column_text css=\u00a0\u00bb.vc_custom_1616411158480{margin-bottom: 11px !important;}\u00a0\u00bb]NUM\u00c9RO DE TVA : 01611900166<br \/>\nNum\u00e9ro REA : BG 222264<br \/>\nCapital social : 1 500 000,00 \u20ac i.v.[\/vc_column_text][\/vc_column][\/vc_row][vc_row css=\u00a0\u00bb.vc_custom_1659599897707{margin-bottom: 0px !important;padding-top: 40px !important;padding-bottom: 55px !important;}\u00a0\u00bb parallax_background=\u00a0\u00bb\u00a0\u00bb][vc_column css=\u00a0\u00bb.vc_custom_1422955914236{margin-bottom: 50px !important;}\u00a0\u00bb][vc_custom_heading text=\u00a0\u00bbPour demander plus d&rsquo;informations, veuillez remplir le formulaire suivant\u00a0\u00bb font_container=\u00a0\u00bbtag:h2|font_size:30|text_align:left\u00a0\u00bb google_fonts=\u00a0\u00bbfont_family:Roboto%3A100%2C100italic%2C300%2C300italic%2Cregular%2Citalic%2C500%2C500italic%2C700%2C700italic%2C900%2C900italic|font_style:400%20regular%3A400%3Anormal\u00a0\u00bb css=\u00a0\u00bb.vc_custom_1659599887732{margin-bottom: 12px !important;}\u00a0\u00bb]<style type=\"text\/css\" >#rd_folk3afe4sx6hwugoknf .wpcf7,#rd_folk3afe4sx6hwugoknf input:not([type=submit]):not([type=checkbox]),#rd_folk3afe4sx6hwugoknf textarea,#rd_folk3afe4sx6hwugoknf .wpcf7 select,#rd_folk3afe4sx6hwugoknf .wpcf7 input[type=\"checkbox\"]:checked{color:#2c3e50;}#rd_folk3afe4sx6hwugoknf .wpcf7 input[type=\"checkbox\"]{background:rgba(0,0,0,0); color:rgba(0,0,0,0);}#rd_folk3afe4sx6hwugoknf .wpcf7 {font-weight:bold;}#rd_folk3afe4sx6hwugoknf .wpcf7 input[type=submit]{font-size:15px; font-weight:900; border-radius:2px; padding:11px 15px; letter-spacing: 0.5px; margin-top:3px;}#rd_folk3afe4sx6hwugoknf .wpcf7 input[type=submit]:hover {background:#000000; color:#ffffff !important;}#rd_folk3afe4sx6hwugoknf .wpcf7 input:not([type=submit]):not([type=checkbox]),#rd_folk3afe4sx6hwugoknf textarea,#rd_folk3afe4sx6hwugoknf .wpcf7 select{border-radius:5px;}#rd_folk3afe4sx6hwugoknf .wpcf7 input:not([type=submit]),#rd_folk3afe4sx6hwugoknf textarea,#rd_folk3afe4sx6hwugoknf .wpcf7 input[type=submit],#rd_folk3afe4sx6hwugoknf .wpcf7 select{margin-top:3px;}#rd_folk3afe4sx6hwugoknf p{margin-bottom:23px;}#rd_folk3afe4sx6hwugoknf .wpcf7 input:not([type=submit]):not([type=checkbox]),#rd_folk3afe4sx6hwugoknf .wpcf7  textarea,#rd_folk3afe4sx6hwugoknf .wpcf7 select{border:1px solid #ebeef1; background:#ffffff;}#rd_folk3afe4sx6hwugoknf .wpcf7 input[type=submit]{background:#e3000d; color:#ffffff !important;}<\/style><div id=\"rd_folk3afe4sx6hwugoknf\" class=\"\">\n<div class=\"wpcf7 no-js\" id=\"wpcf7-f40706-o1\" lang=\"fr-FR\" dir=\"ltr\">\n<div class=\"screen-reader-response\"><p role=\"status\" aria-live=\"polite\" aria-atomic=\"true\"><\/p> <ul><\/ul><\/div>\n<form action=\"\/fr\/wp-json\/wp\/v2\/pages\/43978#wpcf7-f40706-o1\" method=\"post\" class=\"wpcf7-form init\" aria-label=\"Formulaire de contact\" novalidate=\"novalidate\" data-status=\"init\">\n<div style=\"display: none;\">\n<input type=\"hidden\" name=\"_wpcf7\" value=\"40706\" \/>\n<input type=\"hidden\" name=\"_wpcf7_version\" value=\"5.7.7\" \/>\n<input type=\"hidden\" name=\"_wpcf7_locale\" value=\"fr_FR\" \/>\n<input type=\"hidden\" name=\"_wpcf7_unit_tag\" value=\"wpcf7-f40706-o1\" \/>\n<input type=\"hidden\" name=\"_wpcf7_container_post\" value=\"0\" \/>\n<input type=\"hidden\" name=\"_wpcf7_posted_data_hash\" value=\"\" \/>\n<input type=\"hidden\" name=\"_wpcf7_recaptcha_response\" value=\"\" \/>\n<\/div>\n<p><strong>FIRST AND LAST NAME *<\/strong><br \/>\n<span class=\"wpcf7-form-control-wrap\" data-name=\"your-nome\"><input size=\"40\" class=\"wpcf7-form-control wpcf7-text wpcf7-validates-as-required\" aria-required=\"true\" aria-invalid=\"false\" placeholder=\"Nome e cognome\" value=\"\" type=\"text\" name=\"your-nome\" \/><\/span>\n<\/p>\n<p><strong>COMPANY *<\/strong><br \/>\n<span class=\"wpcf7-form-control-wrap\" data-name=\"your-azienda\"><input size=\"40\" class=\"wpcf7-form-control wpcf7-text wpcf7-validates-as-required\" aria-required=\"true\" aria-invalid=\"false\" placeholder=\"Azienda\" value=\"\" type=\"text\" name=\"your-azienda\" \/><\/span>\n<\/p>\n<p><strong>E-MAIL *<\/strong><br \/>\n<span class=\"wpcf7-form-control-wrap\" data-name=\"your-email\"><input size=\"40\" class=\"wpcf7-form-control wpcf7-text wpcf7-email wpcf7-validates-as-required wpcf7-validates-as-email\" aria-required=\"true\" aria-invalid=\"false\" placeholder=\"E-mail\" value=\"\" type=\"email\" name=\"your-email\" \/><\/span>\n<\/p>\n<p><strong>INFORMATION REQUEST *<\/strong><br \/>\n<span class=\"wpcf7-form-control-wrap\" data-name=\"your-richiesta\"><textarea cols=\"40\" rows=\"10\" class=\"wpcf7-form-control wpcf7-textarea\" aria-invalid=\"false\" placeholder=\"Richiesta informazioni\" name=\"your-richiesta\"><\/textarea><\/span>\n<\/p>\n<p><strong><span class=\"wpcf7-form-control-wrap\" data-name=\"acceptance-572\"><span class=\"wpcf7-form-control wpcf7-acceptance\"><span class=\"wpcf7-list-item\"><input type=\"checkbox\" name=\"acceptance-572\" value=\"1\" aria-invalid=\"false\" \/><\/span><\/span><\/span> Accept the terms of the <a href=\"https:\/\/www.iubenda.com\/privacy-policy\/86338956\" class=\"iubenda-white no-brand iubenda-noiframe iubenda-embed iubenda-noiframe \" title=\"Privacy Policy \">Privacy Policy<\/a><script type=\"text\/javascript\">(function (w,d) {var loader = function () {var s = d.createElement(\"script\"), tag = d.getElementsByTagName(\"script\")[0]; s.src=\"https:\/\/cdn.iubenda.com\/iubenda.js\"; tag.parentNode.insertBefore(s,tag);}; if(w.addEventListener){w.addEventListener(\"load\", loader, false);}else if(w.attachEvent){w.attachEvent(\"onload\", loader);}else{w.onload = loader;>(window, document);<\/script> *<\/strong>\n<\/p>\n<p><small class=\"d-block fs-8 mt-2\">This site is protected by reCAPTCHA and Google. <a href=\"https:\/\/policies.google.com\/privacy\" class=\"text-decoration-underline\" target=\"_blank\" rel=\"noreferrer\">Privacy Policy<\/a>, <a href=\"https:\/\/policies.google.com\/terms\" class=\"text-decoration-underline\" target=\"_blank\" rel=\"noreferrer\">Terms of Service<\/a>.<\/small>\n<\/p>\n<p><span class=\"wpcf7-form-control-wrap kc_captcha cf7ic-toggle\" data-name=\"kc_captcha\"><span class=\"wpcf7-form-control wpcf7-radio\"><span class=\"captcha-image\" style=\"display: none;\"><span class=\"cf7ic_instructions\">Veuillez prouver que vous \u00eates humain en s\u00e9lectionnant<span> le c\u0153ur<\/span>.<\/span><label><input type=\"radio\" name=\"kc_captcha\" value=\"kc_human\" \/><svg width=\"50\" height=\"50\" aria-hidden=\"true\" role=\"img\" xmlns=\"http:\/\/www.w3.org\/2000\/svg\" viewBox=\"0 0 576 512\"><path fill=\"currentColor\" d=\"M415 24c-53 0-103 42-127 65-24-23-74-65-127-65C70 24 16 77 16 166c0 72 67 133 69 135l187 181c9 8 23 8 32 0l187-180c2-3 69-64 69-136 0-89-54-142-145-142z\"\/><\/svg><\/label><label><input type=\"radio\" name=\"kc_captcha\" value=\"bot\" \/><svg width=\"50\" height=\"50\" aria-hidden=\"true\" role=\"img\" xmlns=\"http:\/\/www.w3.org\/2000\/svg\" viewBox=\"0 0 576 512\"><path fill=\"currentColor\" d=\"M488 313v143c0 13-11 24-24 24H348c-7 0-12-5-12-12V356c0-7-5-12-12-12h-72c-7 0-12 5-12 12v112c0 7-5 12-12 12H112c-13 0-24-11-24-24V313c0-4 2-7 4-10l188-154c5-4 11-4 16 0l188 154c2 3 4 6 4 10zm84-61l-84-69V44c0-6-5-12-12-12h-56c-7 0-12 6-12 12v73l-89-74a48 48 0 00-61 0L4 252c-5 4-5 12-1 17l25 31c5 5 12 5 17 1l235-193c5-4 11-4 16 0l235 193c5 5 13 4 17-1l25-31c4-6 4-13-1-17z\"\/><\/svg><\/label><label><input type=\"radio\" name=\"kc_captcha\" value=\"bot\" \/><svg width=\"50\" height=\"50\" aria-hidden=\"true\" role=\"img\" xmlns=\"http:\/\/www.w3.org\/2000\/svg\" viewBox=\"0 0 640 512\"><path fill=\"currentColor\" d=\"M624 352h-16V244c0-13-5-25-14-34L494 110c-9-9-21-14-34-14h-44V48c0-26-21-48-48-48H48C22 0 0 22 0 48v320c0 27 22 48 48 48h16a96 96 0 00192 0h128a96 96 0 00192 0h48c9 0 16-7 16-16v-32c0-9-7-16-16-16zM160 464a48 48 0 110-96 48 48 0 010 96zm320 0a48 48 0 110-96 48 48 0 010 96zm80-208H416V144h44l100 100v12z\"\/><\/svg><\/label>\r\n    <\/span>\r\n    <span style=\"display:none\">\r\n        <input type=\"text\" name=\"kc_honeypot\">\r\n    <\/span><\/span><\/span>\n<\/p>\n<p><input class=\"wpcf7-form-control has-spinner wpcf7-submit\" type=\"submit\" value=\"INVIA\" \/>\n<\/p><div class=\"wpcf7-response-output\" aria-hidden=\"true\"><\/div>\n<\/form>\n<\/div>\n<\/div>[\/vc_column][\/vc_row]<\/p>\n","protected":false},"excerpt":{"rendered":"<p>[vc_row css=\u00a0\u00bb.vc_custom_1659599580691{margin-top: 80px !important;margin-bottom: 0px !important;padding-top: 0px !important;padding-bottom: 0px !important;}\u00a0\u00bb parallax_background=\u00a0\u00bb\u00a0\u00bb][vc_column width=\u00a0\u00bb2\/3&Prime;][vc_raw_html]JTNDaWZyYW1lJTIwc3JjJTNEJTIyaHR0cHMlM0ElMkYlMkZ3d3cuZ29vZ2xlLmNvbSUyRm1hcHMlMkZlbWJlZCUzRnBiJTNEJTIxMW0xOCUyMTFtMTIlMjExbTMlMjExZDM1NzY2Ni43NzU1MDQzNzMzNiUyMTJkOS4yNjU4MjYxODI1MDAwODUlMjEzZDQ1LjU0NDg1MDY2NDcxMDU0JTIxMm0zJTIxMWYwJTIxMmYwJTIxM2YwJTIxM20yJTIxMWkxMDI0JTIxMmk3NjglMjE0ZjEzLjElMjEzbTMlMjExbTIlMjExczB4NDc4MTVmYjQ5ZThiMGZhMSUyNTNBMHg2YzYxNzUzODc1ZGI1ZTBkJTIxMnNURS5NLkEuJTI1MjBTcGElMjE1ZTAlMjEzbTIlMjExc2l0JTIxMnNpdCUyMTR2MTc1NjExMzg2NDg5OCUyMTVtMiUyMTFzaXQlMjEyc2l0JTIyJTIwd2lkdGglM0QlMjIxMDAlMjUlMjIlMjBoZWlnaHQlM0QlMjI2MDAlMjIlMjBzdHlsZSUzRCUyMmJvcmRlciUzQTAlM0IlMjIlMjBhbGxvd2Z1bGxzY3JlZW4lM0QlMjIlMjIlMjBsb2FkaW5nJTNEJTIybGF6eSUyMiUyMHJlZmVycmVycG9saWN5JTNEJTIybm8tcmVmZXJyZXItd2hlbi1kb3duZ3JhZGUlMjIlM0UlM0MlMkZpZnJhbWUlM0U=[\/vc_raw_html][\/vc_column][vc_column width=\u00a0\u00bb1\/3&Prime;][vc_custom_heading text=\u00a0\u00bbInformations et contacts\u00a0\u00bb font_container=\u00a0\u00bbtag:h2|font_size:30|text_align:left\u00a0\u00bb google_fonts=\u00a0\u00bbfont_family:Roboto%3A100%2C100italic%2C300%2C300italic%2Cregular%2Citalic%2C500%2C500italic%2C700%2C700italic%2C900%2C900italic|font_style:400%20regular%3A400%3Anormal\u00a0\u00bb css=\u00a0\u00bb.vc_custom_1614263327744{margin-bottom: 12px !important;}\u00a0\u00bb][vc_custom_heading text=\u00a0\u00bbADRESSE DU SI\u00c8GE SOCIAL\u00a0\u00bb font_container=\u00a0\u00bbtag:h2|font_size:14|text_align:left\u00a0\u00bb google_fonts=\u00a0\u00bbfont_family:Lato%3A100%2C100italic%2C300%2C300italic%2Cregular%2Citalic%2C700%2C700italic%2C900%2C900italic|font_style:900%20bold%20regular%3A900%3Anormal\u00a0\u00bb css=\u00a0\u00bb.vc_custom_1614263487710{margin-bottom: 0px !important;}\u00a0\u00bb][vc_column_text css=\u00a0\u00bb.vc_custom_1667388605406{margin-bottom: 11px !important;}\u00a0\u00bb]TE.M.A. S.p.A. via Prato Pieve, 48 24060 Casazza (BG) Italie[\/vc_column_text][vc_custom_heading text=\u00a0\u00bbTELEPHONE\u00a0\u00bb font_container=\u00a0\u00bbtag:h2|font_size:14|text_align:left\u00a0\u00bb google_fonts=\u00a0\u00bbfont_family:Lato%3A100%2C100italic%2C300%2C300italic%2Cregular%2Citalic%2C700%2C700italic%2C900%2C900italic|font_style:900%20bold%20regular%3A900%3Anormal\u00a0\u00bb css=\u00a0\u00bb.vc_custom_1614263503469{margin-bottom: 0px !important;}\u00a0\u00bb][vc_column_text css=\u00a0\u00bb.vc_custom_1614263517062{margin-bottom: 11px !important;}\u00a0\u00bb]+39 035 812781[\/vc_column_text][vc_custom_heading text=\u00a0\u00bbFAX\u00a0\u00bb font_container=\u00a0\u00bbtag:h2|font_size:14|text_align:left\u00a0\u00bb<br \/><a href=\"https:\/\/www.temaitaly.com\/fr\/contact\/\" class=\"more\">Read more<\/a><\/p>\n","protected":false},"author":1,"featured_media":0,"parent":0,"menu_order":0,"comment_status":"closed","ping_status":"closed","template":"","meta":[],"aioseo_notices":[],"_links":{"self":[{"href":"https:\/\/www.temaitaly.com\/fr\/wp-json\/wp\/v2\/pages\/43978"}],"collection":[{"href":"https:\/\/www.temaitaly.com\/fr\/wp-json\/wp\/v2\/pages"}],"about":[{"href":"https:\/\/www.temaitaly.com\/fr\/wp-json\/wp\/v2\/types\/page"}],"author":[{"embeddable":true,"href":"https:\/\/www.temaitaly.com\/fr\/wp-json\/wp\/v2\/users\/1"}],"replies":[{"embeddable":true,"href":"https:\/\/www.temaitaly.com\/fr\/wp-json\/wp\/v2\/comments?post=43978"}],"version-history":[{"count":7,"href":"https:\/\/www.temaitaly.com\/fr\/wp-json\/wp\/v2\/pages\/43978\/revisions"}],"predecessor-version":[{"id":426706,"href":"https:\/\/www.temaitaly.com\/fr\/wp-json\/wp\/v2\/pages\/43978\/revisions\/426706"}],"wp:attachment":[{"href":"https:\/\/www.temaitaly.com\/fr\/wp-json\/wp\/v2\/media?parent=43978"}],"curies":[{"name":"wp","href":"https:\/\/api.w.org\/{rel}","templated":true}]}}