{"id":43986,"date":"2023-08-29T13:31:57","date_gmt":"2023-08-29T13:31:57","guid":{"rendered":"https:\/\/www.temaitaly.com\/produits\/"},"modified":"2024-08-28T15:53:03","modified_gmt":"2024-08-28T15:53:03","slug":"produits","status":"publish","type":"page","link":"https:\/\/www.temaitaly.com\/fr\/produits\/","title":{"rendered":"Produits"},"content":{"rendered":"<p>[vc_row css=\u00a0\u00bb.vc_custom_1653979925887{margin-bottom: 40px !important;padding-top: 20px !important;}\u00a0\u00bb][vc_column][vc_custom_heading text=\u00a0\u00bbNOS PRODUITS\u00a0\u00bb font_container=\u00a0\u00bbtag:h2|font_size:30|text_align:center|color:%232c3e50&Prime; google_fonts=\u00a0\u00bbfont_family:Roboto%3A100%2C100italic%2C300%2C300italic%2Cregular%2Citalic%2C500%2C500italic%2C700%2C700italic%2C900%2C900italic|font_style:900%20bold%20regular%3A900%3Anormal\u00a0\u00bb css=\u00a0\u00bb.vc_custom_1658304888301{margin-top: 20px !important;margin-bottom: 19px !important;}\u00a0\u00bb el_class=\u00a0\u00bbletterspacing-2-5&Prime;][vc_custom_heading text=\u00a0\u00bbTE.M.A fabrique toute la gamme de produits n\u00e9cessaires \u00e0 la construction et \u00e0 la pose de lignes \u00e9lectriques \u00e0 haute\/moyenne\/basse tension. Tous les produits sont certifi\u00e9s et r\u00e9pondent aux tests techniques et de qualit\u00e9 les plus stricts.\u00a0\u00bb font_container=\u00a0\u00bbtag:h5|font_size:20|text_align:center|color:%232c3e50|line_height:30px\u00a0\u00bb google_fonts=\u00a0\u00bbfont_family:Roboto%3A100%2C100italic%2C300%2C300italic%2Cregular%2Citalic%2C500%2C500italic%2C700%2C700italic%2C900%2C900italic|font_style:400%20regular%3A400%3Anormal\u00a0\u00bb css=\u00a0\u00bb.vc_custom_1658932528851{margin-top: 20px !important;margin-bottom: 19px !important;}\u00a0\u00bb][\/vc_column][\/vc_row][vc_row css=\u00a0\u00bb.vc_custom_1653979936322{margin-bottom: 0px !important;padding-top: 30px !important;padding-bottom: 40px !important;}\u00a0\u00bb][vc_column width=\u00a0\u00bb1\/2&Prime; css=\u00a0\u00bb.vc_custom_1416983819038{padding-bottom: 30px;}\u00a0\u00bb][vc_custom_heading text=\u00a0\u00bbTREUILS ET FREINEUSES\u00a0\u00bb font_container=\u00a0\u00bbtag:h3|text_align:center\u00a0\u00bb google_fonts=\u00a0\u00bbfont_family:Roboto%3A100%2C100italic%2C300%2C300italic%2Cregular%2Citalic%2C500%2C500italic%2C700%2C700italic%2C900%2C900italic|font_style:700%20bold%20regular%3A700%3Anormal\u00a0\u00bb css=\u00a0\u00bb.vc_custom_1693921383032{margin-bottom: 0px !important;}\u00a0\u00bb][vc_single_image image=\u00a0\u00bb37398&Prime; img_size=\u00a0\u00bbfull\u00a0\u00bb alignment=\u00a0\u00bbcenter\u00a0\u00bb onclick=\u00a0\u00bbcustom_link\u00a0\u00bb css=\u00a0\u00bb.vc_custom_1693485754732{margin-bottom: 0px !important;padding-top: 15px !important;padding-bottom: 0px !important;}\u00a0\u00bb link=\u00a0\u00bbhttps:\/\/www.temaitaly.com\/fr\/categoria-prodotto\/treuils-et-freineuses\/\u00a0\u00bb]<style type=\"text\/css\" >#b_teogk7hwcmvxtsl7d3dk a{color:#ffffff; background:#ed1c24; border-style:solid; border-color:#ffffff; margin-top:0px; margin-bottom:0px;  margin-left:0px; margin-right:0px; font-weight:700; border-radius:0px;}#b_teogk7hwcmvxtsl7d3dk a:hover{color:#ffffff ; background:#333333 ; border-color:#333333;}<\/style><div class=\"ta_center tf_btn_pos\" id=\"b_teogk7hwcmvxtsl7d3dk\" ><a class=\"rd_stroke_bt small_rd_bt border_2px  bt_icon_right   \" href=\"https:\/\/www.temaitaly.com\/fr\/categoria-prodotto\/treuils-et-freineuses\/\" target=\"\"   ><span>Aller au catalogue<\/span><i class=\"ion-ios7-arrow-thin-right\" ><\/i><\/a><\/div><style type=\"text\/css\" >#b_teogk7hwcmvxtsl7d3dk i {color:#ffffff;}#b_teogk7hwcmvxtsl7d3dk a:hover i{color:#ffffff;}<\/style><style type='text\/css'> @font-face{font-family: 'ion'; src:url('https:\/\/www.temaitaly.com\/wp-content\/themes\/thefox\/includes\/4k-icons\/icons\/4k-icons-pack03\/icons\/fonts\/ion.eot'); src:url('https:\/\/www.temaitaly.com\/wp-content\/themes\/thefox\/includes\/4k-icons\/icons\/4k-icons-pack03\/icons\/fonts\/ion.eot?#iefix') format('embedded-opentype'), url('https:\/\/www.temaitaly.com\/wp-content\/themes\/thefox\/includes\/4k-icons\/icons\/4k-icons-pack03\/icons\/fonts\/ion.woff') format('woff'), url('https:\/\/www.temaitaly.com\/wp-content\/themes\/thefox\/includes\/4k-icons\/icons\/4k-icons-pack03\/icons\/fonts\/ion.ttf') format('truetype'), url('https:\/\/www.temaitaly.com\/wp-content\/themes\/thefox\/includes\/4k-icons\/icons\/4k-icons-pack03\/icons\/fonts\/ion.svg#oi') format('svg'); font-weight: normal; font-style: normal;}#b_teogk7hwcmvxtsl7d3dk .ion-ios7-arrow-thin-right:before{font-family: 'ion'; font-weight: normal; font-style: normal;}#b_teogk7hwcmvxtsl7d3dk .ion-ios7-arrow-thin-right:before{content: \"\\e8bb\";}<\/style>\n[\/vc_column][vc_column width=\u00a0\u00bb1\/2&Prime; css=\u00a0\u00bb.vc_custom_1416983825530{padding-bottom: 30px;}\u00a0\u00bb][vc_custom_heading text=\u00a0\u00bb\u00c9QUIPEMENT DE D\u00c9ROULAGE\u00a0\u00bb font_container=\u00a0\u00bbtag:h3|text_align:center\u00a0\u00bb google_fonts=\u00a0\u00bbfont_family:Roboto%3A100%2C100italic%2C300%2C300italic%2Cregular%2Citalic%2C500%2C500italic%2C700%2C700italic%2C900%2C900italic|font_style:700%20bold%20regular%3A700%3Anormal\u00a0\u00bb css=\u00a0\u00bb.vc_custom_1693921526406{margin-bottom: 0px !important;}\u00a0\u00bb][vc_single_image image=\u00a0\u00bb37401&Prime; img_size=\u00a0\u00bbfull\u00a0\u00bb alignment=\u00a0\u00bbcenter\u00a0\u00bb onclick=\u00a0\u00bbcustom_link\u00a0\u00bb css=\u00a0\u00bb.vc_custom_1693485803907{margin-bottom: 0px !important;padding-top: 15px !important;padding-bottom: 0px !important;}\u00a0\u00bb link=\u00a0\u00bbhttps:\/\/www.temaitaly.com\/fr\/categoria-prodotto\/equipements-et-accessoires-pour-le-deroulage\/\u00a0\u00bb]<style type=\"text\/css\" >#b_zoyneazfcv1e2b48c97f a{color:#ffffff; background:#41ad49; border-style:solid; border-color:#ffffff; margin-top:0px; margin-bottom:0px;  margin-left:0px; margin-right:0px; font-weight:700; border-radius:0px;}#b_zoyneazfcv1e2b48c97f a:hover{color:#ffffff ; background:#333333 ; border-color:#333333;}<\/style><div class=\"ta_center tf_btn_pos\" id=\"b_zoyneazfcv1e2b48c97f\" ><a class=\"rd_stroke_bt small_rd_bt border_2px  bt_icon_right   \" href=\"https:\/\/www.temaitaly.com\/fr\/categoria-prodotto\/equipements-et-accessoires-pour-le-deroulage\/\" target=\"\"   ><span>Aller au catalogue<\/span><i class=\"ion-ios7-arrow-thin-right\" ><\/i><\/a><\/div><style type=\"text\/css\" >#b_zoyneazfcv1e2b48c97f i {color:#ffffff;}#b_zoyneazfcv1e2b48c97f a:hover i{color:#ffffff;}<\/style><style type='text\/css'> @font-face{font-family: 'ion'; src:url('https:\/\/www.temaitaly.com\/wp-content\/themes\/thefox\/includes\/4k-icons\/icons\/4k-icons-pack03\/icons\/fonts\/ion.eot'); src:url('https:\/\/www.temaitaly.com\/wp-content\/themes\/thefox\/includes\/4k-icons\/icons\/4k-icons-pack03\/icons\/fonts\/ion.eot?#iefix') format('embedded-opentype'), url('https:\/\/www.temaitaly.com\/wp-content\/themes\/thefox\/includes\/4k-icons\/icons\/4k-icons-pack03\/icons\/fonts\/ion.woff') format('woff'), url('https:\/\/www.temaitaly.com\/wp-content\/themes\/thefox\/includes\/4k-icons\/icons\/4k-icons-pack03\/icons\/fonts\/ion.ttf') format('truetype'), url('https:\/\/www.temaitaly.com\/wp-content\/themes\/thefox\/includes\/4k-icons\/icons\/4k-icons-pack03\/icons\/fonts\/ion.svg#oi') format('svg'); font-weight: normal; font-style: normal;}#b_zoyneazfcv1e2b48c97f .ion-ios7-arrow-thin-right:before{font-family: 'ion'; font-weight: normal; font-style: normal;}#b_zoyneazfcv1e2b48c97f .ion-ios7-arrow-thin-right:before{content: \"\\e8bb\";}<\/style>\n[\/vc_column][\/vc_row][vc_row css=\u00a0\u00bb.vc_custom_1653979964494{margin-bottom: 0px !important;padding-top: 0px !important;padding-bottom: 71px !important;}\u00a0\u00bb][vc_column width=\u00a0\u00bb1\/2&Prime; css=\u00a0\u00bb.vc_custom_1416983819038{padding-bottom: 30px;}\u00a0\u00bb][vc_custom_heading text=\u00a0\u00bb\u00c9QUIPEMENT EN ALUMINIUM\u00a0\u00bb font_container=\u00a0\u00bbtag:h3|text_align:center\u00a0\u00bb google_fonts=\u00a0\u00bbfont_family:Roboto%3A100%2C100italic%2C300%2C300italic%2Cregular%2Citalic%2C500%2C500italic%2C700%2C700italic%2C900%2C900italic|font_style:700%20bold%20regular%3A700%3Anormal\u00a0\u00bb css=\u00a0\u00bb.vc_custom_1659596737862{margin-bottom: 0px !important;}\u00a0\u00bb][vc_single_image image=\u00a0\u00bb37399&Prime; img_size=\u00a0\u00bbfull\u00a0\u00bb alignment=\u00a0\u00bbcenter\u00a0\u00bb onclick=\u00a0\u00bbcustom_link\u00a0\u00bb css=\u00a0\u00bb.vc_custom_1693485831732{margin-bottom: 0px !important;padding-top: 15px !important;padding-bottom: 0px !important;}\u00a0\u00bb link=\u00a0\u00bbhttps:\/\/www.temaitaly.com\/fr\/categoria-prodotto\/equipements-en-alliage-daluminium\/\u00a0\u00bb]<style type=\"text\/css\" >#b_gia7c23hs1w0wa9hknvl a{color:#ffffff; background:#00aeef; border-style:solid; border-color:#ffffff; margin-top:0px; margin-bottom:0px;  margin-left:0px; margin-right:0px; font-weight:700; border-radius:0px;}#b_gia7c23hs1w0wa9hknvl a:hover{color:#ffffff ; background:#333333 ; border-color:#333333;}<\/style><div class=\"ta_center tf_btn_pos\" id=\"b_gia7c23hs1w0wa9hknvl\" ><a class=\"rd_stroke_bt small_rd_bt border_2px  bt_icon_right   \" href=\"https:\/\/www.temaitaly.com\/fr\/categoria-prodotto\/equipements-en-alliage-daluminium\/\" target=\"\"   ><span>Aller au catalogue<\/span><i class=\"ion-ios7-arrow-thin-right\" ><\/i><\/a><\/div><style type=\"text\/css\" >#b_gia7c23hs1w0wa9hknvl i {color:#ffffff;}#b_gia7c23hs1w0wa9hknvl a:hover i{color:#ffffff;}<\/style><style type='text\/css'> @font-face{font-family: 'ion'; src:url('https:\/\/www.temaitaly.com\/wp-content\/themes\/thefox\/includes\/4k-icons\/icons\/4k-icons-pack03\/icons\/fonts\/ion.eot'); src:url('https:\/\/www.temaitaly.com\/wp-content\/themes\/thefox\/includes\/4k-icons\/icons\/4k-icons-pack03\/icons\/fonts\/ion.eot?#iefix') format('embedded-opentype'), url('https:\/\/www.temaitaly.com\/wp-content\/themes\/thefox\/includes\/4k-icons\/icons\/4k-icons-pack03\/icons\/fonts\/ion.woff') format('woff'), url('https:\/\/www.temaitaly.com\/wp-content\/themes\/thefox\/includes\/4k-icons\/icons\/4k-icons-pack03\/icons\/fonts\/ion.ttf') format('truetype'), url('https:\/\/www.temaitaly.com\/wp-content\/themes\/thefox\/includes\/4k-icons\/icons\/4k-icons-pack03\/icons\/fonts\/ion.svg#oi') format('svg'); font-weight: normal; font-style: normal;}#b_gia7c23hs1w0wa9hknvl .ion-ios7-arrow-thin-right:before{font-family: 'ion'; font-weight: normal; font-style: normal;}#b_gia7c23hs1w0wa9hknvl .ion-ios7-arrow-thin-right:before{content: \"\\e8bb\";}<\/style>\n[\/vc_column][vc_column width=\u00a0\u00bb1\/2&Prime; css=\u00a0\u00bb.vc_custom_1416983825530{padding-bottom: 30px;}\u00a0\u00bb][vc_custom_heading text=\u00a0\u00bbMAT\u00c9RIEL DE POSE DE C\u00c2BLES\u00a0\u00bb font_container=\u00a0\u00bbtag:h3|text_align:center\u00a0\u00bb google_fonts=\u00a0\u00bbfont_family:Roboto%3A100%2C100italic%2C300%2C300italic%2Cregular%2Citalic%2C500%2C500italic%2C700%2C700italic%2C900%2C900italic|font_style:700%20bold%20regular%3A700%3Anormal\u00a0\u00bb css=\u00a0\u00bb.vc_custom_1659596753083{margin-bottom: 0px !important;}\u00a0\u00bb][vc_single_image image=\u00a0\u00bb37400&Prime; img_size=\u00a0\u00bbfull\u00a0\u00bb alignment=\u00a0\u00bbcenter\u00a0\u00bb onclick=\u00a0\u00bbcustom_link\u00a0\u00bb css=\u00a0\u00bb.vc_custom_1693485863831{margin-bottom: 0px !important;padding-top: 15px !important;padding-bottom: 0px !important;}\u00a0\u00bb link=\u00a0\u00bbhttps:\/\/www.temaitaly.com\/fr\/categoria-prodotto\/equipements-pour-la-pose-de-cables-souterrains\/\u00a0\u00bb]<style type=\"text\/css\" >#b_z3xatuckh8x8fg9jogsi a{color:#ffffff; background:#f36f21; border-style:solid; border-color:#ffffff; margin-top:0px; margin-bottom:0px;  margin-left:0px; margin-right:0px; font-weight:700; border-radius:0px;}#b_z3xatuckh8x8fg9jogsi a:hover{color:#ffffff ; background:#333333 ; border-color:#333333;}<\/style><div class=\"ta_center tf_btn_pos\" id=\"b_z3xatuckh8x8fg9jogsi\" ><a class=\"rd_stroke_bt small_rd_bt border_2px  bt_icon_right   \" href=\"https:\/\/www.temaitaly.com\/fr\/categoria-prodotto\/equipements-pour-la-pose-de-cables-souterrains\/\" target=\"\"   ><span>Aller au catalogue<\/span><i class=\"ion-ios7-arrow-thin-right\" ><\/i><\/a><\/div><style type=\"text\/css\" >#b_z3xatuckh8x8fg9jogsi i {color:#ffffff;}#b_z3xatuckh8x8fg9jogsi a:hover i{color:#ffffff;}<\/style><style type='text\/css'> @font-face{font-family: 'ion'; src:url('https:\/\/www.temaitaly.com\/wp-content\/themes\/thefox\/includes\/4k-icons\/icons\/4k-icons-pack03\/icons\/fonts\/ion.eot'); src:url('https:\/\/www.temaitaly.com\/wp-content\/themes\/thefox\/includes\/4k-icons\/icons\/4k-icons-pack03\/icons\/fonts\/ion.eot?#iefix') format('embedded-opentype'), url('https:\/\/www.temaitaly.com\/wp-content\/themes\/thefox\/includes\/4k-icons\/icons\/4k-icons-pack03\/icons\/fonts\/ion.woff') format('woff'), url('https:\/\/www.temaitaly.com\/wp-content\/themes\/thefox\/includes\/4k-icons\/icons\/4k-icons-pack03\/icons\/fonts\/ion.ttf') format('truetype'), url('https:\/\/www.temaitaly.com\/wp-content\/themes\/thefox\/includes\/4k-icons\/icons\/4k-icons-pack03\/icons\/fonts\/ion.svg#oi') format('svg'); font-weight: normal; font-style: normal;}#b_z3xatuckh8x8fg9jogsi .ion-ios7-arrow-thin-right:before{font-family: 'ion'; font-weight: normal; font-style: normal;}#b_z3xatuckh8x8fg9jogsi .ion-ios7-arrow-thin-right:before{content: \"\\e8bb\";}<\/style>\n[\/vc_column][\/vc_row][vc_row type=\u00a0\u00bbfull-width-section\u00a0\u00bb css=\u00a0\u00bb.vc_custom_1668416274255{margin-bottom: 0px !important;padding-top: 92px !important;padding-bottom: 93px !important;background-image: url(https:\/\/www.temaitaly.com\/wp-content\/uploads\/2022\/11\/banner-catalogo-2022-02.jpg?id=15815) !important;}\u00a0\u00bb font_color=\u00a0\u00bb#ffffff\u00a0\u00bb parallax_background=\u00a0\u00bb1&Prime;][vc_column][vc_custom_heading text=\u00a0\u00bbD\u00e9couvrez notre gamme de produits\u00a0\u00bb font_container=\u00a0\u00bbtag:h2|font_size:44|text_align:center|color:%23ffffff|line_height:36px\u00a0\u00bb google_fonts=\u00a0\u00bbfont_family:Roboto%3A100%2C100italic%2C300%2C300italic%2Cregular%2Citalic%2C500%2C500italic%2C700%2C700italic%2C900%2C900italic|font_style:700%20bold%20regular%3A700%3Anormal\u00a0\u00bb css=\u00a0\u00bb.vc_custom_1653905571400{margin-bottom: 15px !important;}\u00a0\u00bb]<style type=\"text\/css\" >#l_dyojzxny7o1ekicdymtu.sc_line ,#l_dyojzxny7o1ekicdymtu .sc_line { height:1px; background:;}#l_dyojzxny7o1ekicdymtu {margin:30px 0 0px 0; padding:0;}<\/style><div class=\"clearfix\"><\/div><div id=\"l_dyojzxny7o1ekicdymtu\"  class=\"sc_line rd_line_normal\" ><\/div>[vc_row_inner css=\u00a0\u00bb.vc_custom_1653905636081{margin-bottom: 0px !important;}\u00a0\u00bb][vc_column_inner width=\u00a0\u00bb1\/4&Prime;][\/vc_column_inner][vc_column_inner width=\u00a0\u00bb1\/4&Prime;]<style type=\"text\/css\" >#b_x2b6ykl6f6p2cmbukux4 a{color:#2c3e50; background:#ffffff; border-style:solid; border-color:#2c3e50; margin-top:0px; margin-bottom:0px;  margin-left:0px; margin-right:0px; font-weight:700; border-radius:4px;}#b_x2b6ykl6f6p2cmbukux4 a:hover{color:#ffffff ; background:#2c3e50 ; border-color:#2c3e50;}<\/style><div class=\"ta_center tf_btn_pos\" id=\"b_x2b6ykl6f6p2cmbukux4\" ><a class=\"rd_stroke_bt small_rd_bt border_2px  bt_icon_right   \" href=\"https:\/\/www.temaitaly.com\/fr\/catalogue-general\/\" target=\"\"   ><span>ALLER AU CATALOGUE<\/span><i class=\"ion-ios7-arrow-thin-right\" ><\/i><\/a><\/div><style type=\"text\/css\" >#b_x2b6ykl6f6p2cmbukux4 i {color:#2c3e50;}#b_x2b6ykl6f6p2cmbukux4 a:hover i{color:#ffffff;}<\/style><style type='text\/css'> @font-face{font-family: 'ion'; src:url('https:\/\/www.temaitaly.com\/wp-content\/themes\/thefox\/includes\/4k-icons\/icons\/4k-icons-pack03\/icons\/fonts\/ion.eot'); src:url('https:\/\/www.temaitaly.com\/wp-content\/themes\/thefox\/includes\/4k-icons\/icons\/4k-icons-pack03\/icons\/fonts\/ion.eot?#iefix') format('embedded-opentype'), url('https:\/\/www.temaitaly.com\/wp-content\/themes\/thefox\/includes\/4k-icons\/icons\/4k-icons-pack03\/icons\/fonts\/ion.woff') format('woff'), url('https:\/\/www.temaitaly.com\/wp-content\/themes\/thefox\/includes\/4k-icons\/icons\/4k-icons-pack03\/icons\/fonts\/ion.ttf') format('truetype'), url('https:\/\/www.temaitaly.com\/wp-content\/themes\/thefox\/includes\/4k-icons\/icons\/4k-icons-pack03\/icons\/fonts\/ion.svg#oi') format('svg'); font-weight: normal; font-style: normal;}#b_x2b6ykl6f6p2cmbukux4 .ion-ios7-arrow-thin-right:before{font-family: 'ion'; font-weight: normal; font-style: normal;}#b_x2b6ykl6f6p2cmbukux4 .ion-ios7-arrow-thin-right:before{content: \"\\e8bb\";}<\/style>\n[\/vc_column_inner][vc_column_inner width=\u00a0\u00bb1\/4&Prime;]<style type=\"text\/css\" >#b_qijf31ddvmomm3xi356o a{color:#2c3e50; background:#ffffff; border-style:solid; border-color:#2c3e50; margin-top:0px; margin-bottom:0px;  margin-left:0px; margin-right:0px; font-weight:700; border-radius:4px;}#b_qijf31ddvmomm3xi356o a:hover{color:#ffffff ; background:#2c3e50 ; border-color:#2c3e50;}<\/style><div class=\"ta_center tf_btn_pos\" id=\"b_qijf31ddvmomm3xi356o\" ><a class=\"rd_stroke_bt small_rd_bt border_2px  bt_icon_right   \" href=\"https:\/\/www.temaitaly.com\/fr\/telecharger-le-catalogue\/\" target=\"\"   ><span>T\u00c9L\u00c9CHARGER LE CATALOGUE PDF<\/span><i class=\"ion-ios7-arrow-thin-right\" ><\/i><\/a><\/div><style type=\"text\/css\" >#b_qijf31ddvmomm3xi356o i {color:#2c3e50;}#b_qijf31ddvmomm3xi356o a:hover i{color:#ffffff;}<\/style><style type='text\/css'> @font-face{font-family: 'ion'; src:url('https:\/\/www.temaitaly.com\/wp-content\/themes\/thefox\/includes\/4k-icons\/icons\/4k-icons-pack03\/icons\/fonts\/ion.eot'); src:url('https:\/\/www.temaitaly.com\/wp-content\/themes\/thefox\/includes\/4k-icons\/icons\/4k-icons-pack03\/icons\/fonts\/ion.eot?#iefix') format('embedded-opentype'), url('https:\/\/www.temaitaly.com\/wp-content\/themes\/thefox\/includes\/4k-icons\/icons\/4k-icons-pack03\/icons\/fonts\/ion.woff') format('woff'), url('https:\/\/www.temaitaly.com\/wp-content\/themes\/thefox\/includes\/4k-icons\/icons\/4k-icons-pack03\/icons\/fonts\/ion.ttf') format('truetype'), url('https:\/\/www.temaitaly.com\/wp-content\/themes\/thefox\/includes\/4k-icons\/icons\/4k-icons-pack03\/icons\/fonts\/ion.svg#oi') format('svg'); font-weight: normal; font-style: normal;}#b_qijf31ddvmomm3xi356o .ion-ios7-arrow-thin-right:before{font-family: 'ion'; font-weight: normal; font-style: normal;}#b_qijf31ddvmomm3xi356o .ion-ios7-arrow-thin-right:before{content: \"\\e8bb\";}<\/style>\n[\/vc_column_inner][vc_column_inner width=\u00a0\u00bb1\/4&Prime;][\/vc_column_inner][\/vc_row_inner][\/vc_column][\/vc_row]<\/p>\n","protected":false},"excerpt":{"rendered":"<p>[vc_row css=\u00a0\u00bb.vc_custom_1653979925887{margin-bottom: 40px !important;padding-top: 20px !important;}\u00a0\u00bb][vc_column][vc_custom_heading text=\u00a0\u00bbNOS PRODUITS\u00a0\u00bb font_container=\u00a0\u00bbtag:h2|font_size:30|text_align:center|color:%232c3e50&Prime; google_fonts=\u00a0\u00bbfont_family:Roboto%3A100%2C100italic%2C300%2C300italic%2Cregular%2Citalic%2C500%2C500italic%2C700%2C700italic%2C900%2C900italic|font_style:900%20bold%20regular%3A900%3Anormal\u00a0\u00bb css=\u00a0\u00bb.vc_custom_1658304888301{margin-top: 20px !important;margin-bottom: 19px !important;}\u00a0\u00bb el_class=\u00a0\u00bbletterspacing-2-5&Prime;][vc_custom_heading text=\u00a0\u00bbTE.M.A fabrique toute la gamme de produits n\u00e9cessaires \u00e0 la construction et \u00e0 la pose de lignes \u00e9lectriques \u00e0 haute\/moyenne\/basse tension. Tous les produits sont certifi\u00e9s et r\u00e9pondent aux tests techniques et de qualit\u00e9 les plus stricts.\u00a0\u00bb font_container=\u00a0\u00bbtag:h5|font_size:20|text_align:center|color:%232c3e50|line_height:30px\u00a0\u00bb google_fonts=\u00a0\u00bbfont_family:Roboto%3A100%2C100italic%2C300%2C300italic%2Cregular%2Citalic%2C500%2C500italic%2C700%2C700italic%2C900%2C900italic|font_style:400%20regular%3A400%3Anormal\u00a0\u00bb<br \/><a href=\"https:\/\/www.temaitaly.com\/fr\/produits\/\" class=\"more\">Read more<\/a><\/p>\n","protected":false},"author":1,"featured_media":0,"parent":0,"menu_order":0,"comment_status":"closed","ping_status":"closed","template":"","meta":[],"aioseo_notices":[],"_links":{"self":[{"href":"https:\/\/www.temaitaly.com\/fr\/wp-json\/wp\/v2\/pages\/43986"}],"collection":[{"href":"https:\/\/www.temaitaly.com\/fr\/wp-json\/wp\/v2\/pages"}],"about":[{"href":"https:\/\/www.temaitaly.com\/fr\/wp-json\/wp\/v2\/types\/page"}],"author":[{"embeddable":true,"href":"https:\/\/www.temaitaly.com\/fr\/wp-json\/wp\/v2\/users\/1"}],"replies":[{"embeddable":true,"href":"https:\/\/www.temaitaly.com\/fr\/wp-json\/wp\/v2\/comments?post=43986"}],"version-history":[{"count":11,"href":"https:\/\/www.temaitaly.com\/fr\/wp-json\/wp\/v2\/pages\/43986\/revisions"}],"predecessor-version":[{"id":338845,"href":"https:\/\/www.temaitaly.com\/fr\/wp-json\/wp\/v2\/pages\/43986\/revisions\/338845"}],"wp:attachment":[{"href":"https:\/\/www.temaitaly.com\/fr\/wp-json\/wp\/v2\/media?parent=43986"}],"curies":[{"name":"wp","href":"https:\/\/api.w.org\/{rel}","templated":true}]}}