{"id":43990,"date":"2023-08-29T13:32:16","date_gmt":"2023-08-29T13:32:16","guid":{"rendered":"https:\/\/www.temaitaly.com\/telecharger-le-catalogue\/"},"modified":"2023-08-30T08:19:39","modified_gmt":"2023-08-30T08:19:39","slug":"telecharger-le-catalogue","status":"publish","type":"page","link":"https:\/\/www.temaitaly.com\/fr\/telecharger-le-catalogue\/","title":{"rendered":"T\u00e9l\u00e9charger le catalogue"},"content":{"rendered":"<p>[vc_row css=\u00a0\u00bb.vc_custom_1653904808048{margin-bottom: 0px !important;padding-top: 20px !important;}\u00a0\u00bb][vc_column][vc_custom_heading text=\u00a0\u00bbDEMANDER NOTRE CATALOGUE\u00a0\u00bb font_container=\u00a0\u00bbtag:h2|font_size:30|text_align:center|color:%232c3e50&Prime; google_fonts=\u00a0\u00bbfont_family:Roboto%3A100%2C100italic%2C300%2C300italic%2Cregular%2Citalic%2C500%2C500italic%2C700%2C700italic%2C900%2C900italic|font_style:900%20bold%20regular%3A900%3Anormal\u00a0\u00bb css=\u00a0\u00bb.vc_custom_1653983274606{margin-top: 20px !important;margin-bottom: 19px !important;}\u00a0\u00bb el_class=\u00a0\u00bbletterspacing-2-5&Prime;][vc_custom_heading text=\u00a0\u00bbRemplissez le formulaire suivant et vous recevrez un e-mail pour t\u00e9l\u00e9charger le catalogue g\u00e9n\u00e9ral au format PDF.\u00a0\u00bb font_container=\u00a0\u00bbtag:h5|font_size:20|text_align:center|color:%232c3e50|line_height:30PX\u00a0\u00bb google_fonts=\u00a0\u00bbfont_family:Roboto%3A100%2C100italic%2C300%2C300italic%2Cregular%2Citalic%2C500%2C500italic%2C700%2C700italic%2C900%2C900italic|font_style:400%20regular%3A400%3Anormal\u00a0\u00bb css=\u00a0\u00bb.vc_custom_1658930759676{margin-top: 20px !important;margin-bottom: 19px !important;}\u00a0\u00bb][\/vc_column][\/vc_row][vc_row css=\u00a0\u00bb.vc_custom_1422955894896{margin-bottom: 0px !important;padding-top: 93px !important;padding-bottom: 55px !important;}\u00a0\u00bb parallax_background=\u00a0\u00bb\u00a0\u00bb][vc_column css=\u00a0\u00bb.vc_custom_1422955914236{margin-bottom: 50px !important;}\u00a0\u00bb]<style type=\"text\/css\" >#rd_asml5w60xdfv1bz93pij .wpcf7,#rd_asml5w60xdfv1bz93pij input:not([type=submit]):not([type=checkbox]),#rd_asml5w60xdfv1bz93pij textarea,#rd_asml5w60xdfv1bz93pij .wpcf7 select,#rd_asml5w60xdfv1bz93pij .wpcf7 input[type=\"checkbox\"]:checked{color:#2c3e50;}#rd_asml5w60xdfv1bz93pij .wpcf7 input[type=\"checkbox\"]{background:rgba(0,0,0,0); color:rgba(0,0,0,0);}#rd_asml5w60xdfv1bz93pij .wpcf7 {font-weight:bold;}#rd_asml5w60xdfv1bz93pij .wpcf7 input[type=submit]{font-size:15px; font-weight:900; border-radius:2px; padding:11px 15px; letter-spacing: 0.5px; margin-top:3px;}#rd_asml5w60xdfv1bz93pij .wpcf7 input[type=submit]:hover {background:#000000; color:#ffffff !important;}#rd_asml5w60xdfv1bz93pij .wpcf7 input:not([type=submit]):not([type=checkbox]),#rd_asml5w60xdfv1bz93pij textarea,#rd_asml5w60xdfv1bz93pij .wpcf7 select{border-radius:5px;}#rd_asml5w60xdfv1bz93pij .wpcf7 input:not([type=submit]),#rd_asml5w60xdfv1bz93pij textarea,#rd_asml5w60xdfv1bz93pij .wpcf7 input[type=submit],#rd_asml5w60xdfv1bz93pij .wpcf7 select{margin-top:3px;}#rd_asml5w60xdfv1bz93pij p{margin-bottom:23px;}#rd_asml5w60xdfv1bz93pij .wpcf7 input:not([type=submit]):not([type=checkbox]),#rd_asml5w60xdfv1bz93pij .wpcf7  textarea,#rd_asml5w60xdfv1bz93pij .wpcf7 select{border:1px solid #999999; background:#ffffff;}#rd_asml5w60xdfv1bz93pij .wpcf7 input[type=submit]{background:#e3000d; color:#ffffff !important;}<\/style><div id=\"rd_asml5w60xdfv1bz93pij\" class=\"\">\n<div class=\"wpcf7 no-js\" id=\"wpcf7-f40725-o1\" lang=\"fr-FR\" dir=\"ltr\">\n<div class=\"screen-reader-response\"><p role=\"status\" aria-live=\"polite\" aria-atomic=\"true\"><\/p> <ul><\/ul><\/div>\n<form action=\"\/fr\/wp-json\/wp\/v2\/pages\/43990#wpcf7-f40725-o1\" method=\"post\" class=\"wpcf7-form init\" aria-label=\"Formulaire de contact\" novalidate=\"novalidate\" data-status=\"init\">\n<div style=\"display: none;\">\n<input type=\"hidden\" name=\"_wpcf7\" value=\"40725\" \/>\n<input type=\"hidden\" name=\"_wpcf7_version\" value=\"5.7.7\" \/>\n<input type=\"hidden\" name=\"_wpcf7_locale\" value=\"fr_FR\" \/>\n<input type=\"hidden\" name=\"_wpcf7_unit_tag\" value=\"wpcf7-f40725-o1\" \/>\n<input type=\"hidden\" name=\"_wpcf7_container_post\" value=\"0\" \/>\n<input type=\"hidden\" name=\"_wpcf7_posted_data_hash\" value=\"\" \/>\n<input type=\"hidden\" name=\"_wpcf7_recaptcha_response\" value=\"\" \/>\n<\/div>\n<p><strong>NOM ET PR\u00c9NOM *<\/strong><br \/>\n<span class=\"wpcf7-form-control-wrap\" data-name=\"your-nome\"><input size=\"40\" class=\"wpcf7-form-control wpcf7-text wpcf7-validates-as-required\" aria-required=\"true\" aria-invalid=\"false\" placeholder=\"Nom et pr\u00e9nom\" value=\"\" type=\"text\" name=\"your-nome\" \/><\/span>\n<\/p>\n<p><strong>ENTREPRISE *<\/strong><br \/>\n<span class=\"wpcf7-form-control-wrap\" data-name=\"your-azienda\"><input size=\"40\" class=\"wpcf7-form-control wpcf7-text wpcf7-validates-as-required\" aria-required=\"true\" aria-invalid=\"false\" placeholder=\"Entreprise\" value=\"\" type=\"text\" name=\"your-azienda\" \/><\/span>\n<\/p>\n<p><strong>E-MAIL *<\/strong><br \/>\n<span class=\"wpcf7-form-control-wrap\" data-name=\"your-email\"><input size=\"40\" class=\"wpcf7-form-control wpcf7-text wpcf7-email wpcf7-validates-as-required wpcf7-validates-as-email\" aria-required=\"true\" aria-invalid=\"false\" placeholder=\"E-mail\" value=\"\" type=\"email\" name=\"your-email\" \/><\/span>\n<\/p>\n<p><strong>TELEPHONE<\/strong><br \/>\n<span class=\"wpcf7-form-control-wrap\" data-name=\"your-telefono\"><input size=\"40\" class=\"wpcf7-form-control wpcf7-text wpcf7-tel wpcf7-validates-as-tel\" aria-invalid=\"false\" placeholder=\"Telephone\" value=\"\" type=\"tel\" name=\"your-telefono\" \/><\/span>\n<\/p>\n<p><strong><span class=\"wpcf7-form-control-wrap\" data-name=\"acceptance-572\"><span class=\"wpcf7-form-control wpcf7-acceptance\"><span class=\"wpcf7-list-item\"><label><input type=\"checkbox\" name=\"acceptance-572\" value=\"1\" aria-invalid=\"false\" \/><span class=\"wpcf7-list-item-label\">Accepter les conditions de la <a href=\"https:\/\/www.iubenda.com\/privacy-policy\/91965660\" class=\"iubenda-white no-brand iubenda-noiframe iubenda-embed iubenda-noiframe \" title=\"Privacy Policy \">Privacy Policy<\/a> *<\/span><\/label><\/span><\/span><\/span><\/strong>\n<\/p>\n<p><script type=\"text\/javascript\">(function (w,d) {var loader = function () {var s = d.createElement(\"script\"), tag = d.getElementsByTagName(\"script\")[0]; s.src=\"https:\/\/cdn.iubenda.com\/iubenda.js\"; tag.parentNode.insertBefore(s,tag);}; if(w.addEventListener){w.addEventListener(\"load\", loader, false);}else if(w.attachEvent){w.attachEvent(\"onload\", loader);}else{w.onload = loader;}})(window, document);<\/script>\n<\/p>\n<p><small class=\"d-block fs-8 mt-2\">This site is protected by reCAPTCHA and Google. <a href=\"https:\/\/policies.google.com\/privacy\" class=\"text-decoration-underline\" target=\"_blank\" rel=\"noreferrer\">Privacy Policy<\/a>, <a href=\"https:\/\/policies.google.com\/terms\" class=\"text-decoration-underline\" target=\"_blank\" rel=\"noreferrer\">Terms of Service<\/a>.<\/small>\n<\/p>\n<p><span class=\"wpcf7-form-control-wrap kc_captcha cf7ic-toggle\" data-name=\"kc_captcha\"><span class=\"wpcf7-form-control wpcf7-radio\"><span class=\"captcha-image\" style=\"display: none;\"><span class=\"cf7ic_instructions\">Veuillez prouver que vous \u00eates humain en s\u00e9lectionnant<span> la cl\u00e9<\/span>.<\/span><label><input type=\"radio\" name=\"kc_captcha\" value=\"bot\" \/><svg width=\"50\" height=\"50\" aria-hidden=\"true\" role=\"img\" xmlns=\"http:\/\/www.w3.org\/2000\/svg\" viewBox=\"0 0 576 512\"><path fill=\"currentColor\" d=\"M488 313v143c0 13-11 24-24 24H348c-7 0-12-5-12-12V356c0-7-5-12-12-12h-72c-7 0-12 5-12 12v112c0 7-5 12-12 12H112c-13 0-24-11-24-24V313c0-4 2-7 4-10l188-154c5-4 11-4 16 0l188 154c2 3 4 6 4 10zm84-61l-84-69V44c0-6-5-12-12-12h-56c-7 0-12 6-12 12v73l-89-74a48 48 0 00-61 0L4 252c-5 4-5 12-1 17l25 31c5 5 12 5 17 1l235-193c5-4 11-4 16 0l235 193c5 5 13 4 17-1l25-31c4-6 4-13-1-17z\"\/><\/svg><\/label><label><input type=\"radio\" name=\"kc_captcha\" value=\"bot\" \/><svg width=\"50\" height=\"50\" aria-hidden=\"true\" role=\"img\" xmlns=\"http:\/\/www.w3.org\/2000\/svg\" viewBox=\"0 0 512 512\"><path fill=\"currentColor\" d=\"M500 168h-55l-8-21a127 127 0 00-120-83H195a127 127 0 00-120 83l-8 21H12c-8 0-14 8-11 16l8 24a12 12 0 0011 8h29a64 64 0 00-33 56v48c0 16 6 31 16 42v62c0 13 11 24 24 24h48c13 0 24-11 24-24v-40h256v40c0 13 11 24 24 24h48c13 0 24-11 24-24v-62c10-11 16-26 16-42v-48c0-24-13-45-33-56h29a12 12 0 0011-8l8-24c3-8-3-16-11-16zm-365 2c9-25 33-42 60-42h122c27 0 51 17 60 42l15 38H120l15-38zM88 328a32 32 0 010-64c18 0 48 30 48 48s-30 16-48 16zm336 0c-18 0-48 2-48-16s30-48 48-48 32 14 32 32-14 32-32 32z\"\/><\/svg><\/label><label><input type=\"radio\" name=\"kc_captcha\" value=\"kc_human\" \/><svg width=\"50\" height=\"50\" aria-hidden=\"true\" role=\"img\" xmlns=\"http:\/\/www.w3.org\/2000\/svg\" viewBox=\"0 0 512 512\"><path fill=\"currentColor\" d=\"M512 176a176 176 0 01-209 173l-24 27a24 24 0 01-18 8h-37v40c0 13-11 24-24 24h-40v40c0 13-11 24-24 24H24c-13 0-24-11-24-24v-78c0-6 3-13 7-17l162-162a176 176 0 11343-55zm-176-48a48 48 0 1096 0 48 48 0 00-96 0z\"\/><\/svg><\/label>\r\n    <\/span>\r\n    <span style=\"display:none\">\r\n        <input type=\"text\" name=\"kc_honeypot\">\r\n    <\/span><\/span><\/span>\n<\/p>\n<p><input class=\"wpcf7-form-control has-spinner wpcf7-submit\" type=\"submit\" value=\"ENVOYER\" \/>\n<\/p><div class=\"wpcf7-response-output\" aria-hidden=\"true\"><\/div>\n<\/form>\n<\/div>\n<\/div>[\/vc_column][\/vc_row]<\/p>\n","protected":false},"excerpt":{"rendered":"<p>[vc_row css=\u00a0\u00bb.vc_custom_1653904808048{margin-bottom: 0px !important;padding-top: 20px !important;}\u00a0\u00bb][vc_column][vc_custom_heading text=\u00a0\u00bbDEMANDER NOTRE CATALOGUE\u00a0\u00bb font_container=\u00a0\u00bbtag:h2|font_size:30|text_align:center|color:%232c3e50&Prime; google_fonts=\u00a0\u00bbfont_family:Roboto%3A100%2C100italic%2C300%2C300italic%2Cregular%2Citalic%2C500%2C500italic%2C700%2C700italic%2C900%2C900italic|font_style:900%20bold%20regular%3A900%3Anormal\u00a0\u00bb css=\u00a0\u00bb.vc_custom_1653983274606{margin-top: 20px !important;margin-bottom: 19px !important;}\u00a0\u00bb el_class=\u00a0\u00bbletterspacing-2-5&Prime;][vc_custom_heading text=\u00a0\u00bbRemplissez le formulaire suivant et vous recevrez un e-mail pour t\u00e9l\u00e9charger le catalogue g\u00e9n\u00e9ral au format PDF.\u00a0\u00bb font_container=\u00a0\u00bbtag:h5|font_size:20|text_align:center|color:%232c3e50|line_height:30PX\u00a0\u00bb google_fonts=\u00a0\u00bbfont_family:Roboto%3A100%2C100italic%2C300%2C300italic%2Cregular%2Citalic%2C500%2C500italic%2C700%2C700italic%2C900%2C900italic|font_style:400%20regular%3A400%3Anormal\u00a0\u00bb css=\u00a0\u00bb.vc_custom_1658930759676{margin-top: 20px !important;margin-bottom: 19px !important;}\u00a0\u00bb][\/vc_column][\/vc_row][vc_row css=\u00a0\u00bb.vc_custom_1422955894896{margin-bottom: 0px !important;padding-top: 93px !important;padding-bottom: 55px !important;}\u00a0\u00bb parallax_background=\u00a0\u00bb\u00a0\u00bb][vc_column css=\u00a0\u00bb.vc_custom_1422955914236{margin-bottom: 50px !important;}\u00a0\u00bb] NOM ET PR\u00c9NOM<br \/><a href=\"https:\/\/www.temaitaly.com\/fr\/telecharger-le-catalogue\/\" class=\"more\">Read more<\/a><\/p>\n","protected":false},"author":1,"featured_media":0,"parent":0,"menu_order":0,"comment_status":"closed","ping_status":"open","template":"","meta":[],"aioseo_notices":[],"_links":{"self":[{"href":"https:\/\/www.temaitaly.com\/fr\/wp-json\/wp\/v2\/pages\/43990"}],"collection":[{"href":"https:\/\/www.temaitaly.com\/fr\/wp-json\/wp\/v2\/pages"}],"about":[{"href":"https:\/\/www.temaitaly.com\/fr\/wp-json\/wp\/v2\/types\/page"}],"author":[{"embeddable":true,"href":"https:\/\/www.temaitaly.com\/fr\/wp-json\/wp\/v2\/users\/1"}],"replies":[{"embeddable":true,"href":"https:\/\/www.temaitaly.com\/fr\/wp-json\/wp\/v2\/comments?post=43990"}],"version-history":[{"count":3,"href":"https:\/\/www.temaitaly.com\/fr\/wp-json\/wp\/v2\/pages\/43990\/revisions"}],"predecessor-version":[{"id":44409,"href":"https:\/\/www.temaitaly.com\/fr\/wp-json\/wp\/v2\/pages\/43990\/revisions\/44409"}],"wp:attachment":[{"href":"https:\/\/www.temaitaly.com\/fr\/wp-json\/wp\/v2\/media?parent=43990"}],"curies":[{"name":"wp","href":"https:\/\/api.w.org\/{rel}","templated":true}]}}