{"id":43993,"date":"2023-08-29T13:32:32","date_gmt":"2023-08-29T13:32:32","guid":{"rendered":"https:\/\/www.temaitaly.com\/services\/"},"modified":"2024-08-01T14:38:40","modified_gmt":"2024-08-01T14:38:40","slug":"services","status":"publish","type":"page","link":"https:\/\/www.temaitaly.com\/fr\/services\/","title":{"rendered":"Services"},"content":{"rendered":"<p>[vc_row css=\u00a0\u00bb.vc_custom_1666166324005{margin-bottom: 0px !important;padding-top: 50px !important;}\u00a0\u00bb][vc_column][vc_custom_heading text=\u00a0\u00bbNOS SERVICES\u00a0\u00bb font_container=\u00a0\u00bbtag:h2|font_size:30|text_align:center|color:%232c3e50&Prime; google_fonts=\u00a0\u00bbfont_family:Roboto%3A100%2C100italic%2C300%2C300italic%2Cregular%2Citalic%2C500%2C500italic%2C700%2C700italic%2C900%2C900italic|font_style:900%20bold%20regular%3A900%3Anormal\u00a0\u00bb css=\u00a0\u00bb.vc_custom_1658304960487{margin-top: 20px !important;margin-bottom: 19px !important;}\u00a0\u00bb el_class=\u00a0\u00bbletterspacing-2-5&Prime;][\/vc_column][\/vc_row][vc_row css=\u00a0\u00bb.vc_custom_1666166343043{margin-top: 30px !important;}\u00a0\u00bb][vc_column width=\u00a0\u00bb1\/2&Prime;][vc_row_inner][vc_column_inner width=\u00a0\u00bb1\/4&Prime;][vc_single_image image=\u00a0\u00bb35662&Prime; img_size=\u00a0\u00bbfull\u00a0\u00bb][\/vc_column_inner][vc_column_inner width=\u00a0\u00bb3\/4&Prime;][vc_custom_heading text=\u00a0\u00bbSERVICE AVANT-VENTE ET CONSULTATION\u00a0\u00bb font_container=\u00a0\u00bbtag:h6|font_size:16|text_align:left|color:%232c3e50&Prime; google_fonts=\u00a0\u00bbfont_family:Roboto%3A100%2C100italic%2C300%2C300italic%2Cregular%2Citalic%2C500%2C500italic%2C700%2C700italic%2C900%2C900italic|font_style:900%20bold%20regular%3A900%3Anormal\u00a0\u00bb css=\u00a0\u00bb.vc_custom_1658302003206{margin-top: 0px !important;margin-bottom: 20px !important;}\u00a0\u00bb el_class=\u00a0\u00bbletterspacing-2-5&Prime;][vc_column_text]L&rsquo;\u00e9quipe d&rsquo;ing\u00e9nieurs et des agents commerciaux met \u00e0 votre disposition son exp\u00e9rience et son expertise pour vous aider \u00e0 identifier les solutions techniques les mieux adapt\u00e9es \u00e0 vos besoins.[\/vc_column_text][\/vc_column_inner][\/vc_row_inner][\/vc_column][vc_column width=\u00a0\u00bb1\/2&Prime;][vc_row_inner][vc_column_inner width=\u00a0\u00bb1\/4&Prime;][vc_single_image image=\u00a0\u00bb35661&Prime; img_size=\u00a0\u00bbfull\u00a0\u00bb][\/vc_column_inner][vc_column_inner width=\u00a0\u00bb3\/4&Prime;][vc_custom_heading text=\u00a0\u00bbFORMATION ET MISE EN SERVICE\u00a0\u00bb font_container=\u00a0\u00bbtag:h6|font_size:16|text_align:left|color:%232c3e50&Prime; google_fonts=\u00a0\u00bbfont_family:Roboto%3A100%2C100italic%2C300%2C300italic%2Cregular%2Citalic%2C500%2C500italic%2C700%2C700italic%2C900%2C900italic|font_style:900%20bold%20regular%3A900%3Anormal\u00a0\u00bb css=\u00a0\u00bb.vc_custom_1658302160864{margin-top: 0px !important;margin-bottom: 20px !important;}\u00a0\u00bb el_class=\u00a0\u00bbletterspacing-2-5&Prime;][vc_column_text]L&rsquo;\u00e9quipe technique et les agents commerciaux se d\u00e9placent dans le monde pour assister les clients lors de l&rsquo;installation et de la mise en service.<br \/>\nUne attention particuli\u00e8re est accord\u00e9e \u00e0 la formation des op\u00e9rateurs, \u00e0 leur autonomie dans l&rsquo;utilisation des machines et des \u00e9quipements et \u00e0 la livraison de certificats de formation.<br \/>\n[\/vc_column_text][\/vc_column_inner][\/vc_row_inner][\/vc_column][\/vc_row][vc_row][vc_column width=\u00a0\u00bb1\/2&Prime;][vc_row_inner][vc_column_inner width=\u00a0\u00bb1\/4&Prime;][vc_single_image image=\u00a0\u00bb35660&Prime; img_size=\u00a0\u00bbfull\u00a0\u00bb][\/vc_column_inner][vc_column_inner width=\u00a0\u00bb3\/4&Prime;][vc_custom_heading text=\u00a0\u00bbPERSONNALISATION DES PRODUITS\u00a0\u00bb font_container=\u00a0\u00bbtag:h6|font_size:16|text_align:left|color:%232c3e50&Prime; google_fonts=\u00a0\u00bbfont_family:Roboto%3A100%2C100italic%2C300%2C300italic%2Cregular%2Citalic%2C500%2C500italic%2C700%2C700italic%2C900%2C900italic|font_style:900%20bold%20regular%3A900%3Anormal\u00a0\u00bb css=\u00a0\u00bb.vc_custom_1658302261674{margin-top: 0px !important;margin-bottom: 20px !important;}\u00a0\u00bb el_class=\u00a0\u00bbletterspacing-2-5&Prime;][vc_column_text]Gr\u00e2ce \u00e0 des d\u00e9cennies d&rsquo;exp\u00e9rience, nous sommes en mesure de vous fournir des solutions ad\u00e9quates \u00e0 vos besoins sp\u00e9cifiques, en adaptant ou en fabriquant des produits hautement personnalis\u00e9s.[\/vc_column_text][\/vc_column_inner][\/vc_row_inner][\/vc_column][vc_column width=\u00a0\u00bb1\/2&Prime;][vc_row_inner][vc_column_inner width=\u00a0\u00bb1\/4&Prime;][vc_single_image image=\u00a0\u00bb35659&Prime; img_size=\u00a0\u00bbfull\u00a0\u00bb][\/vc_column_inner][vc_column_inner width=\u00a0\u00bb3\/4&Prime;][vc_custom_heading text=\u00a0\u00bbL&rsquo;ASSISTANCE TECHNIQUE\u00a0\u00bb font_container=\u00a0\u00bbtag:h6|font_size:16|text_align:left|color:%232c3e50&Prime; google_fonts=\u00a0\u00bbfont_family:Roboto%3A100%2C100italic%2C300%2C300italic%2Cregular%2Citalic%2C500%2C500italic%2C700%2C700italic%2C900%2C900italic|font_style:900%20bold%20regular%3A900%3Anormal\u00a0\u00bb css=\u00a0\u00bb.vc_custom_1658302347245{margin-top: 0px !important;margin-bottom: 20px !important;}\u00a0\u00bb el_class=\u00a0\u00bbletterspacing-2-5&Prime;][vc_column_text]Notre \u00e9quipe de service technique intervient dans le monde entier pour l&rsquo;entretien g\u00e9n\u00e9ral, les r\u00e9parations et le d\u00e9pannage. Les pi\u00e8ces de rechange originaux garantissent que votre \u00e9quipement continuera \u00e0 fonctionner pendant de nombreuses ann\u00e9es avec fiabilit\u00e9 et s\u00e9curit\u00e9.[\/vc_column_text][\/vc_column_inner][\/vc_row_inner][\/vc_column][\/vc_row]<\/p>\n","protected":false},"excerpt":{"rendered":"<p>[vc_row css=\u00a0\u00bb.vc_custom_1666166324005{margin-bottom: 0px !important;padding-top: 50px !important;}\u00a0\u00bb][vc_column][vc_custom_heading text=\u00a0\u00bbNOS SERVICES\u00a0\u00bb font_container=\u00a0\u00bbtag:h2|font_size:30|text_align:center|color:%232c3e50&Prime; google_fonts=\u00a0\u00bbfont_family:Roboto%3A100%2C100italic%2C300%2C300italic%2Cregular%2Citalic%2C500%2C500italic%2C700%2C700italic%2C900%2C900italic|font_style:900%20bold%20regular%3A900%3Anormal\u00a0\u00bb css=\u00a0\u00bb.vc_custom_1658304960487{margin-top: 20px !important;margin-bottom: 19px !important;}\u00a0\u00bb el_class=\u00a0\u00bbletterspacing-2-5&Prime;][\/vc_column][\/vc_row][vc_row css=\u00a0\u00bb.vc_custom_1666166343043{margin-top: 30px !important;}\u00a0\u00bb][vc_column width=\u00a0\u00bb1\/2&Prime;][vc_row_inner][vc_column_inner width=\u00a0\u00bb1\/4&Prime;][vc_single_image image=\u00a0\u00bb35662&Prime; img_size=\u00a0\u00bbfull\u00a0\u00bb][\/vc_column_inner][vc_column_inner width=\u00a0\u00bb3\/4&Prime;][vc_custom_heading text=\u00a0\u00bbSERVICE AVANT-VENTE ET CONSULTATION\u00a0\u00bb font_container=\u00a0\u00bbtag:h6|font_size:16|text_align:left|color:%232c3e50&Prime; google_fonts=\u00a0\u00bbfont_family:Roboto%3A100%2C100italic%2C300%2C300italic%2Cregular%2Citalic%2C500%2C500italic%2C700%2C700italic%2C900%2C900italic|font_style:900%20bold%20regular%3A900%3Anormal\u00a0\u00bb css=\u00a0\u00bb.vc_custom_1658302003206{margin-top: 0px !important;margin-bottom: 20px !important;}\u00a0\u00bb el_class=\u00a0\u00bbletterspacing-2-5&Prime;][vc_column_text]L&rsquo;\u00e9quipe d&rsquo;ing\u00e9nieurs et des agents commerciaux met \u00e0 votre disposition son exp\u00e9rience et son expertise pour vous aider \u00e0 identifier<br \/><a href=\"https:\/\/www.temaitaly.com\/fr\/services\/\" class=\"more\">Read more<\/a><\/p>\n","protected":false},"author":1,"featured_media":0,"parent":0,"menu_order":0,"comment_status":"closed","ping_status":"closed","template":"","meta":[],"aioseo_notices":[],"_links":{"self":[{"href":"https:\/\/www.temaitaly.com\/fr\/wp-json\/wp\/v2\/pages\/43993"}],"collection":[{"href":"https:\/\/www.temaitaly.com\/fr\/wp-json\/wp\/v2\/pages"}],"about":[{"href":"https:\/\/www.temaitaly.com\/fr\/wp-json\/wp\/v2\/types\/page"}],"author":[{"embeddable":true,"href":"https:\/\/www.temaitaly.com\/fr\/wp-json\/wp\/v2\/users\/1"}],"replies":[{"embeddable":true,"href":"https:\/\/www.temaitaly.com\/fr\/wp-json\/wp\/v2\/comments?post=43993"}],"version-history":[{"count":7,"href":"https:\/\/www.temaitaly.com\/fr\/wp-json\/wp\/v2\/pages\/43993\/revisions"}],"predecessor-version":[{"id":337700,"href":"https:\/\/www.temaitaly.com\/fr\/wp-json\/wp\/v2\/pages\/43993\/revisions\/337700"}],"wp:attachment":[{"href":"https:\/\/www.temaitaly.com\/fr\/wp-json\/wp\/v2\/media?parent=43993"}],"curies":[{"name":"wp","href":"https:\/\/api.w.org\/{rel}","templated":true}]}}