{"id":43997,"date":"2023-08-29T13:32:51","date_gmt":"2023-08-29T13:32:51","guid":{"rendered":"https:\/\/www.temaitaly.com\/secteurs\/"},"modified":"2023-08-29T14:58:52","modified_gmt":"2023-08-29T14:58:52","slug":"secteurs","status":"publish","type":"page","link":"https:\/\/www.temaitaly.com\/fr\/secteurs\/","title":{"rendered":"Secteurs"},"content":{"rendered":"<p>[vc_row css=\u00a0\u00bb.vc_custom_1422768878603{margin-bottom: 0px !important;padding-top: 47px !important;padding-bottom: 0px !important;}\u00a0\u00bb parallax_background=\u00a0\u00bb\u00a0\u00bb][vc_column width=\u00a0\u00bb1\/2&Prime; css=\u00a0\u00bb.vc_custom_1422768980499{padding-top: 45px !important;padding-bottom: 30px !important;}\u00a0\u00bb][vc_custom_heading text=\u00a0\u00bbNos secteurs\u00a0\u00bb font_container=\u00a0\u00bbtag:h2|font_size:26|text_align:left\u00a0\u00bb google_fonts=\u00a0\u00bbfont_family:Roboto%3A100%2C100italic%2C300%2C300italic%2Cregular%2Citalic%2C500%2C500italic%2C700%2C700italic%2C900%2C900italic|font_style:500%20bold%20regular%3A500%3Anormal\u00a0\u00bb css=\u00a0\u00bb.vc_custom_1654524587872{margin-bottom: 17px !important;}\u00a0\u00bb][vc_column_text css=\u00a0\u00bb.vc_custom_1654524168250{margin-top: 30px !important;padding-bottom: 35px !important;}\u00a0\u00bb]Les produits, \u00e9quipements et syst\u00e8mes con\u00e7us et fabriqu\u00e9s par TE.M.A. trouvent des applications dans diff\u00e9rents domaines.[\/vc_column_text][vc_row_inner][vc_column_inner width=\u00a0\u00bb1\/3&Prime;][vc_single_image image=\u00a0\u00bb35658&Prime; img_size=\u00a0\u00bbfull\u00a0\u00bb][vc_custom_heading text=\u00a0\u00bbNos secteurs\u00a0\u00bb font_container=\u00a0\u00bbtag:h2|font_size:26|text_align:left\u00a0\u00bb google_fonts=\u00a0\u00bbfont_family:Roboto%3A100%2C100italic%2C300%2C300italic%2Cregular%2Citalic%2C500%2C500italic%2C700%2C700italic%2C900%2C900italic|font_style:500%20bold%20regular%3A500%3Anormal\u00a0\u00bb css=\u00a0\u00bb.vc_custom_1654524587872{margin-bottom: 17px !important;}\u00a0\u00bb][\/vc_column_inner][vc_column_inner width=\u00a0\u00bb1\/3&Prime;]<style type=\"text\/css\" >#rand_y7yt02z9ig6jsfm7lpjb {margin-top:0px; margin-bottom:0px; }<\/style><style type=\"text\/css\" >#rand_y7yt02z9ig6jsfm7lpjb {padding-left:0; padding-right:0; }<\/style><style type='text\/css'> @font-face{font-family: 'wb'; src:url('https:\/\/www.temaitaly.com\/wp-content\/themes\/thefox\/includes\/4k-icons\/icons\/4k-icons-pack05\/icons\/fonts\/wb.eot'); src:url('https:\/\/www.temaitaly.com\/wp-content\/themes\/thefox\/includes\/4k-icons\/icons\/4k-icons-pack05\/icons\/fonts\/wb.eot?#iefix') format('embedded-opentype'), url('https:\/\/www.temaitaly.com\/wp-content\/themes\/thefox\/includes\/4k-icons\/icons\/4k-icons-pack05\/icons\/fonts\/wb.woff') format('woff'), url('https:\/\/www.temaitaly.com\/wp-content\/themes\/thefox\/includes\/4k-icons\/icons\/4k-icons-pack05\/icons\/fonts\/wb.ttf') format('truetype'), url('https:\/\/www.temaitaly.com\/wp-content\/themes\/thefox\/includes\/4k-icons\/icons\/4k-icons-pack05\/icons\/fonts\/wb.svg#oi') format('svg'); font-weight: normal; font-style: normal;}#rand_y7yt02z9ig6jsfm7lpjb .wb-lightbulb:before{font-family: 'wb'; font-weight: normal; font-style: normal;}#rand_y7yt02z9ig6jsfm7lpjb .wb-lightbulb:before{content: \"\\f338\";}<\/style>\n<div id=\"rand_y7yt02z9ig6jsfm7lpjb\" class=\"icon_box2_simple \" style=\"background:rgba(0,0,0,0); border:1px solid rgba(0,0,0,0);\"><div class=\"icon_circle\" style=\"background-color:rgba(0,0,0,0); border:1px solid rgba(0,0,0,0);\"><div class=\"simple_sub_circle\" style=\"background:#FF4539;\"><\/div><i class=\"wb-lightbulb\" ><\/i><\/div><h3 style=\"color:;\" >L'\u00e9nergie<\/h3><p style=\"color:;\" ><\/p><\/div>[\/vc_column_inner][vc_column_inner width=\u00a0\u00bb1\/3&Prime;]<style type=\"text\/css\" >#rand_swh0d7ggwkpnm05upltp {margin-top:0px; margin-bottom:0px; }<\/style><style type=\"text\/css\" >#rand_swh0d7ggwkpnm05upltp {padding-left:0; padding-right:0; }<\/style><style type='text\/css'> @font-face{font-family: 'wb'; src:url('https:\/\/www.temaitaly.com\/wp-content\/themes\/thefox\/includes\/4k-icons\/icons\/4k-icons-pack05\/icons\/fonts\/wb.eot'); src:url('https:\/\/www.temaitaly.com\/wp-content\/themes\/thefox\/includes\/4k-icons\/icons\/4k-icons-pack05\/icons\/fonts\/wb.eot?#iefix') format('embedded-opentype'), url('https:\/\/www.temaitaly.com\/wp-content\/themes\/thefox\/includes\/4k-icons\/icons\/4k-icons-pack05\/icons\/fonts\/wb.woff') format('woff'), url('https:\/\/www.temaitaly.com\/wp-content\/themes\/thefox\/includes\/4k-icons\/icons\/4k-icons-pack05\/icons\/fonts\/wb.ttf') format('truetype'), url('https:\/\/www.temaitaly.com\/wp-content\/themes\/thefox\/includes\/4k-icons\/icons\/4k-icons-pack05\/icons\/fonts\/wb.svg#oi') format('svg'); font-weight: normal; font-style: normal;}#rand_swh0d7ggwkpnm05upltp .wb-greenhosting:before{font-family: 'wb'; font-weight: normal; font-style: normal;}#rand_swh0d7ggwkpnm05upltp .wb-greenhosting:before{content: \"\\f039\";}<\/style>\n<div id=\"rand_swh0d7ggwkpnm05upltp\" class=\"icon_box2_simple \" style=\"background:rgba(0,0,0,0); border:1px solid rgba(0,0,0,0);\"><div class=\"icon_circle\" style=\"background-color:rgba(0,0,0,0); border:1px solid rgba(0,0,0,0);\"><div class=\"simple_sub_circle\" style=\"background:#FF4539;\"><\/div><i class=\"wb-greenhosting\" ><\/i><\/div><h3 style=\"color:;\" >\u00c9nergies renouvelables<\/h3><p style=\"color:;\" ><\/p><\/div>[\/vc_column_inner][\/vc_row_inner][vc_row_inner][vc_column_inner width=\u00a0\u00bb1\/3&Prime;]<style type=\"text\/css\" >#rand_91ovf7hpqrbifja4t905 {margin-top:0px; margin-bottom:0px; }<\/style><style type=\"text\/css\" >#rand_91ovf7hpqrbifja4t905 {padding-left:0; padding-right:0; }<\/style><style type='text\/css'> @font-face{font-family: 'wb'; src:url('https:\/\/www.temaitaly.com\/wp-content\/themes\/thefox\/includes\/4k-icons\/icons\/4k-icons-pack05\/icons\/fonts\/wb.eot'); src:url('https:\/\/www.temaitaly.com\/wp-content\/themes\/thefox\/includes\/4k-icons\/icons\/4k-icons-pack05\/icons\/fonts\/wb.eot?#iefix') format('embedded-opentype'), url('https:\/\/www.temaitaly.com\/wp-content\/themes\/thefox\/includes\/4k-icons\/icons\/4k-icons-pack05\/icons\/fonts\/wb.woff') format('woff'), url('https:\/\/www.temaitaly.com\/wp-content\/themes\/thefox\/includes\/4k-icons\/icons\/4k-icons-pack05\/icons\/fonts\/wb.ttf') format('truetype'), url('https:\/\/www.temaitaly.com\/wp-content\/themes\/thefox\/includes\/4k-icons\/icons\/4k-icons-pack05\/icons\/fonts\/wb.svg#oi') format('svg'); font-weight: normal; font-style: normal;}#rand_91ovf7hpqrbifja4t905 .wb-remotemysql:before{font-family: 'wb'; font-weight: normal; font-style: normal;}#rand_91ovf7hpqrbifja4t905 .wb-remotemysql:before{content: \"\\f0c0\";}<\/style>\n<div id=\"rand_91ovf7hpqrbifja4t905\" class=\"icon_box2_simple \" style=\"background:rgba(0,0,0,0); border:1px solid rgba(0,0,0,0);\"><div class=\"icon_circle\" style=\"background-color:rgba(0,0,0,0); border:1px solid rgba(0,0,0,0);\"><div class=\"simple_sub_circle\" style=\"background:#FF4539;\"><\/div><i class=\"wb-remotemysql\" ><\/i><\/div><h3 style=\"color:;\" >T\u00e9l\u00e9communications<\/h3><p style=\"color:;\" ><\/p><\/div>[\/vc_column_inner][vc_column_inner width=\u00a0\u00bb1\/3&Prime;]<style type=\"text\/css\" >#rand_hu7grb9s9eb0nfyzciec {margin-top:0px; margin-bottom:0px; }<\/style><style type=\"text\/css\" >#rand_hu7grb9s9eb0nfyzciec {padding-left:0; padding-right:0; }<\/style><style type='text\/css'> @font-face{font-family: 'wb'; src:url('https:\/\/www.temaitaly.com\/wp-content\/themes\/thefox\/includes\/4k-icons\/icons\/4k-icons-pack05\/icons\/fonts\/wb.eot'); src:url('https:\/\/www.temaitaly.com\/wp-content\/themes\/thefox\/includes\/4k-icons\/icons\/4k-icons-pack05\/icons\/fonts\/wb.eot?#iefix') format('embedded-opentype'), url('https:\/\/www.temaitaly.com\/wp-content\/themes\/thefox\/includes\/4k-icons\/icons\/4k-icons-pack05\/icons\/fonts\/wb.woff') format('woff'), url('https:\/\/www.temaitaly.com\/wp-content\/themes\/thefox\/includes\/4k-icons\/icons\/4k-icons-pack05\/icons\/fonts\/wb.ttf') format('truetype'), url('https:\/\/www.temaitaly.com\/wp-content\/themes\/thefox\/includes\/4k-icons\/icons\/4k-icons-pack05\/icons\/fonts\/wb.svg#oi') format('svg'); font-weight: normal; font-style: normal;}#rand_hu7grb9s9eb0nfyzciec .wb-lightbulb:before{font-family: 'wb'; font-weight: normal; font-style: normal;}#rand_hu7grb9s9eb0nfyzciec .wb-lightbulb:before{content: \"\\f338\";}<\/style>\n<div id=\"rand_hu7grb9s9eb0nfyzciec\" class=\"icon_box2_simple \" style=\"background:rgba(0,0,0,0); border:1px solid rgba(0,0,0,0);\"><div class=\"icon_circle\" style=\"background-color:rgba(0,0,0,0); border:1px solid rgba(0,0,0,0);\"><div class=\"simple_sub_circle\" style=\"background:#FF4539;\"><\/div><i class=\"wb-lightbulb\" ><\/i><\/div><h3 style=\"color:;\" >L'\u00e9nergie<\/h3><p style=\"color:;\" ><\/p><\/div>[\/vc_column_inner][vc_column_inner width=\u00a0\u00bb1\/3&Prime;]<style type=\"text\/css\" >#rand_xmwhdxs470hjylr41sg6 {margin-top:0px; margin-bottom:0px; }<\/style><style type=\"text\/css\" >#rand_xmwhdxs470hjylr41sg6 {padding-left:0; padding-right:0; }<\/style><style type='text\/css'> @font-face{font-family: 'wb'; src:url('https:\/\/www.temaitaly.com\/wp-content\/themes\/thefox\/includes\/4k-icons\/icons\/4k-icons-pack05\/icons\/fonts\/wb.eot'); src:url('https:\/\/www.temaitaly.com\/wp-content\/themes\/thefox\/includes\/4k-icons\/icons\/4k-icons-pack05\/icons\/fonts\/wb.eot?#iefix') format('embedded-opentype'), url('https:\/\/www.temaitaly.com\/wp-content\/themes\/thefox\/includes\/4k-icons\/icons\/4k-icons-pack05\/icons\/fonts\/wb.woff') format('woff'), url('https:\/\/www.temaitaly.com\/wp-content\/themes\/thefox\/includes\/4k-icons\/icons\/4k-icons-pack05\/icons\/fonts\/wb.ttf') format('truetype'), url('https:\/\/www.temaitaly.com\/wp-content\/themes\/thefox\/includes\/4k-icons\/icons\/4k-icons-pack05\/icons\/fonts\/wb.svg#oi') format('svg'); font-weight: normal; font-style: normal;}#rand_xmwhdxs470hjylr41sg6 .wb-greenhosting:before{font-family: 'wb'; font-weight: normal; font-style: normal;}#rand_xmwhdxs470hjylr41sg6 .wb-greenhosting:before{content: \"\\f039\";}<\/style>\n<div id=\"rand_xmwhdxs470hjylr41sg6\" class=\"icon_box2_simple \" style=\"background:rgba(0,0,0,0); border:1px solid rgba(0,0,0,0);\"><div class=\"icon_circle\" style=\"background-color:rgba(0,0,0,0); border:1px solid rgba(0,0,0,0);\"><div class=\"simple_sub_circle\" style=\"background:#FF4539;\"><\/div><i class=\"wb-greenhosting\" ><\/i><\/div><h3 style=\"color:;\" >\u00c9nergies renouvelables<\/h3><p style=\"color:;\" ><\/p><\/div>[\/vc_column_inner][\/vc_row_inner][vc_row_inner][vc_column_inner width=\u00a0\u00bb1\/3&Prime;]<style type=\"text\/css\" >#rand_97urgcv6raqfb0zbo5q9 {margin-top:0px; margin-bottom:0px; }<\/style><style type=\"text\/css\" >#rand_97urgcv6raqfb0zbo5q9 {padding-left:0; padding-right:0; }<\/style><style type='text\/css'> @font-face{font-family: 'ma'; src:url('https:\/\/www.temaitaly.com\/wp-content\/themes\/thefox\/includes\/4k-icons\/icons\/4k-icons-pack03\/icons\/fonts\/ma.eot'); src:url('https:\/\/www.temaitaly.com\/wp-content\/themes\/thefox\/includes\/4k-icons\/icons\/4k-icons-pack03\/icons\/fonts\/ma.eot?#iefix') format('embedded-opentype'), url('https:\/\/www.temaitaly.com\/wp-content\/themes\/thefox\/includes\/4k-icons\/icons\/4k-icons-pack03\/icons\/fonts\/ma.woff') format('woff'), url('https:\/\/www.temaitaly.com\/wp-content\/themes\/thefox\/includes\/4k-icons\/icons\/4k-icons-pack03\/icons\/fonts\/ma.ttf') format('truetype'), url('https:\/\/www.temaitaly.com\/wp-content\/themes\/thefox\/includes\/4k-icons\/icons\/4k-icons-pack03\/icons\/fonts\/ma.svg#oi') format('svg'); font-weight: normal; font-style: normal;}#rand_97urgcv6raqfb0zbo5q9 .ma-train7:before{font-family: 'ma'; font-weight: normal; font-style: normal;}#rand_97urgcv6raqfb0zbo5q9 .ma-train7:before{content: \"\\e89e\";}<\/style>\n<div id=\"rand_97urgcv6raqfb0zbo5q9\" class=\"icon_box2_simple \" style=\"background:rgba(0,0,0,0); border:1px solid rgba(0,0,0,0);\"><div class=\"icon_circle\" style=\"background-color:rgba(0,0,0,0); border:1px solid rgba(0,0,0,0);\"><div class=\"simple_sub_circle\" style=\"background:#FF4539;\"><\/div><i class=\"ma-train7\" ><\/i><\/div><h3 style=\"color:;\" >Chemins de fer<\/h3><p style=\"color:;\" ><\/p><\/div>[\/vc_column_inner][vc_column_inner width=\u00a0\u00bb1\/3&Prime;]<style type=\"text\/css\" >#rand_7e1m25eznr12r2qtm3ht {margin-top:0px; margin-bottom:0px; }<\/style><style type=\"text\/css\" >#rand_7e1m25eznr12r2qtm3ht {padding-left:0; padding-right:0; }<\/style><style type='text\/css'> @font-face{font-family: 'imf'; src:url('https:\/\/www.temaitaly.com\/wp-content\/themes\/thefox\/includes\/4k-icons\/icons\/4k-icons-pack03\/icons\/fonts\/imf.eot'); src:url('https:\/\/www.temaitaly.com\/wp-content\/themes\/thefox\/includes\/4k-icons\/icons\/4k-icons-pack03\/icons\/fonts\/imf.eot?#iefix') format('embedded-opentype'), url('https:\/\/www.temaitaly.com\/wp-content\/themes\/thefox\/includes\/4k-icons\/icons\/4k-icons-pack03\/icons\/fonts\/imf.woff') format('woff'), url('https:\/\/www.temaitaly.com\/wp-content\/themes\/thefox\/includes\/4k-icons\/icons\/4k-icons-pack03\/icons\/fonts\/imf.ttf') format('truetype'), url('https:\/\/www.temaitaly.com\/wp-content\/themes\/thefox\/includes\/4k-icons\/icons\/4k-icons-pack03\/icons\/fonts\/imf.svg#oi') format('svg'); font-weight: normal; font-style: normal;}#rand_7e1m25eznr12r2qtm3ht .imf-brightness-high:before{font-family: 'imf'; font-weight: normal; font-style: normal;}#rand_7e1m25eznr12r2qtm3ht .imf-brightness-high:before{content: \"\\e2f4\";}<\/style>\n<div id=\"rand_7e1m25eznr12r2qtm3ht\" class=\"icon_box2_simple \" style=\"background:rgba(0,0,0,0); border:1px solid rgba(0,0,0,0);\"><div class=\"icon_circle\" style=\"background-color:rgba(0,0,0,0); border:1px solid rgba(0,0,0,0);\"><div class=\"simple_sub_circle\" style=\"background:#FF4539;\"><\/div><i class=\"imf-brightness-high\" ><\/i><\/div><h3 style=\"color:;\" >Haute et moyenne tension<\/h3><p style=\"color:;\" ><\/p><\/div>[\/vc_column_inner][vc_column_inner width=\u00a0\u00bb1\/3&Prime;][\/vc_column_inner][\/vc_row_inner][\/vc_column][vc_column width=\u00a0\u00bb1\/2&Prime; animation=\u00a0\u00bbrda_fadeInUp\u00a0\u00bb][vc_single_image image=\u00a0\u00bb35305&Prime; img_size=\u00a0\u00bb720&#215;600&Prime; css=\u00a0\u00bb.vc_custom_1654524333857{padding-top: 24px !important;}\u00a0\u00bb][\/vc_column][\/vc_row][vc_row type=\u00a0\u00bbfull-width-section\u00a0\u00bb css=\u00a0\u00bb.vc_custom_1653905538592{margin-bottom: 0px !important;padding-top: 92px !important;padding-bottom: 93px !important;background-image: url(https:\/\/temaitaly.it\/wp-content\/uploads\/2022\/05\/banner-catalogo.jpg?id=7683) !important;}\u00a0\u00bb font_color=\u00a0\u00bb#ffffff\u00a0\u00bb parallax_background=\u00a0\u00bb1&Prime;][vc_column][vc_custom_heading text=\u00a0\u00bbD\u00e9couvrez notre gamme de produits\u00a0\u00bb font_container=\u00a0\u00bbtag:h2|font_size:44|text_align:center|color:%23ffffff|line_height:36px\u00a0\u00bb google_fonts=\u00a0\u00bbfont_family:Roboto%3A100%2C100italic%2C300%2C300italic%2Cregular%2Citalic%2C500%2C500italic%2C700%2C700italic%2C900%2C900italic|font_style:700%20bold%20regular%3A700%3Anormal\u00a0\u00bb css=\u00a0\u00bb.vc_custom_1653905571400{margin-bottom: 15px !important;}\u00a0\u00bb]<style type=\"text\/css\" >#l_krt5hcc1ijozrzpko4wy.sc_line ,#l_krt5hcc1ijozrzpko4wy .sc_line { height:1px; background:;}#l_krt5hcc1ijozrzpko4wy {margin:30px 0 0px 0; padding:0;}<\/style><div class=\"clearfix\"><\/div><div id=\"l_krt5hcc1ijozrzpko4wy\"  class=\"sc_line rd_line_normal\" ><\/div>[vc_row_inner css=\u00a0\u00bb.vc_custom_1653905636081{margin-bottom: 0px !important;}\u00a0\u00bb][vc_column_inner width=\u00a0\u00bb1\/4&Prime;][\/vc_column_inner][vc_column_inner width=\u00a0\u00bb1\/4&Prime;]<style type=\"text\/css\" >#b_udvx4io32s9d9ebo2trl a{color:#2c3e50; background:#ffffff; border-style:solid; border-color:#2c3e50; margin-top:0px; margin-bottom:0px;  margin-left:0px; margin-right:0px; font-weight:700; border-radius:4px;}#b_udvx4io32s9d9ebo2trl a:hover{color:#ffffff ; background:#2c3e50 ; border-color:#2c3e50;}<\/style><div class=\"ta_center tf_btn_pos\" id=\"b_udvx4io32s9d9ebo2trl\" ><a class=\"rd_stroke_bt small_rd_bt border_2px  bt_icon_right   \" href=\"#\" target=\"\"   ><span>ALLER AU CATALOGUE<\/span><i class=\"ion-ios7-arrow-thin-right\" ><\/i><\/a><\/div><style type=\"text\/css\" >#b_udvx4io32s9d9ebo2trl i {color:#2c3e50;}#b_udvx4io32s9d9ebo2trl a:hover i{color:#ffffff;}<\/style><style type='text\/css'> @font-face{font-family: 'ion'; src:url('https:\/\/www.temaitaly.com\/wp-content\/themes\/thefox\/includes\/4k-icons\/icons\/4k-icons-pack03\/icons\/fonts\/ion.eot'); src:url('https:\/\/www.temaitaly.com\/wp-content\/themes\/thefox\/includes\/4k-icons\/icons\/4k-icons-pack03\/icons\/fonts\/ion.eot?#iefix') format('embedded-opentype'), url('https:\/\/www.temaitaly.com\/wp-content\/themes\/thefox\/includes\/4k-icons\/icons\/4k-icons-pack03\/icons\/fonts\/ion.woff') format('woff'), url('https:\/\/www.temaitaly.com\/wp-content\/themes\/thefox\/includes\/4k-icons\/icons\/4k-icons-pack03\/icons\/fonts\/ion.ttf') format('truetype'), url('https:\/\/www.temaitaly.com\/wp-content\/themes\/thefox\/includes\/4k-icons\/icons\/4k-icons-pack03\/icons\/fonts\/ion.svg#oi') format('svg'); font-weight: normal; font-style: normal;}#b_udvx4io32s9d9ebo2trl .ion-ios7-arrow-thin-right:before{font-family: 'ion'; font-weight: normal; font-style: normal;}#b_udvx4io32s9d9ebo2trl .ion-ios7-arrow-thin-right:before{content: \"\\e8bb\";}<\/style>\n[\/vc_column_inner][vc_column_inner width=\u00a0\u00bb1\/4&Prime;]<style type=\"text\/css\" >#b_l5v4g27459bkgcf71ajk a{color:#2c3e50; background:#ffffff; border-style:solid; border-color:#2c3e50; margin-top:0px; margin-bottom:0px;  margin-left:0px; margin-right:0px; font-weight:700; border-radius:4px;}#b_l5v4g27459bkgcf71ajk a:hover{color:#ffffff ; background:#2c3e50 ; border-color:#2c3e50;}<\/style><div class=\"ta_center tf_btn_pos\" id=\"b_l5v4g27459bkgcf71ajk\" ><a class=\"rd_stroke_bt small_rd_bt border_2px  bt_icon_right   \" href=\"#\" target=\"\"   ><span>T\u00c9L\u00c9CHARGER LE CATALOGUE PDF<\/span><i class=\"ion-ios7-arrow-thin-right\" ><\/i><\/a><\/div><style type=\"text\/css\" >#b_l5v4g27459bkgcf71ajk i {color:#2c3e50;}#b_l5v4g27459bkgcf71ajk a:hover i{color:#ffffff;}<\/style><style type='text\/css'> @font-face{font-family: 'ion'; src:url('https:\/\/www.temaitaly.com\/wp-content\/themes\/thefox\/includes\/4k-icons\/icons\/4k-icons-pack03\/icons\/fonts\/ion.eot'); src:url('https:\/\/www.temaitaly.com\/wp-content\/themes\/thefox\/includes\/4k-icons\/icons\/4k-icons-pack03\/icons\/fonts\/ion.eot?#iefix') format('embedded-opentype'), url('https:\/\/www.temaitaly.com\/wp-content\/themes\/thefox\/includes\/4k-icons\/icons\/4k-icons-pack03\/icons\/fonts\/ion.woff') format('woff'), url('https:\/\/www.temaitaly.com\/wp-content\/themes\/thefox\/includes\/4k-icons\/icons\/4k-icons-pack03\/icons\/fonts\/ion.ttf') format('truetype'), url('https:\/\/www.temaitaly.com\/wp-content\/themes\/thefox\/includes\/4k-icons\/icons\/4k-icons-pack03\/icons\/fonts\/ion.svg#oi') format('svg'); font-weight: normal; font-style: normal;}#b_l5v4g27459bkgcf71ajk .ion-ios7-arrow-thin-right:before{font-family: 'ion'; font-weight: normal; font-style: normal;}#b_l5v4g27459bkgcf71ajk .ion-ios7-arrow-thin-right:before{content: \"\\e8bb\";}<\/style>\n[\/vc_column_inner][vc_column_inner width=\u00a0\u00bb1\/4&Prime;][\/vc_column_inner][\/vc_row_inner][\/vc_column][\/vc_row]<\/p>\n","protected":false},"excerpt":{"rendered":"<p>[vc_row css=\u00a0\u00bb.vc_custom_1422768878603{margin-bottom: 0px !important;padding-top: 47px !important;padding-bottom: 0px !important;}\u00a0\u00bb parallax_background=\u00a0\u00bb\u00a0\u00bb][vc_column width=\u00a0\u00bb1\/2&Prime; css=\u00a0\u00bb.vc_custom_1422768980499{padding-top: 45px !important;padding-bottom: 30px !important;}\u00a0\u00bb][vc_custom_heading text=\u00a0\u00bbNos secteurs\u00a0\u00bb font_container=\u00a0\u00bbtag:h2|font_size:26|text_align:left\u00a0\u00bb google_fonts=\u00a0\u00bbfont_family:Roboto%3A100%2C100italic%2C300%2C300italic%2Cregular%2Citalic%2C500%2C500italic%2C700%2C700italic%2C900%2C900italic|font_style:500%20bold%20regular%3A500%3Anormal\u00a0\u00bb css=\u00a0\u00bb.vc_custom_1654524587872{margin-bottom: 17px !important;}\u00a0\u00bb][vc_column_text css=\u00a0\u00bb.vc_custom_1654524168250{margin-top: 30px !important;padding-bottom: 35px !important;}\u00a0\u00bb]Les produits, \u00e9quipements et syst\u00e8mes con\u00e7us et fabriqu\u00e9s par TE.M.A. trouvent des applications dans diff\u00e9rents domaines.[\/vc_column_text][vc_row_inner][vc_column_inner width=\u00a0\u00bb1\/3&Prime;][vc_single_image image=\u00a0\u00bb35658&Prime; img_size=\u00a0\u00bbfull\u00a0\u00bb][vc_custom_heading text=\u00a0\u00bbNos secteurs\u00a0\u00bb font_container=\u00a0\u00bbtag:h2|font_size:26|text_align:left\u00a0\u00bb google_fonts=\u00a0\u00bbfont_family:Roboto%3A100%2C100italic%2C300%2C300italic%2Cregular%2Citalic%2C500%2C500italic%2C700%2C700italic%2C900%2C900italic|font_style:500%20bold%20regular%3A500%3Anormal\u00a0\u00bb css=\u00a0\u00bb.vc_custom_1654524587872{margin-bottom: 17px !important;}\u00a0\u00bb][\/vc_column_inner][vc_column_inner width=\u00a0\u00bb1\/3&Prime;] L&rsquo;\u00e9nergie[\/vc_column_inner][vc_column_inner width=\u00a0\u00bb1\/3&Prime;]<br \/><a href=\"https:\/\/www.temaitaly.com\/fr\/secteurs\/\" class=\"more\">Read more<\/a><\/p>\n","protected":false},"author":1,"featured_media":0,"parent":0,"menu_order":0,"comment_status":"closed","ping_status":"open","template":"","meta":[],"aioseo_notices":[],"_links":{"self":[{"href":"https:\/\/www.temaitaly.com\/fr\/wp-json\/wp\/v2\/pages\/43997"}],"collection":[{"href":"https:\/\/www.temaitaly.com\/fr\/wp-json\/wp\/v2\/pages"}],"about":[{"href":"https:\/\/www.temaitaly.com\/fr\/wp-json\/wp\/v2\/types\/page"}],"author":[{"embeddable":true,"href":"https:\/\/www.temaitaly.com\/fr\/wp-json\/wp\/v2\/users\/1"}],"replies":[{"embeddable":true,"href":"https:\/\/www.temaitaly.com\/fr\/wp-json\/wp\/v2\/comments?post=43997"}],"version-history":[{"count":3,"href":"https:\/\/www.temaitaly.com\/fr\/wp-json\/wp\/v2\/pages\/43997\/revisions"}],"predecessor-version":[{"id":44000,"href":"https:\/\/www.temaitaly.com\/fr\/wp-json\/wp\/v2\/pages\/43997\/revisions\/44000"}],"wp:attachment":[{"href":"https:\/\/www.temaitaly.com\/fr\/wp-json\/wp\/v2\/media?parent=43997"}],"curies":[{"name":"wp","href":"https:\/\/api.w.org\/{rel}","templated":true}]}}