{"id":118172,"date":"2023-07-17T11:01:03","date_gmt":"2023-09-01T07:39:04","guid":{"rendered":"https:\/\/www.temaitaly.com\/prodotto\/101a1-treuil-de-levage-capacite-10-kn\/"},"modified":"2025-07-18T01:00:10","modified_gmt":"2025-07-18T01:00:10","slug":"101a1-argano-capacita-10-kn","status":"publish","type":"product","link":"https:\/\/www.temaitaly.com\/fr\/prodotto\/101a1-argano-capacita-10-kn\/","title":{"rendered":"101A1<br>ARGANO<br><span class='subtitle-product'>Capacit\u00e9 10 kN<\/span>"},"content":{"rendered":"","protected":false},"excerpt":{"rendered":"<p>Treuil hydraulique d&rsquo;une capacit\u00e9 de 10 kN pour le tirage de lignes a\u00e9riennes BT et MT, le levage et la pose de c\u00e2bles souterrains.<\/p>\n","protected":false},"featured_media":430585,"template":"","meta":[],"product_cat":[354],"product_tag":[],"aioseo_notices":[],"_links":{"self":[{"href":"https:\/\/www.temaitaly.com\/fr\/wp-json\/wp\/v2\/product\/118172"}],"collection":[{"href":"https:\/\/www.temaitaly.com\/fr\/wp-json\/wp\/v2\/product"}],"about":[{"href":"https:\/\/www.temaitaly.com\/fr\/wp-json\/wp\/v2\/types\/product"}],"wp:featuredmedia":[{"embeddable":true,"href":"https:\/\/www.temaitaly.com\/fr\/wp-json\/wp\/v2\/media\/430585"}],"wp:attachment":[{"href":"https:\/\/www.temaitaly.com\/fr\/wp-json\/wp\/v2\/media?parent=118172"}],"wp:term":[{"taxonomy":"product_cat","embeddable":true,"href":"https:\/\/www.temaitaly.com\/fr\/wp-json\/wp\/v2\/product_cat?post=118172"},{"taxonomy":"product_tag","embeddable":true,"href":"https:\/\/www.temaitaly.com\/fr\/wp-json\/wp\/v2\/product_tag?post=118172"}],"curies":[{"name":"wp","href":"https:\/\/api.w.org\/{rel}","templated":true}]}}