{"id":118189,"date":"2023-07-17T11:01:08","date_gmt":"2023-09-01T07:39:09","guid":{"rendered":"https:\/\/www.temaitaly.com\/prodotto\/101c1-treuil-de-levage-capacite-10-kn\/"},"modified":"2025-07-18T01:00:24","modified_gmt":"2025-07-18T01:00:24","slug":"101c1-treuil-de-levage-capacite-10-kn","status":"publish","type":"product","link":"https:\/\/www.temaitaly.com\/fr\/prodotto\/101c1-treuil-de-levage-capacite-10-kn\/","title":{"rendered":"101C1<br>TREUIL DE LEVAGE<br><span class='subtitle-product'>Capacit\u00e9 10 kN<\/span>"},"content":{"rendered":"","protected":false},"excerpt":{"rendered":"<p>Treuil hydraulique 10 kN avec cabestan \u00e0 large gorge et tambour d\u00e9montable, pour le d\u00e9roulage de lignes BT et MT, op\u00e9rations d\u2019assemblage et de levage, ainsi que pour op\u00e9rations de pose de c\u00e2bles souterrains.<\/p>\n","protected":false},"featured_media":430609,"template":"","meta":[],"product_cat":[354],"product_tag":[],"aioseo_notices":[],"_links":{"self":[{"href":"https:\/\/www.temaitaly.com\/fr\/wp-json\/wp\/v2\/product\/118189"}],"collection":[{"href":"https:\/\/www.temaitaly.com\/fr\/wp-json\/wp\/v2\/product"}],"about":[{"href":"https:\/\/www.temaitaly.com\/fr\/wp-json\/wp\/v2\/types\/product"}],"wp:featuredmedia":[{"embeddable":true,"href":"https:\/\/www.temaitaly.com\/fr\/wp-json\/wp\/v2\/media\/430609"}],"wp:attachment":[{"href":"https:\/\/www.temaitaly.com\/fr\/wp-json\/wp\/v2\/media?parent=118189"}],"wp:term":[{"taxonomy":"product_cat","embeddable":true,"href":"https:\/\/www.temaitaly.com\/fr\/wp-json\/wp\/v2\/product_cat?post=118189"},{"taxonomy":"product_tag","embeddable":true,"href":"https:\/\/www.temaitaly.com\/fr\/wp-json\/wp\/v2\/product_tag?post=118189"}],"curies":[{"name":"wp","href":"https:\/\/api.w.org\/{rel}","templated":true}]}}