{"id":118251,"date":"2023-07-17T11:01:23","date_gmt":"2023-09-01T07:39:33","guid":{"rendered":"https:\/\/www.temaitaly.com\/prodotto\/109t1-5-treuil-de-levage-capacite-15-kn\/"},"modified":"2025-07-18T01:00:43","modified_gmt":"2025-07-18T01:00:43","slug":"109t1-5-treuil-de-levage-capacite-15-kn","status":"publish","type":"product","link":"https:\/\/www.temaitaly.com\/fr\/prodotto\/109t1-5-treuil-de-levage-capacite-15-kn\/","title":{"rendered":"109T1.5<br>TREUIL DE LEVAGE<br><span class='subtitle-product'>Capacit\u00e9 15 kN<\/span>"},"content":{"rendered":"","protected":false},"excerpt":{"rendered":"<p>Treuil hydraulique de capacit\u00e9 15 kN, pour le d\u00e9roulage de lignes BT et MT, op\u00e9rations d\u2019assemblage et de levage, ainsi que pour les op\u00e9rations de pose de c\u00e2bles souterrains.<\/p>\n","protected":false},"featured_media":430677,"template":"","meta":[],"product_cat":[354],"product_tag":[],"aioseo_notices":[],"_links":{"self":[{"href":"https:\/\/www.temaitaly.com\/fr\/wp-json\/wp\/v2\/product\/118251"}],"collection":[{"href":"https:\/\/www.temaitaly.com\/fr\/wp-json\/wp\/v2\/product"}],"about":[{"href":"https:\/\/www.temaitaly.com\/fr\/wp-json\/wp\/v2\/types\/product"}],"wp:featuredmedia":[{"embeddable":true,"href":"https:\/\/www.temaitaly.com\/fr\/wp-json\/wp\/v2\/media\/430677"}],"wp:attachment":[{"href":"https:\/\/www.temaitaly.com\/fr\/wp-json\/wp\/v2\/media?parent=118251"}],"wp:term":[{"taxonomy":"product_cat","embeddable":true,"href":"https:\/\/www.temaitaly.com\/fr\/wp-json\/wp\/v2\/product_cat?post=118251"},{"taxonomy":"product_tag","embeddable":true,"href":"https:\/\/www.temaitaly.com\/fr\/wp-json\/wp\/v2\/product_tag?post=118251"}],"curies":[{"name":"wp","href":"https:\/\/api.w.org\/{rel}","templated":true}]}}