{"id":118307,"date":"2023-07-17T11:01:34","date_gmt":"2023-09-01T07:39:51","guid":{"rendered":"https:\/\/www.temaitaly.com\/prodotto\/109t5-treuil-de-levage-capacite-50-kn\/"},"modified":"2025-07-18T01:01:07","modified_gmt":"2025-07-18T01:01:07","slug":"109t5-treuil-de-levage-capacite-50-kn","status":"publish","type":"product","link":"https:\/\/www.temaitaly.com\/fr\/prodotto\/109t5-treuil-de-levage-capacite-50-kn\/","title":{"rendered":"109T5<br>TREUIL DE LEVAGE<br><span class='subtitle-product'>Capacit\u00e9 50 kN<\/span>"},"content":{"rendered":"","protected":false},"excerpt":{"rendered":"<p>Treuil hydraulique de capacit\u00e9 55 kN adapt\u00e9 au transport par h\u00e9licopt\u00e8re, pour le d\u00e9roulage de lignes BT et MT, op\u00e9rations d\u2019assemblage et de levage, ainsi que pour les op\u00e9rations de pose de c\u00e2bles souterrains.<\/p>\n","protected":false},"featured_media":430729,"template":"","meta":[],"product_cat":[354],"product_tag":[],"aioseo_notices":[],"_links":{"self":[{"href":"https:\/\/www.temaitaly.com\/fr\/wp-json\/wp\/v2\/product\/118307"}],"collection":[{"href":"https:\/\/www.temaitaly.com\/fr\/wp-json\/wp\/v2\/product"}],"about":[{"href":"https:\/\/www.temaitaly.com\/fr\/wp-json\/wp\/v2\/types\/product"}],"wp:featuredmedia":[{"embeddable":true,"href":"https:\/\/www.temaitaly.com\/fr\/wp-json\/wp\/v2\/media\/430729"}],"wp:attachment":[{"href":"https:\/\/www.temaitaly.com\/fr\/wp-json\/wp\/v2\/media?parent=118307"}],"wp:term":[{"taxonomy":"product_cat","embeddable":true,"href":"https:\/\/www.temaitaly.com\/fr\/wp-json\/wp\/v2\/product_cat?post=118307"},{"taxonomy":"product_tag","embeddable":true,"href":"https:\/\/www.temaitaly.com\/fr\/wp-json\/wp\/v2\/product_tag?post=118307"}],"curies":[{"name":"wp","href":"https:\/\/api.w.org\/{rel}","templated":true}]}}