{"id":118359,"date":"2023-07-17T11:01:51","date_gmt":"2023-09-01T07:40:18","guid":{"rendered":"https:\/\/www.temaitaly.com\/prodotto\/107r2-treuil-de-deroulage-capacite-25-kn\/"},"modified":"2025-07-18T01:01:26","modified_gmt":"2025-07-18T01:01:26","slug":"107r2-treuil-de-deroulage-capacite-25-kn","status":"publish","type":"product","link":"https:\/\/www.temaitaly.com\/fr\/prodotto\/107r2-treuil-de-deroulage-capacite-25-kn\/","title":{"rendered":"107R2<br>TREUIL DE D\u00c9ROULAGE<br><span class='subtitle-product'>Capacit\u00e9 25 kN<\/span>"},"content":{"rendered":"","protected":false},"excerpt":{"rendered":"<p>Treuil hydraulique de capacit\u00e9 25 kN pour le tirage de 1 c\u00e2blette dans les op\u00e9rations de d\u00e9roulage de conducteurs a\u00e9riens et pour la pose de c\u00e2bles souterrains.<\/p>\n","protected":false},"featured_media":430849,"template":"","meta":[],"product_cat":[355],"product_tag":[],"aioseo_notices":[],"_links":{"self":[{"href":"https:\/\/www.temaitaly.com\/fr\/wp-json\/wp\/v2\/product\/118359"}],"collection":[{"href":"https:\/\/www.temaitaly.com\/fr\/wp-json\/wp\/v2\/product"}],"about":[{"href":"https:\/\/www.temaitaly.com\/fr\/wp-json\/wp\/v2\/types\/product"}],"wp:featuredmedia":[{"embeddable":true,"href":"https:\/\/www.temaitaly.com\/fr\/wp-json\/wp\/v2\/media\/430849"}],"wp:attachment":[{"href":"https:\/\/www.temaitaly.com\/fr\/wp-json\/wp\/v2\/media?parent=118359"}],"wp:term":[{"taxonomy":"product_cat","embeddable":true,"href":"https:\/\/www.temaitaly.com\/fr\/wp-json\/wp\/v2\/product_cat?post=118359"},{"taxonomy":"product_tag","embeddable":true,"href":"https:\/\/www.temaitaly.com\/fr\/wp-json\/wp\/v2\/product_tag?post=118359"}],"curies":[{"name":"wp","href":"https:\/\/api.w.org\/{rel}","templated":true}]}}