{"id":118376,"date":"2023-07-17T11:01:56","date_gmt":"2023-09-01T07:40:25","guid":{"rendered":"https:\/\/www.temaitaly.com\/prodotto\/d107r2-treuil-digital-capacite-25kn\/"},"modified":"2025-07-18T01:01:42","modified_gmt":"2025-07-18T01:01:42","slug":"d107r2-treuil-digital-capacite-25kn","status":"publish","type":"product","link":"https:\/\/www.temaitaly.com\/fr\/prodotto\/d107r2-treuil-digital-capacite-25kn\/","title":{"rendered":"D107R2<br>TREUIL DIGITAL<br><span class='subtitle-product'>Capacit\u00e9 25kN<\/span>"},"content":{"rendered":"","protected":false},"excerpt":{"rendered":"<p>Treuil hydraulique digital de capacit\u00e9 25 kN pour le tirage de 1 c\u00e2blette dans les op\u00e9rations de d\u00e9roulage de conducteurs a\u00e9riens et pour la pose de c\u00e2bles souterrains.<\/p>\n","protected":false},"featured_media":430853,"template":"","meta":[],"product_cat":[355],"product_tag":[],"aioseo_notices":[],"_links":{"self":[{"href":"https:\/\/www.temaitaly.com\/fr\/wp-json\/wp\/v2\/product\/118376"}],"collection":[{"href":"https:\/\/www.temaitaly.com\/fr\/wp-json\/wp\/v2\/product"}],"about":[{"href":"https:\/\/www.temaitaly.com\/fr\/wp-json\/wp\/v2\/types\/product"}],"wp:featuredmedia":[{"embeddable":true,"href":"https:\/\/www.temaitaly.com\/fr\/wp-json\/wp\/v2\/media\/430853"}],"wp:attachment":[{"href":"https:\/\/www.temaitaly.com\/fr\/wp-json\/wp\/v2\/media?parent=118376"}],"wp:term":[{"taxonomy":"product_cat","embeddable":true,"href":"https:\/\/www.temaitaly.com\/fr\/wp-json\/wp\/v2\/product_cat?post=118376"},{"taxonomy":"product_tag","embeddable":true,"href":"https:\/\/www.temaitaly.com\/fr\/wp-json\/wp\/v2\/product_tag?post=118376"}],"curies":[{"name":"wp","href":"https:\/\/api.w.org\/{rel}","templated":true}]}}