{"id":118397,"date":"2023-07-17T11:02:09","date_gmt":"2023-09-01T07:40:38","guid":{"rendered":"https:\/\/www.temaitaly.com\/prodotto\/d107rs3-treuil-digital-avec-mouvement-autonome-capacite-35-kn\/"},"modified":"2025-11-25T10:34:43","modified_gmt":"2025-11-25T10:34:43","slug":"d107rs3-treuil-digital-avec-mouvement-autonome-capacite-35-kn","status":"publish","type":"product","link":"https:\/\/www.temaitaly.com\/fr\/prodotto\/d107rs3-treuil-digital-avec-mouvement-autonome-capacite-35-kn\/","title":{"rendered":"D107RS3<br>TREUIL DIGITAL AVEC MOUVEMENT AUTONOME<br><span class='subtitle-product'>Capacit\u00e9 35 kN<\/span>"},"content":{"rendered":"","protected":false},"excerpt":{"rendered":"<p>Treuil hydraulique digital de capacit\u00e9 35 kN avec mouvement autonome, pour le d\u00e9roulage de conducteurs a\u00e9riens et pour la pose de c\u00e2bles souterrains.<\/p>\n","protected":false},"featured_media":430857,"template":"","meta":[],"product_cat":[355,358,215],"product_tag":[],"aioseo_notices":[],"_links":{"self":[{"href":"https:\/\/www.temaitaly.com\/fr\/wp-json\/wp\/v2\/product\/118397"}],"collection":[{"href":"https:\/\/www.temaitaly.com\/fr\/wp-json\/wp\/v2\/product"}],"about":[{"href":"https:\/\/www.temaitaly.com\/fr\/wp-json\/wp\/v2\/types\/product"}],"wp:featuredmedia":[{"embeddable":true,"href":"https:\/\/www.temaitaly.com\/fr\/wp-json\/wp\/v2\/media\/430857"}],"wp:attachment":[{"href":"https:\/\/www.temaitaly.com\/fr\/wp-json\/wp\/v2\/media?parent=118397"}],"wp:term":[{"taxonomy":"product_cat","embeddable":true,"href":"https:\/\/www.temaitaly.com\/fr\/wp-json\/wp\/v2\/product_cat?post=118397"},{"taxonomy":"product_tag","embeddable":true,"href":"https:\/\/www.temaitaly.com\/fr\/wp-json\/wp\/v2\/product_tag?post=118397"}],"curies":[{"name":"wp","href":"https:\/\/api.w.org\/{rel}","templated":true}]}}