{"id":193612,"date":"2023-07-17T11:11:53","date_gmt":"2023-09-13T10:06:29","guid":{"rendered":"https:\/\/www.temaitaly.com\/prodotto\/040-ti-12-15-18-porte-tourets-hydraulique-avec-predisposition-pour-tete-hydraulique\/"},"modified":"2025-07-18T01:21:57","modified_gmt":"2025-07-18T01:21:57","slug":"040-ti-12-15-18-porte-tourets-hydraulique-avec-predisposition-pour-tete-hydraulique","status":"publish","type":"product","link":"https:\/\/www.temaitaly.com\/fr\/prodotto\/040-ti-12-15-18-porte-tourets-hydraulique-avec-predisposition-pour-tete-hydraulique\/","title":{"rendered":"040-TI-12-15-18<br>PORTE-BOBINES PR\u00c9PAR\u00c9S POUR LA T\u00caTE HYDRAULIQUE<br>"},"content":{"rendered":"","protected":false},"excerpt":{"rendered":"<p><a href=\"https:\/\/www.temaitaly.com\/fr\/prodotto\/040-ti-12-15-18-porte-tourets-hydraulique-avec-predisposition-pour-tete-hydraulique\/\" class=\"more\">Read more<\/a><\/p>\n","protected":false},"featured_media":291803,"template":"","meta":[],"product_cat":[363],"product_tag":[],"aioseo_notices":[],"_links":{"self":[{"href":"https:\/\/www.temaitaly.com\/fr\/wp-json\/wp\/v2\/product\/193612"}],"collection":[{"href":"https:\/\/www.temaitaly.com\/fr\/wp-json\/wp\/v2\/product"}],"about":[{"href":"https:\/\/www.temaitaly.com\/fr\/wp-json\/wp\/v2\/types\/product"}],"wp:featuredmedia":[{"embeddable":true,"href":"https:\/\/www.temaitaly.com\/fr\/wp-json\/wp\/v2\/media\/291803"}],"wp:attachment":[{"href":"https:\/\/www.temaitaly.com\/fr\/wp-json\/wp\/v2\/media?parent=193612"}],"wp:term":[{"taxonomy":"product_cat","embeddable":true,"href":"https:\/\/www.temaitaly.com\/fr\/wp-json\/wp\/v2\/product_cat?post=193612"},{"taxonomy":"product_tag","embeddable":true,"href":"https:\/\/www.temaitaly.com\/fr\/wp-json\/wp\/v2\/product_tag?post=193612"}],"curies":[{"name":"wp","href":"https:\/\/api.w.org\/{rel}","templated":true}]}}