{"id":195096,"date":"2023-07-17T11:20:12","date_gmt":"2023-09-13T16:16:50","guid":{"rendered":"https:\/\/www.temaitaly.com\/prodotto\/653-fune-cable-en-acier-galvanise-adapte-pour-treuil-manuel\/"},"modified":"2025-07-18T01:35:13","modified_gmt":"2025-07-18T01:35:13","slug":"653-fune-cable-en-acier-galvanise-adapte-pour-treuil-manuel","status":"publish","type":"product","link":"https:\/\/www.temaitaly.com\/fr\/prodotto\/653-fune-cable-en-acier-galvanise-adapte-pour-treuil-manuel\/","title":{"rendered":"653 FUNE<br>C\u00c2BLE EN ACIER GALVANIS\u00c9 ADAPT\u00c9 POUR TREUIL MANUEL<br>"},"content":{"rendered":"","protected":false},"excerpt":{"rendered":"<p><a href=\"https:\/\/www.temaitaly.com\/fr\/prodotto\/653-fune-cable-en-acier-galvanise-adapte-pour-treuil-manuel\/\" class=\"more\">Read more<\/a><\/p>\n","protected":false},"featured_media":422741,"template":"","meta":[],"product_cat":[368],"product_tag":[],"aioseo_notices":[],"_links":{"self":[{"href":"https:\/\/www.temaitaly.com\/fr\/wp-json\/wp\/v2\/product\/195096"}],"collection":[{"href":"https:\/\/www.temaitaly.com\/fr\/wp-json\/wp\/v2\/product"}],"about":[{"href":"https:\/\/www.temaitaly.com\/fr\/wp-json\/wp\/v2\/types\/product"}],"wp:featuredmedia":[{"embeddable":true,"href":"https:\/\/www.temaitaly.com\/fr\/wp-json\/wp\/v2\/media\/422741"}],"wp:attachment":[{"href":"https:\/\/www.temaitaly.com\/fr\/wp-json\/wp\/v2\/media?parent=195096"}],"wp:term":[{"taxonomy":"product_cat","embeddable":true,"href":"https:\/\/www.temaitaly.com\/fr\/wp-json\/wp\/v2\/product_cat?post=195096"},{"taxonomy":"product_tag","embeddable":true,"href":"https:\/\/www.temaitaly.com\/fr\/wp-json\/wp\/v2\/product_tag?post=195096"}],"curies":[{"name":"wp","href":"https:\/\/api.w.org\/{rel}","templated":true}]}}