{"id":46531,"date":"2023-07-17T11:02:40","date_gmt":"2023-08-31T14:04:28","guid":{"rendered":"https:\/\/www.temaitaly.com\/prodotto\/107s6-treuil-decomposable-capacite-70-kn\/"},"modified":"2025-11-25T10:36:14","modified_gmt":"2025-11-25T10:36:14","slug":"107s6-treuil-decomposable-capacite-70-kn","status":"publish","type":"product","link":"https:\/\/www.temaitaly.com\/fr\/prodotto\/107s6-treuil-decomposable-capacite-70-kn\/","title":{"rendered":"107S6<br>TREUIL D\u00c9COMPOSABLE<br><span class='subtitle-product'>Capacit\u00e9 70 kN<\/span>"},"content":{"rendered":"","protected":false},"excerpt":{"rendered":"<p>Treuil hydraulique d\u00e9composable de capacit\u00e9 70 kN pour op\u00e9rations de d\u00e9roulage de c\u00e2bles a\u00e9riennes, compos\u00e9 de 3 modules adapt\u00e9 au transport par h\u00e9licopt\u00e8re.  <\/p>\n","protected":false},"featured_media":430913,"template":"","meta":[],"product_cat":[355,358,215],"product_tag":[],"aioseo_notices":[],"_links":{"self":[{"href":"https:\/\/www.temaitaly.com\/fr\/wp-json\/wp\/v2\/product\/46531"}],"collection":[{"href":"https:\/\/www.temaitaly.com\/fr\/wp-json\/wp\/v2\/product"}],"about":[{"href":"https:\/\/www.temaitaly.com\/fr\/wp-json\/wp\/v2\/types\/product"}],"wp:featuredmedia":[{"embeddable":true,"href":"https:\/\/www.temaitaly.com\/fr\/wp-json\/wp\/v2\/media\/430913"}],"wp:attachment":[{"href":"https:\/\/www.temaitaly.com\/fr\/wp-json\/wp\/v2\/media?parent=46531"}],"wp:term":[{"taxonomy":"product_cat","embeddable":true,"href":"https:\/\/www.temaitaly.com\/fr\/wp-json\/wp\/v2\/product_cat?post=46531"},{"taxonomy":"product_tag","embeddable":true,"href":"https:\/\/www.temaitaly.com\/fr\/wp-json\/wp\/v2\/product_tag?post=46531"}],"curies":[{"name":"wp","href":"https:\/\/api.w.org\/{rel}","templated":true}]}}