{"id":46783,"date":"2023-07-17T11:02:56","date_gmt":"2023-08-31T14:04:53","guid":{"rendered":"https:\/\/www.temaitaly.com\/prodotto\/d107r10-treuil-digital-capacite-100-kn\/"},"modified":"2025-07-18T01:05:15","modified_gmt":"2025-07-18T01:05:15","slug":"d107r10-treuil-digital-capacite-100-kn","status":"publish","type":"product","link":"https:\/\/www.temaitaly.com\/fr\/prodotto\/d107r10-treuil-digital-capacite-100-kn\/","title":{"rendered":"D107R10<br>TREUIL DIGITAL<br><span class='subtitle-product'>Capacit\u00e9 100 kN<\/span>"},"content":{"rendered":"","protected":false},"excerpt":{"rendered":"<p>Treuil hydraulique digital de capacit\u00e9 100 kN pour le tirage de 1 c\u00e2blette dans les op\u00e9rations de d\u00e9roulage de conducteurs a\u00e9riens et pour la pose de c\u00e2bles souterrains.<\/p>\n","protected":false},"featured_media":430945,"template":"","meta":[],"product_cat":[355],"product_tag":[],"aioseo_notices":[],"_links":{"self":[{"href":"https:\/\/www.temaitaly.com\/fr\/wp-json\/wp\/v2\/product\/46783"}],"collection":[{"href":"https:\/\/www.temaitaly.com\/fr\/wp-json\/wp\/v2\/product"}],"about":[{"href":"https:\/\/www.temaitaly.com\/fr\/wp-json\/wp\/v2\/types\/product"}],"wp:featuredmedia":[{"embeddable":true,"href":"https:\/\/www.temaitaly.com\/fr\/wp-json\/wp\/v2\/media\/430945"}],"wp:attachment":[{"href":"https:\/\/www.temaitaly.com\/fr\/wp-json\/wp\/v2\/media?parent=46783"}],"wp:term":[{"taxonomy":"product_cat","embeddable":true,"href":"https:\/\/www.temaitaly.com\/fr\/wp-json\/wp\/v2\/product_cat?post=46783"},{"taxonomy":"product_tag","embeddable":true,"href":"https:\/\/www.temaitaly.com\/fr\/wp-json\/wp\/v2\/product_tag?post=46783"}],"curies":[{"name":"wp","href":"https:\/\/api.w.org\/{rel}","templated":true}]}}